{"id":4476,"date":"2025-07-08T12:28:26","date_gmt":"2025-07-08T12:28:26","guid":{"rendered":"https:\/\/buetech.pt\/?post_type=product&#038;p=4476"},"modified":"2025-07-08T12:29:12","modified_gmt":"2025-07-08T12:29:12","slug":"amazon-kindle-paperwhite-32gb-black-signature-edition-verde-jade-metalizado","status":"publish","type":"product","link":"https:\/\/buetech.pt\/?product=amazon-kindle-paperwhite-32gb-black-signature-edition-verde-jade-metalizado","title":{"rendered":"Amazon Kindle Paperwhite 32GB Black Signature Edition Verde Jade Metalizado"},"content":{"rendered":"<div class=\"sc-jGSXes kCgnpR\">Sobre o produto<\/div>\n<div id=\"description\" class=\"sc-kDpRKt cPMHeh\">\n<p>O nosso Kindle mais r\u00e1pido de todos os tempos: o\u00a0<strong>Kindle Paperwhite Signature Edition<\/strong>\u00a0de \u00faltima gera\u00e7\u00e3o apresenta uma\u00a0<strong>tela de 7&#8243;<\/strong>\u00a0com maior contraste de imagem e virada de p\u00e1gina 20% mais r\u00e1pida.<\/p>\n<h2>Caracter\u00edsticas<\/h2>\n<ul>\n<li><strong>Eleve a sua experi\u00eancia de leitura:<\/strong>\u00a0o Kindle Paperwhite Signature Edition possui luz frontal auto ajust\u00e1vel, carregamento sem fio e 32 GB de espa\u00e7o de armazenamento.<\/li>\n<li><strong>Ideal para viagens: o seu<\/strong>\u00a0design ultraleve possui uma tela antirreflexo ainda maior e o conte\u00fado da tela permanece n\u00edtido sob qualquer luz.<\/li>\n<li><strong>Refugie-se na leitura:<\/strong>\u00a0com o Kindle, n\u00e3o precisar\u00e1 lidar com distra\u00e7\u00f5es de redes sociais, notifica\u00e7\u00f5es ou outros aplicativos.<\/li>\n<li><strong>Adapta-se ao seu ambiente:<\/strong>\u00a0escurece automaticamente a luz frontal da tela entre luz branca e quente e l\u00ea tanto sob luz solar direta mais intensa quanto na escurid\u00e3o total.<\/li>\n<li><strong>Bateria suficiente para ler maratonas:<\/strong>\u00a0uma \u00fanica carga USB-C dura at\u00e9 12 semanas, e tamb\u00e9m pode carreg\u00e1-lo com a base de carregamento sem fio (vendida separadamente, em breve).<\/li>\n<li><strong>\u00c0 prova de \u00e1gua para n\u00e3o precisar se preocupar com nada:<\/strong>\u00a0leia na piscina, na banheira ou onde quiser.<\/li>\n<li><strong>Grande sele\u00e7\u00e3o:<\/strong>\u00a0obtenha acesso instant\u00e2neo a milh\u00f5es de t\u00edtulos na Kindle Store ou assine o Kindle Unlimited para desbloquear ainda mais conte\u00fado.<\/li>\n<\/ul>\n<h2>Kindle Paperwhite Signature Edition\u00a0Especifica\u00e7\u00f5es<\/h2>\n<ul>\n<li>Tela: Tela de 7&#8243; com tecnologia Amazon Paperwhite e luz frontal integrada, 300 dpi, tecnologia de fonte otimizada e escala de cinza de 16 tons<\/li>\n<li>Dimens\u00f5es 127,5 x 176,7 x 7,8 mm<\/li>\n<li>Peso 214g\u00a0<em>*O tamanho e o peso reais podem variar dependendo da configura\u00e7\u00e3o e do processo de fabrica\u00e7\u00e3o<\/em><\/li>\n<li>Requisitos do sistema: Nenhum. O dispositivo \u00e9 sem fio e n\u00e3o requer conex\u00e3o com um computador para fazer download.<\/li>\n<li>Capacidade do dispositivo: 32 GB, com espa\u00e7o para milhares de livros<\/li>\n<li>Armazenamento em nuvem: armazenamento em nuvem gratuito para todo o conte\u00fado da Amazon<\/li>\n<li>Vida \u00fatil da bateria: Com uma \u00fanica carga, a bateria pode durar at\u00e9 12 semanas, com base no h\u00e1bito de leitura de meia hora por dia com a conex\u00e3o sem fio desconectada e o brilho da luz definido para o n\u00edvel 13<\/li>\n<li>Tempo de carregamento: Carrega totalmente em menos de 2,5 horas conectado a um adaptador de alimenta\u00e7\u00e3o USB-C de 9 W<\/li>\n<li>Conectividade WiFi: Suporta redes de 2,4 GHz e 5,0 GHz com configura\u00e7\u00f5es de seguran\u00e7a WEP, WPA, WPA2, WPA3 e OWE que exigem autentica\u00e7\u00e3o por senha ou permitem o uso de WiFi Protected Setup (WPS). N\u00e3o \u00e9 compat\u00edvel com conex\u00f5es WiFi ad hoc (ou ponto a ponto)<\/li>\n<li>Recursos de acessibilidade: o Kindle Paperwhite tamb\u00e9m possui modo escuro e permite ajustar o tamanho e o tipo da fonte, o espa\u00e7amento entre linhas e as margens<\/li>\n<li>Formatos de conte\u00fado suportados: formato Kindle 8 (AZW3), Kindle (AZW), TXT, PDF, MOBI desprotegido, PRC nativamente; PDF, DOCX, DOC, HTML, EPUB, TXT, RTF, JPEG, GIF, PNG, BMP por convers\u00e3o<\/li>\n<li>Garantia e servi\u00e7o: O Kindle \u00e9 vendido com garantia limitada de um ano fornecida pelo fabricante. Esta garantia limitada \u00e9 complementar aos seus direitos como consumidor e n\u00e3o prejudica esses direitos. Isto significa que poder\u00e1 ter direitos adicionais sob a lei aplic\u00e1vel, mesmo ap\u00f3s a expira\u00e7\u00e3o da garantia limitada. [Obtenha mais informa\u00e7\u00f5es sobre os seus direitos como consumidor](https:\/\/www.amazon.es\/gp\/help\/customer\/display.html?nodeId=201310960)). O uso do Kindle est\u00e1 sujeito aos termos descritos aqui.<\/li>\n<li>Conte\u00fado da caixa: Kindle Paperwhite Signature Edition, cabo de carregamento USB-C e guia de in\u00edcio r\u00e1pido<\/li>\n<li>Resist\u00eancia \u00e0 \u00e1gua: Resist\u00eancia \u00e0 \u00e1gua (IPX8), resiste \u00e0 imers\u00e3o acidental em \u00e1gua doce a uma profundidade de 2 metros durante 60 minutos. Saiba mais sobre a resist\u00eancia \u00e0 \u00e1gua do Kindle Paperwhite<\/li>\n<li>Gera\u00e7\u00e3o: Kindle Paperwhite Signature Edition (12\u00aa gera\u00e7\u00e3o), modelo 2024<\/li>\n<\/ul>\n<\/div>\n","protected":false},"excerpt":{"rendered":"<p>Sobre o produto O nosso Kindle mais r\u00e1pido de todos os tempos: o\u00a0Kindle Paperwhite Signature Edition\u00a0de \u00faltima gera\u00e7\u00e3o apresenta uma\u00a0tela de 7&#8243;\u00a0com maior contraste de imagem e virada de p\u00e1gina 20% mais r\u00e1pida. Caracter\u00edsticas Eleve a sua experi\u00eancia de leitura:\u00a0o Kindle Paperwhite Signature Edition possui luz frontal auto ajust\u00e1vel, carregamento sem fio e 32 GB [&#8230;]\n","protected":false},"featured_media":4477,"comment_status":"open","ping_status":"closed","template":"","meta":{"om_disable_all_campaigns":false,"_monsterinsights_skip_tracking":false,"_monsterinsights_sitenote_active":false,"_monsterinsights_sitenote_note":"","_monsterinsights_sitenote_category":0,"_joinchat":[]},"product_brand":[480],"product_cat":[354],"product_tag":[],"class_list":{"0":"post-4476","1":"product","2":"type-product","3":"status-publish","4":"has-post-thumbnail","6":"product_brand-amazon","7":"product_cat-amazon","9":"first","10":"instock","11":"sale","12":"taxable","13":"shipping-taxable","14":"purchasable","15":"product-type-simple"},"aioseo_notices":[],"jetpack_sharing_enabled":true,"_links":{"self":[{"href":"https:\/\/buetech.pt\/index.php?rest_route=\/wp\/v2\/product\/4476","targetHints":{"allow":["GET"]}}],"collection":[{"href":"https:\/\/buetech.pt\/index.php?rest_route=\/wp\/v2\/product"}],"about":[{"href":"https:\/\/buetech.pt\/index.php?rest_route=\/wp\/v2\/types\/product"}],"replies":[{"embeddable":true,"href":"https:\/\/buetech.pt\/index.php?rest_route=%2Fwp%2Fv2%2Fcomments&post=4476"}],"wp:featuredmedia":[{"embeddable":true,"href":"https:\/\/buetech.pt\/index.php?rest_route=\/wp\/v2\/media\/4477"}],"wp:attachment":[{"href":"https:\/\/buetech.pt\/index.php?rest_route=%2Fwp%2Fv2%2Fmedia&parent=4476"}],"wp:term":[{"taxonomy":"product_brand","embeddable":true,"href":"https:\/\/buetech.pt\/index.php?rest_route=%2Fwp%2Fv2%2Fproduct_brand&post=4476"},{"taxonomy":"product_cat","embeddable":true,"href":"https:\/\/buetech.pt\/index.php?rest_route=%2Fwp%2Fv2%2Fproduct_cat&post=4476"},{"taxonomy":"product_tag","embeddable":true,"href":"https:\/\/buetech.pt\/index.php?rest_route=%2Fwp%2Fv2%2Fproduct_tag&post=4476"}],"curies":[{"name":"wp","href":"https:\/\/api.w.org\/{rel}","templated":true}]}}