{"id":4479,"date":"2025-07-08T13:05:39","date_gmt":"2025-07-08T13:05:39","guid":{"rendered":"https:\/\/buetech.pt\/?post_type=product&#038;p=4479"},"modified":"2025-07-08T13:05:39","modified_gmt":"2025-07-08T13:05:39","slug":"calculadora-cientifica-e-bloco-de-notas-green-lion","status":"publish","type":"product","link":"https:\/\/buetech.pt\/?product=calculadora-cientifica-e-bloco-de-notas-green-lion","title":{"rendered":"Calculadora cient\u00edfica e bloco de notas Green Lion"},"content":{"rendered":"<section class=\"o_colored_level pb0\"><span>Se voc\u00ea procura uma calculadora cient\u00edfica para resolver equa\u00e7\u00f5es matem\u00e1ticas complexas, comprar uma calculadora adequada \u00e9 essencial. Este dispositivo dobr\u00e1vel \u00e9 ideal para estudantes do ensino fundamental e m\u00e9dio, universit\u00e1rios e pesquisadores competentes. Possui 8 modos de c\u00e1lculo, como COMP, STAT e TABLE, com 417 tipos de fun\u00e7\u00f5es de c\u00e1lculo que aumentam a velocidade das suas a\u00e7\u00f5es com menos tentativas e erros. A bateria CR2032 desta calculadora pode ser carregada com energia solar. Ela tamb\u00e9m possui um bloco de notas que permite aos usu\u00e1rios fazer anota\u00e7\u00f5es durante os c\u00e1lculos. O visor de duas linhas desta calculadora cient\u00edfica exibe a entrada e o resultado simultaneamente, o que \u00e9 ideal para aplica\u00e7\u00f5es gerais de ci\u00eancias e matem\u00e1tica.<\/span><\/p>\n<p><b><span>computa\u00e7\u00e3o num\u00e9rica:<\/span><\/b><\/p>\n<p><span>As vantagens desta calculadora perfeita com 417 fun\u00e7\u00f5es est\u00e3o em fra\u00e7\u00f5es, estat\u00edsticas, regress\u00e3o linear, aritm\u00e9tica de base, ci\u00eancia da computa\u00e7\u00e3o, desvio padr\u00e3o, convers\u00f5es polar-retangulares, etc., o que d\u00e1 aos usu\u00e1rios a chance de aumentar sua efici\u00eancia e precis\u00e3o e economizar tempo, al\u00e9m de serem capazes de fazer equa\u00e7\u00f5es complicadas em alta velocidade.<\/span><\/p>\n<p><b><span>Bateria:<\/span><\/b><\/p>\n<p><span>A bateria CR2032 \u00e9 pequena e dur\u00e1vel, podendo ser usada em diversos dispositivos, incluindo placas-m\u00e3e de computador, rel\u00f3gios, calculadoras, abridores de portas de garagem, brinquedos, jogos, luzes de LED, etc., e pode ser carregada com energia solar. Esse tipo de bateria \u00e9 f\u00e1cil de encontrar e substituir quando necess\u00e1rio.<\/span><\/p>\n<p><b><span>Projeto:<\/span><\/b><\/p>\n<p><span>Esta calculadora confort\u00e1vel \u00e9 port\u00e1til e, gra\u00e7as ao seu bloco de notas pequeno e dobr\u00e1vel, voc\u00ea pode lev\u00e1-la para qualquer lugar. Esta minicalculadora vem com uma tela de 6,5 polegadas com at\u00e9 12 d\u00edgitos. Os dados s\u00e3o t\u00e3o claros e f\u00e1ceis de ler que voc\u00ea pode lev\u00e1-la na bolsa ou no bolso como um caderno, ideal para sala de aula, escrit\u00f3rio e tamb\u00e9m para uso dom\u00e9stico.<\/span><\/p>\n<p><b><span>Bloco de notas:<\/span><\/b><\/p>\n<p><span>Esta calculadora com bloco de notas e caneta permite que voc\u00ea escreva e anote o que quiser naquele momento, e com apenas um clique voc\u00ea pode apagar o texto. Com este dispositivo perfeito, voc\u00ea n\u00e3o precisa de cadernos.<\/span><\/p>\n<p><b><span>Conclus\u00e3o:<\/span><\/b><\/p>\n<p><span>Consequentemente, ao usar esta calculadora vers\u00e1til com bloco de notas e caneta, voc\u00ea elimina o descarte de produtos de papel e itens de papelaria de pl\u00e1stico, al\u00e9m de poder escrever livremente sem medo de erros de digita\u00e7\u00e3o. Uma pequena bateria de c\u00e9lula tipo moeda de l\u00edtio mant\u00e9m a energia armazenada por per\u00edodos prolongados sem necessidade de substitui\u00e7\u00e3o constante. Com seus c\u00e1lculos num\u00e9ricos vari\u00e1veis, ela\u00a0<\/span><span>permite que os usu\u00e1rios aprendam e encontrem essas fun\u00e7\u00f5es para realizar c\u00e1lculos\u00a0<\/span><span>. Os visores de duas linhas desta calculadora cient\u00edfica permitem visualizar a f\u00f3rmula e o resultado simultaneamente. A linha superior mostra a f\u00f3rmula do c\u00e1lculo e a linha inferior mostra o resultado. Esta calculadora cient\u00edfica de alta qualidade \u00e9 uma escolha inteligente para quem busca melhorar sua efici\u00eancia na resolu\u00e7\u00e3o de problemas com diferentes equa\u00e7\u00f5es e f\u00f3rmulas matem\u00e1ticas.<\/span><\/p>\n<\/section>\n<section class=\"o_colored_level pb0\">\n<h2 id=\"table_of_content_heading_1697713735927_411\" data-anchor=\"true\"><span class=\"text-o-color-1\"><span>Caracter\u00edsticas<\/span><\/span><\/h2>\n<ul>\n<li><strong><span>8 modos de c\u00e1lculo e 417 c\u00e1lculos<\/span><\/strong><\/li>\n<li><strong><span>Energia: Bateria CR2032\/ Energia Solar<\/span><\/strong><\/li>\n<li><strong><span>Apagar com 1 toque<\/span><\/strong><\/li>\n<li><strong><span>Visor de 2 linhas<\/span><\/strong><\/li>\n<li><strong><span>Caneta inclu\u00edda<\/span><\/strong><\/li>\n<li><strong><span>Bloco de notas<\/span><\/strong><\/li>\n<\/ul>\n<p><img decoding=\"async\" class=\"img img-fluid o_we_custom_image\" src=\"https:\/\/www.greenlion.net\/web\/image\/165753-c001f026\/Green-Lion-Scientific-Calculator-%26-Writing-Pad---Black.jpg?access_token=8be982aa-d805-4c0e-9c87-d39d514bc80e\" alt=\"\" \/><\/p>\n<\/section>\n","protected":false},"excerpt":{"rendered":"<p>Se voc\u00ea procura uma calculadora cient\u00edfica para resolver equa\u00e7\u00f5es matem\u00e1ticas complexas, comprar uma calculadora adequada \u00e9 essencial. Este dispositivo dobr\u00e1vel \u00e9 ideal para estudantes do ensino fundamental e m\u00e9dio, universit\u00e1rios e pesquisadores competentes. Possui 8 modos de c\u00e1lculo, como COMP, STAT e TABLE, com 417 tipos de fun\u00e7\u00f5es de c\u00e1lculo que aumentam a velocidade das [&#8230;]\n","protected":false},"featured_media":4482,"comment_status":"open","ping_status":"closed","template":"","meta":{"om_disable_all_campaigns":false,"_monsterinsights_skip_tracking":false,"_monsterinsights_sitenote_active":false,"_monsterinsights_sitenote_note":"","_monsterinsights_sitenote_category":0,"_joinchat":[]},"product_brand":[481],"product_cat":[482],"product_tag":[],"class_list":{"0":"post-4479","1":"product","2":"type-product","3":"status-publish","4":"has-post-thumbnail","6":"product_brand-green-lion","7":"product_cat-escritorio-e-papelaria","9":"first","10":"instock","11":"taxable","12":"shipping-taxable","13":"purchasable","14":"product-type-simple"},"aioseo_notices":[],"jetpack_sharing_enabled":true,"_links":{"self":[{"href":"https:\/\/buetech.pt\/index.php?rest_route=\/wp\/v2\/product\/4479","targetHints":{"allow":["GET"]}}],"collection":[{"href":"https:\/\/buetech.pt\/index.php?rest_route=\/wp\/v2\/product"}],"about":[{"href":"https:\/\/buetech.pt\/index.php?rest_route=\/wp\/v2\/types\/product"}],"replies":[{"embeddable":true,"href":"https:\/\/buetech.pt\/index.php?rest_route=%2Fwp%2Fv2%2Fcomments&post=4479"}],"wp:featuredmedia":[{"embeddable":true,"href":"https:\/\/buetech.pt\/index.php?rest_route=\/wp\/v2\/media\/4482"}],"wp:attachment":[{"href":"https:\/\/buetech.pt\/index.php?rest_route=%2Fwp%2Fv2%2Fmedia&parent=4479"}],"wp:term":[{"taxonomy":"product_brand","embeddable":true,"href":"https:\/\/buetech.pt\/index.php?rest_route=%2Fwp%2Fv2%2Fproduct_brand&post=4479"},{"taxonomy":"product_cat","embeddable":true,"href":"https:\/\/buetech.pt\/index.php?rest_route=%2Fwp%2Fv2%2Fproduct_cat&post=4479"},{"taxonomy":"product_tag","embeddable":true,"href":"https:\/\/buetech.pt\/index.php?rest_route=%2Fwp%2Fv2%2Fproduct_tag&post=4479"}],"curies":[{"name":"wp","href":"https:\/\/api.w.org\/{rel}","templated":true}]}}