{"id":4500,"date":"2025-07-08T14:03:23","date_gmt":"2025-07-08T14:03:23","guid":{"rendered":"https:\/\/buetech.pt\/?post_type=product&#038;p=4500"},"modified":"2025-07-08T14:09:08","modified_gmt":"2025-07-08T14:09:08","slug":"gimbal-estabilizador-yesido-sf21-rastreamento-automatico","status":"publish","type":"product","link":"https:\/\/buetech.pt\/?product=gimbal-estabilizador-yesido-sf21-rastreamento-automatico","title":{"rendered":"Gimbal Estabilizador Yesido SF21 Rastreamento Autom\u00e1tico"},"content":{"rendered":"<div class=\"description\">\n<h5 class=\"system-title\">Yesido SF21 Rastreamento Autom\u00e1tico de 3 Eixos Auto Face Sporter Smartphone Sporter Gimbal Estabilizador com Suporte para Trip\u00e9<\/h5>\n<div class=\"system-intro\"><\/div>\n<div class=\"system-description\">\n<ul>\n<li>F\u00e1cil de transportar: \u00e9 dobr\u00e1vel e port\u00e1til, conveniente para armazenamento e transporte para fotografia ao ar livre<\/li>\n<li>Ligado e pronto para uso: Esteja o telefone colocado ou n\u00e3o, ele \u00e9 est\u00e1vel. Voc\u00ea pode retir\u00e1-lo e coloc\u00e1-lo a qualquer momento e pode retirar o telefone sem deslig\u00e1-lo. n\u00e3o h\u00e1 necessidade de ajustar o equil\u00edbrio, basta lig\u00e1-lo e us\u00e1-lo<\/li>\n<li>Design recarreg\u00e1vel: voc\u00ea pode carreg\u00e1-lo com um banco de energia, suportar carregamento durante o uso<\/li>\n<li>Interruptor de disparo horizontal e vertical com um toque: um toque para alterar o \u00e2ngulo de disparo<\/li>\n<li>Indicador luminoso: com indicador bluetooth e display de energia, \u00e9 muito f\u00e1cil de operar<\/li>\n<li>Uso vers\u00e1til: furo roscado de 1\/4 integrado, pode ser conectado a hastes de extens\u00e3o, trip\u00e9s e outros equipamentos<\/li>\n<li>Rastreamento facial: o m\u00f3dulo de rastreamento AI suporta rastreamento facial (n\u00e3o \u00e9 necess\u00e1rio aplicativo)<\/li>\n<li>Luz de preenchimento de brilho ajust\u00e1vel: A luz de preenchimento integrada suporta 9 n\u00edveis de ajuste de brilho<\/li>\n<li>Controle remoto por gestos: suporta reconhecimento de gestos para ligar\/desligar a luz de preenchimento e ajustar o brilho, suportar rastreamento facial, ativar\/desativar rastreamento facial<\/li>\n<\/ul>\n<p><strong>Especifica\u00e7\u00e3o:<\/strong><\/p>\n<ul>\n<li>Material: PA6+GF+UV<\/li>\n<li>Corrente de entrada\/sa\u00edda: 2a<\/li>\n<li>Tens\u00e3o de entrada\/sa\u00edda: 5V<\/li>\n<li>\u00c2ngulo do eixo de passo: 160\u00b0<\/li>\n<li>\u00e2ngulo do eixo de rota\u00e7\u00e3o: 325\u00b0<\/li>\n<li>\u00c2ngulo do eixo de guinada: 340\u00b0<\/li>\n<li>Capacidade da bateria: 2550mAh<\/li>\n<li>Tempo de carregamento: 1,5h<\/li>\n<li>Tempo de trabalho: 5h<\/li>\n<li>Aplica\u00e7\u00e3o: Gimbal Pro<\/li>\n<li>Fun\u00e7\u00f5es principais: recarreg\u00e1vel, suporte para lente de telefone ultra grande angular, indicador luminoso e display de energia<\/li>\n<\/ul>\n<\/div>\n<\/div>\n<div>\n<h3 class=\"font-bold pb-8px\">Inclu\u00eddo no Pacote:<\/h3>\n<ul class=\"list-disc pl-20px\">\n<li>1 x corpo principal 1 x m\u00f3dulo AI 1 x cabo de carregamento 1 x al\u00e7a 1 x trip\u00e9 1 x manual do usu\u00e1rio em ingl\u00eas Outras coisas n\u00e3o inclu\u00eddas<\/li>\n<\/ul>\n<\/div>\n","protected":false},"excerpt":{"rendered":"<p>Yesido SF21 Rastreamento Autom\u00e1tico de 3 Eixos Auto Face Sporter Smartphone Sporter Gimbal Estabilizador com Suporte para Trip\u00e9 F\u00e1cil de transportar: \u00e9 dobr\u00e1vel e port\u00e1til, conveniente para armazenamento e transporte para fotografia ao ar livre Ligado e pronto para uso: Esteja o telefone colocado ou n\u00e3o, ele \u00e9 est\u00e1vel. Voc\u00ea pode retir\u00e1-lo e coloc\u00e1-lo a [&#8230;]\n","protected":false},"featured_media":4516,"comment_status":"open","ping_status":"closed","template":"","meta":{"om_disable_all_campaigns":false,"_monsterinsights_skip_tracking":false,"_monsterinsights_sitenote_active":false,"_monsterinsights_sitenote_note":"","_monsterinsights_sitenote_category":0,"_joinchat":[]},"product_brand":[486],"product_cat":[485],"product_tag":[],"class_list":{"0":"post-4500","1":"product","2":"type-product","3":"status-publish","4":"has-post-thumbnail","6":"product_brand-yesido","7":"product_cat-gimbal-fotografia-e-video","9":"first","10":"instock","11":"sale","12":"taxable","13":"shipping-taxable","14":"purchasable","15":"product-type-simple"},"aioseo_notices":[],"jetpack_sharing_enabled":true,"_links":{"self":[{"href":"https:\/\/buetech.pt\/index.php?rest_route=\/wp\/v2\/product\/4500","targetHints":{"allow":["GET"]}}],"collection":[{"href":"https:\/\/buetech.pt\/index.php?rest_route=\/wp\/v2\/product"}],"about":[{"href":"https:\/\/buetech.pt\/index.php?rest_route=\/wp\/v2\/types\/product"}],"replies":[{"embeddable":true,"href":"https:\/\/buetech.pt\/index.php?rest_route=%2Fwp%2Fv2%2Fcomments&post=4500"}],"wp:featuredmedia":[{"embeddable":true,"href":"https:\/\/buetech.pt\/index.php?rest_route=\/wp\/v2\/media\/4516"}],"wp:attachment":[{"href":"https:\/\/buetech.pt\/index.php?rest_route=%2Fwp%2Fv2%2Fmedia&parent=4500"}],"wp:term":[{"taxonomy":"product_brand","embeddable":true,"href":"https:\/\/buetech.pt\/index.php?rest_route=%2Fwp%2Fv2%2Fproduct_brand&post=4500"},{"taxonomy":"product_cat","embeddable":true,"href":"https:\/\/buetech.pt\/index.php?rest_route=%2Fwp%2Fv2%2Fproduct_cat&post=4500"},{"taxonomy":"product_tag","embeddable":true,"href":"https:\/\/buetech.pt\/index.php?rest_route=%2Fwp%2Fv2%2Fproduct_tag&post=4500"}],"curies":[{"name":"wp","href":"https:\/\/api.w.org\/{rel}","templated":true}]}}