{"id":4563,"date":"2025-07-08T21:24:44","date_gmt":"2025-07-08T21:24:44","guid":{"rendered":"https:\/\/buetech.pt\/?post_type=product&#038;p=4563"},"modified":"2025-07-08T21:24:44","modified_gmt":"2025-07-08T21:24:44","slug":"tripe-extensivel-para-selfies-green-lion-preto","status":"publish","type":"product","link":"https:\/\/buetech.pt\/?product=tripe-extensivel-para-selfies-green-lion-preto","title":{"rendered":"Trip\u00e9 extens\u00edvel para selfies Green Lion &#8211; Preto"},"content":{"rendered":"<section class=\"pb16 o_colored_level\"><span class=\"text-black\"><span>Com o Trip\u00e9 Extens\u00edvel para Selfie Stick da Green Lion, capture cada momento com um acess\u00f3rio que prioriza versatilidade e praticidade. A durabilidade \u00e9 garantida pela fabrica\u00e7\u00e3o deste trip\u00e9 em ABS e liga de alum\u00ednio, tornando-o leve e robusto. Ele se adapta a uma ampla gama de dispositivos com sua faixa de fixa\u00e7\u00e3o de 96 a 65 mm. O comprimento pode ser estendido at\u00e9 2061 mm, permitindo fotos em grande angular ou em grupo. O recurso de rota\u00e7\u00e3o de 360\u00b0 permite fotografar com \u00e2ngulos din\u00e2micos e criativos, enquanto o design est\u00e1vel do trip\u00e9 garante uma foto est\u00e1vel em todas as ocasi\u00f5es. Ele cont\u00e9m um controle remoto para capturar fotos rapidamente \u00e0 dist\u00e2ncia e uma al\u00e7a de equil\u00edbrio que aumenta o conforto durante o uso. Seja para vlogs, selfies ou v\u00eddeos com qualidade profissional, este trip\u00e9 multifuncional para selfies ajuda a capturar qualquer coisa perfeitamente.<\/span><\/span><\/p>\n<\/section>\n<section class=\"o_colored_level pb0\">\n<h2 id=\"table_of_content_heading_1681747728173_271\" data-anchor=\"true\"><span class=\"text-o-color-1 o_default_snippet_text\"><span>Especifica\u00e7\u00e3o<\/span><\/span><\/h2>\n<ul>\n<li><strong><span>Material principal: ABS + liga de alum\u00ednio<\/span><\/strong><\/li>\n<li><strong><span>Faixa de fixa\u00e7\u00e3o: 96-65 mm<\/span><\/strong><\/li>\n<li><strong><span>Comprimento dobrado: 412 mm<\/span><\/strong><\/li>\n<li><strong><span>Comprimento estendido: 2061 mm<\/span><\/strong><\/li>\n<li><strong><span>Bateria: CR2032 (substitu\u00edvel)<\/span><\/strong><\/li>\n<\/ul>\n<h2 id=\"table_of_content_heading_1681747728173_272\" data-anchor=\"true\"><span class=\"text-o-color-1 o_default_snippet_text\"><span>Caracter\u00edsticas<\/span><\/span><\/h2>\n<ul>\n<li><strong><span>Al\u00e7a de equil\u00edbrio<\/span><\/strong><\/li>\n<li><strong><span>Trip\u00e9 Est\u00e1vel<\/span><\/strong><\/li>\n<li><strong><span>Extens\u00edvel<\/span><\/strong><\/li>\n<li><strong><span>Controle remoto<\/span><\/strong><\/li>\n<li><strong><span>Ajust\u00e1vel<\/span><\/strong><\/li>\n<li><strong><span>Multifuncional<\/span><\/strong><\/li>\n<li><strong><span>Rota\u00e7\u00e3o de 360\u00b0<\/span><\/strong><\/li>\n<li><strong><span>Interface de 1\/4&#8243;<\/span><\/strong><\/li>\n<li><strong><span>+2 metros de comprimento estendido<\/span><\/strong><\/li>\n<\/ul>\n<p><img decoding=\"async\" class=\"img img-fluid o_we_custom_image\" title=\"Trip\u00e9 extens\u00edvel para bast\u00e3o de selfie Green Lion\" src=\"https:\/\/www.greenlion.net\/web\/image\/310866-562a6f09\/Green%20Lion%20Extendable%20Selfie%20Stick%20Tripod%20-%20Black%20%282%29.webp?access_token=b88a7b81-44ec-4974-aea8-f2eafee806fe\" alt=\"Trip\u00e9 extens\u00edvel para bast\u00e3o de selfie\" data-mimetype=\"image\/webp\" data-original-id=\"310749\" data-original-src=\"\/web\/image\/310749-562a6f09\/Green%20Lion%20Extendable%20Selfie%20Stick%20Tripod%20-%20Black%20%282%29.webp\" data-mimetype-before-conversion=\"image\/webp\" data-quality=\"100\" \/><\/p>\n<\/section>\n","protected":false},"excerpt":{"rendered":"<p>Com o Trip\u00e9 Extens\u00edvel para Selfie Stick da Green Lion, capture cada momento com um acess\u00f3rio que prioriza versatilidade e praticidade. A durabilidade \u00e9 garantida pela fabrica\u00e7\u00e3o deste trip\u00e9 em ABS e liga de alum\u00ednio, tornando-o leve e robusto. Ele se adapta a uma ampla gama de dispositivos com sua faixa de fixa\u00e7\u00e3o de 96 [&#8230;]\n","protected":false},"featured_media":4565,"comment_status":"open","ping_status":"closed","template":"","meta":{"om_disable_all_campaigns":false,"_monsterinsights_skip_tracking":false,"_monsterinsights_sitenote_active":false,"_monsterinsights_sitenote_note":"","_monsterinsights_sitenote_category":0,"_joinchat":[]},"product_brand":[481],"product_cat":[488],"product_tag":[],"class_list":{"0":"post-4563","1":"product","2":"type-product","3":"status-publish","4":"has-post-thumbnail","6":"product_brand-green-lion","7":"product_cat-tripes","9":"first","10":"instock","11":"taxable","12":"shipping-taxable","13":"purchasable","14":"product-type-simple"},"aioseo_notices":[],"jetpack_sharing_enabled":true,"_links":{"self":[{"href":"https:\/\/buetech.pt\/index.php?rest_route=\/wp\/v2\/product\/4563","targetHints":{"allow":["GET"]}}],"collection":[{"href":"https:\/\/buetech.pt\/index.php?rest_route=\/wp\/v2\/product"}],"about":[{"href":"https:\/\/buetech.pt\/index.php?rest_route=\/wp\/v2\/types\/product"}],"replies":[{"embeddable":true,"href":"https:\/\/buetech.pt\/index.php?rest_route=%2Fwp%2Fv2%2Fcomments&post=4563"}],"wp:featuredmedia":[{"embeddable":true,"href":"https:\/\/buetech.pt\/index.php?rest_route=\/wp\/v2\/media\/4565"}],"wp:attachment":[{"href":"https:\/\/buetech.pt\/index.php?rest_route=%2Fwp%2Fv2%2Fmedia&parent=4563"}],"wp:term":[{"taxonomy":"product_brand","embeddable":true,"href":"https:\/\/buetech.pt\/index.php?rest_route=%2Fwp%2Fv2%2Fproduct_brand&post=4563"},{"taxonomy":"product_cat","embeddable":true,"href":"https:\/\/buetech.pt\/index.php?rest_route=%2Fwp%2Fv2%2Fproduct_cat&post=4563"},{"taxonomy":"product_tag","embeddable":true,"href":"https:\/\/buetech.pt\/index.php?rest_route=%2Fwp%2Fv2%2Fproduct_tag&post=4563"}],"curies":[{"name":"wp","href":"https:\/\/api.w.org\/{rel}","templated":true}]}}