{"id":4572,"date":"2025-07-08T22:02:39","date_gmt":"2025-07-08T22:02:39","guid":{"rendered":"https:\/\/buetech.pt\/?post_type=product&#038;p=4572"},"modified":"2025-07-08T22:02:40","modified_gmt":"2025-07-08T22:02:40","slug":"auriculares-bluetooth-green-lion-2a-geracao-pro-2-branco","status":"publish","type":"product","link":"https:\/\/buetech.pt\/?product=auriculares-bluetooth-green-lion-2a-geracao-pro-2-branco","title":{"rendered":"Auriculares Bluetooth Green Lion 2\u00aa gera\u00e7\u00e3o Pro 2 &#8211; Branco"},"content":{"rendered":"<section class=\"pb16 o_colored_level\"><span class=\"text-black\"><span>Os fones de ouvido Green Lion 2\u00aa gera\u00e7\u00e3o Pro2 re\u00fanem novas tecnologias e um design mais amig\u00e1vel para uma \u00f3tima experi\u00eancia de \u00e1udio. Equipados com Bluetooth V5.3, os fones de ouvido permitem um emparelhamento f\u00e1cil e oferecem um alcance incr\u00edvel de 25 m para que voc\u00ea permane\u00e7a conectado onde quer que v\u00e1. Os fones de ouvido oferecem 5 horas de reprodu\u00e7\u00e3o com uma \u00fanica carga, estendendo-se ainda mais para 20 horas com o estojo compacto que mant\u00e9m suas m\u00fasicas e chamadas funcionando. Os fones de ouvido suportam a tecnologia ENC TWS, reproduzindo assim uma qualidade de som cristalina ao filtrar ru\u00eddos ambientes, o que \u00e9 perfeito durante chamadas e audi\u00e7\u00e3o imersiva. Os controles de toque s\u00e3o facilmente navegados durante a reprodu\u00e7\u00e3o e a chamada com um formato leve e ajuste confort\u00e1vel devido \u00e0s pontas auriculares de silicone (XS, P, M, G). Outros produtos importantes inclu\u00eddos nesta caixa s\u00e3o o cabo USB A para USB-C e um cord\u00e3o para amarrar, adicionando conveni\u00eancia \u00e0 rotina di\u00e1ria. Os fones de ouvido Green Lion 2\u00aa gera\u00e7\u00e3o Pro2 s\u00e3o os companheiros perfeitos para um estilo de vida em movimento.<\/span><\/span><\/p>\n<\/section>\n<section class=\"o_colored_level pb0\">\n<h2 id=\"table_of_content_heading_1681747728173_271\" data-anchor=\"true\"><span class=\"text-o-color-1 o_default_snippet_text\"><span>Especifica\u00e7\u00e3o<\/span><\/span><\/h2>\n<ul>\n<li><strong><span>Conectividade: Bluetooth V5.3<\/span><\/strong><\/li>\n<li><strong><span>Alcance do Bluetooth: 25 m<\/span><\/strong><\/li>\n<li><strong><span>Porta de carregamento: Tipo C<\/span><\/strong><\/li>\n<li><strong><span>Bateria dos fones de ouvido: at\u00e9 5 horas<\/span><\/strong><\/li>\n<li><strong><span>Estojo de carregamento: at\u00e9 20 horas<\/span><\/strong><\/li>\n<li><strong><span>Na caixa: al\u00e7a de cord\u00e3o, pontas auriculares de silicone (quatro tamanhos: PP, P, M, G), cabo USB-A para USB-C<\/span><\/strong><\/li>\n<\/ul>\n<h2 id=\"table_of_content_heading_1681747728173_272\" data-anchor=\"true\"><span class=\"text-o-color-1\"><span>Caracter\u00edsticas<\/span><\/span><\/h2>\n<ul>\n<li><strong><span>ENC TWS<\/span><\/strong><\/li>\n<li><strong><span>Controle de toque<\/span><\/strong><\/li>\n<li><strong><span>Confort\u00e1vel de usar<\/span><\/strong><\/li>\n<\/ul>\n<p><img decoding=\"async\" class=\"img img-fluid o_we_custom_image\" title=\"Fones de ouvido Green Lion 2\u00aa gera\u00e7\u00e3o Pro 2 - Branco\" src=\"https:\/\/www.greenlion.net\/web\/image\/358381-5ed9409e\/Green%20Lion%202nd%20Gen%20Earbuds%20Pro%202%20-%20White%20%282%29.webp?access_token=2534315a-143b-405d-8476-dc2af21c3df5\" alt=\"Fones de ouvido Pro 2 de 2\u00aa gera\u00e7\u00e3o - Branco\" data-mimetype=\"image\/webp\" data-original-id=\"358379\" data-original-src=\"\/web\/image\/358379-5ed9409e\/Green%20Lion%202nd%20Gen%20Earbuds%20Pro%202%20-%20White%20%282%29.webp\" data-mimetype-before-conversion=\"image\/webp\" data-quality=\"100\" \/><\/p>\n<\/section>\n","protected":false},"excerpt":{"rendered":"<p>Os fones de ouvido Green Lion 2\u00aa gera\u00e7\u00e3o Pro2 re\u00fanem novas tecnologias e um design mais amig\u00e1vel para uma \u00f3tima experi\u00eancia de \u00e1udio. Equipados com Bluetooth V5.3, os fones de ouvido permitem um emparelhamento f\u00e1cil e oferecem um alcance incr\u00edvel de 25 m para que voc\u00ea permane\u00e7a conectado onde quer que v\u00e1. Os fones de [&#8230;]\n","protected":false},"featured_media":4578,"comment_status":"open","ping_status":"closed","template":"","meta":{"om_disable_all_campaigns":false,"_monsterinsights_skip_tracking":false,"_monsterinsights_sitenote_active":false,"_monsterinsights_sitenote_note":"","_monsterinsights_sitenote_category":0,"_joinchat":[]},"product_brand":[481],"product_cat":[132],"product_tag":[],"class_list":{"0":"post-4572","1":"product","2":"type-product","3":"status-publish","4":"has-post-thumbnail","6":"product_brand-green-lion","7":"product_cat-auriculares-auscultadores","9":"first","10":"instock","11":"taxable","12":"shipping-taxable","13":"purchasable","14":"product-type-simple"},"aioseo_notices":[],"jetpack_sharing_enabled":true,"_links":{"self":[{"href":"https:\/\/buetech.pt\/index.php?rest_route=\/wp\/v2\/product\/4572","targetHints":{"allow":["GET"]}}],"collection":[{"href":"https:\/\/buetech.pt\/index.php?rest_route=\/wp\/v2\/product"}],"about":[{"href":"https:\/\/buetech.pt\/index.php?rest_route=\/wp\/v2\/types\/product"}],"replies":[{"embeddable":true,"href":"https:\/\/buetech.pt\/index.php?rest_route=%2Fwp%2Fv2%2Fcomments&post=4572"}],"wp:featuredmedia":[{"embeddable":true,"href":"https:\/\/buetech.pt\/index.php?rest_route=\/wp\/v2\/media\/4578"}],"wp:attachment":[{"href":"https:\/\/buetech.pt\/index.php?rest_route=%2Fwp%2Fv2%2Fmedia&parent=4572"}],"wp:term":[{"taxonomy":"product_brand","embeddable":true,"href":"https:\/\/buetech.pt\/index.php?rest_route=%2Fwp%2Fv2%2Fproduct_brand&post=4572"},{"taxonomy":"product_cat","embeddable":true,"href":"https:\/\/buetech.pt\/index.php?rest_route=%2Fwp%2Fv2%2Fproduct_cat&post=4572"},{"taxonomy":"product_tag","embeddable":true,"href":"https:\/\/buetech.pt\/index.php?rest_route=%2Fwp%2Fv2%2Fproduct_tag&post=4572"}],"curies":[{"name":"wp","href":"https:\/\/api.w.org\/{rel}","templated":true}]}}