{"id":4588,"date":"2025-07-08T23:28:29","date_gmt":"2025-07-08T23:28:29","guid":{"rendered":"https:\/\/buetech.pt\/?post_type=product&#038;p=4588"},"modified":"2025-07-08T23:28:30","modified_gmt":"2025-07-08T23:28:30","slug":"capa-protetora-para-camera-nillkin-camshield-pro-para-oneplus-13","status":"publish","type":"product","link":"https:\/\/buetech.pt\/?product=capa-protetora-para-camera-nillkin-camshield-pro-para-oneplus-13","title":{"rendered":"Capa protetora para c\u00e2mera Nillkin CamShield Pro para Oneplus 13"},"content":{"rendered":"<p><strong><span>A capa protetora de c\u00e2mera Nillkin CamShield Pro para Oneplus 13<\/span><\/strong><\/p>\n<p><span>CamShield Pro combina elementos cl\u00e1ssicos, modernos e de prote\u00e7\u00e3o. A capa deslizante protege a c\u00e2mera do telefone contra arranh\u00f5es e protege sua privacidade. Feita de PC e TPU ecologicamente corretos, que s\u00e3o resistentes e resistentes ao desgaste. Processado com tecnologia avan\u00e7ada. Boa sensa\u00e7\u00e3o ao toque. Anti-impress\u00e3o digital e manchas de \u00f3leo. Moldagem em uma \u00fanica pe\u00e7a, adapta-se perfeitamente ao seu dispositivo. Oferece prote\u00e7\u00e3o confi\u00e1vel. Airbags resistentes a impactos nos quatro cantos. Cobertura completa.<\/span><\/p>\n<p><center><\/p>\n<div class=\" image-additional img-thumbnail-transparent photobox\"><a href=\"https:\/\/nillkin.org\/image\/data\/lenta\/18351\/1001_01.jpg\"><img decoding=\"async\" class=\"loadimg\" src=\"https:\/\/nillkin.org\/image\/data\/lenta\/18351\/1001_01.jpg\" alt=\"Capa protetora para c\u00e2mera Nillkin CamShield Pro para Oneplus 13\" width=\"auto\" height=\"100%\" \/><\/a><\/div>\n<div class=\" image-additional img-thumbnail-transparent photobox\"><a href=\"https:\/\/nillkin.org\/image\/data\/lenta\/18351\/1001_02.jpg\"><img decoding=\"async\" class=\"loadimg\" src=\"https:\/\/nillkin.org\/image\/data\/lenta\/18351\/1001_02.jpg\" alt=\"Capa protetora para c\u00e2mera Nillkin CamShield Pro para Oneplus 13\" width=\"auto\" height=\"100%\" \/><\/a><\/div>\n<div class=\" image-additional img-thumbnail-transparent photobox\"><a href=\"https:\/\/nillkin.org\/image\/data\/lenta\/18351\/1001_03.jpg\"><img decoding=\"async\" class=\"loadimg\" src=\"https:\/\/nillkin.org\/image\/data\/lenta\/18351\/1001_03.jpg\" alt=\"Capa protetora para c\u00e2mera Nillkin CamShield Pro para Oneplus 13\" width=\"auto\" height=\"100%\" \/><\/a><\/div>\n<div class=\" image-additional img-thumbnail-transparent photobox\"><a href=\"https:\/\/nillkin.org\/image\/data\/lenta\/18351\/1001_04.jpg\"><img decoding=\"async\" class=\"loadimg\" src=\"https:\/\/nillkin.org\/image\/data\/lenta\/18351\/1001_04.jpg\" alt=\"Capa protetora para c\u00e2mera Nillkin CamShield Pro para Oneplus 13\" width=\"auto\" height=\"100%\" \/><\/a><\/div>\n<div class=\" image-additional img-thumbnail-transparent photobox\"><a href=\"https:\/\/nillkin.org\/image\/data\/lenta\/18351\/1001_05.jpg\"><img decoding=\"async\" class=\"loadimg\" src=\"https:\/\/nillkin.org\/image\/data\/lenta\/18351\/1001_05.jpg\" alt=\"Capa protetora para c\u00e2mera Nillkin CamShield Pro para Oneplus 13\" width=\"auto\" height=\"100%\" \/><\/a><\/div>\n<div class=\" image-additional img-thumbnail-transparent photobox\"><a href=\"https:\/\/nillkin.org\/image\/data\/lenta\/18351\/1001_06.jpg\"><img decoding=\"async\" class=\"loadimg\" src=\"https:\/\/nillkin.org\/image\/data\/lenta\/18351\/1001_06.jpg\" alt=\"Capa protetora para c\u00e2mera Nillkin CamShield Pro para Oneplus 13\" width=\"auto\" height=\"100%\" \/><\/a><\/div>\n<div class=\" image-additional img-thumbnail-transparent photobox\"><a href=\"https:\/\/nillkin.org\/image\/data\/lenta\/18351\/1001_07.jpg\"><img decoding=\"async\" class=\"loadimg\" src=\"https:\/\/nillkin.org\/image\/data\/lenta\/18351\/1001_07.jpg\" alt=\"Capa protetora para c\u00e2mera Nillkin CamShield Pro para Oneplus 13\" width=\"auto\" height=\"100%\" \/><\/a><\/div>\n<div class=\" image-additional img-thumbnail-transparent photobox\"><a href=\"https:\/\/nillkin.org\/image\/data\/lenta\/18351\/1001_10.jpg\"><img decoding=\"async\" class=\"loadimg\" src=\"https:\/\/nillkin.org\/image\/data\/lenta\/18351\/1001_10.jpg\" alt=\"Capa protetora para c\u00e2mera Nillkin CamShield Pro para Oneplus 13\" width=\"auto\" height=\"100%\" \/><\/a><\/div>\n<div class=\" image-additional img-thumbnail-transparent photobox\"><a href=\"https:\/\/nillkin.org\/image\/data\/lenta\/18351\/1001_11.jpg\"><img decoding=\"async\" class=\"loadimg\" src=\"https:\/\/nillkin.org\/image\/data\/lenta\/18351\/1001_11.jpg\" alt=\"Capa protetora para c\u00e2mera Nillkin CamShield Pro para Oneplus 13\" width=\"auto\" height=\"100%\" \/><\/a><\/div>\n<div class=\" image-additional img-thumbnail-transparent photobox\"><a href=\"https:\/\/nillkin.org\/image\/data\/lenta\/18351\/1001_12.jpg\"><img decoding=\"async\" class=\"loadimg\" src=\"https:\/\/nillkin.org\/image\/data\/lenta\/18351\/1001_12.jpg\" alt=\"Capa protetora para c\u00e2mera Nillkin CamShield Pro para Oneplus 13\" width=\"auto\" height=\"100%\" \/><\/a><\/div>\n<div class=\" image-additional img-thumbnail-transparent photobox\"><a href=\"https:\/\/nillkin.org\/image\/data\/lenta\/18351\/1001_13.jpg\"><img decoding=\"async\" class=\"loadimg\" src=\"https:\/\/nillkin.org\/image\/data\/lenta\/18351\/1001_13.jpg\" alt=\"Capa protetora para c\u00e2mera Nillkin CamShield Pro para Oneplus 13\" width=\"auto\" height=\"100%\" \/><\/a><\/div>\n<div class=\" image-additional img-thumbnail-transparent photobox\"><a href=\"https:\/\/nillkin.org\/image\/data\/lenta\/18351\/1001_14.jpg\"><img decoding=\"async\" class=\"loadimg\" src=\"https:\/\/nillkin.org\/image\/data\/lenta\/18351\/1001_14.jpg\" alt=\"Capa protetora para c\u00e2mera Nillkin CamShield Pro para Oneplus 13\" width=\"auto\" height=\"100%\" \/><\/a><\/div>\n<div class=\" image-additional img-thumbnail-transparent photobox\"><a href=\"https:\/\/nillkin.org\/image\/data\/lenta\/18351\/1001_17.jpg\"><img decoding=\"async\" class=\"loadimg\" src=\"https:\/\/nillkin.org\/image\/data\/lenta\/18351\/1001_17.jpg\" alt=\"Capa protetora para c\u00e2mera Nillkin CamShield Pro para Oneplus 13\" width=\"auto\" height=\"100%\" \/><\/a><\/div>\n<p><\/center><\/p>\n","protected":false},"excerpt":{"rendered":"<p>A capa protetora de c\u00e2mera Nillkin CamShield Pro para Oneplus 13 CamShield Pro combina elementos cl\u00e1ssicos, modernos e de prote\u00e7\u00e3o. A capa deslizante protege a c\u00e2mera do telefone contra arranh\u00f5es e protege sua privacidade. Feita de PC e TPU ecologicamente corretos, que s\u00e3o resistentes e resistentes ao desgaste. Processado com tecnologia avan\u00e7ada. Boa sensa\u00e7\u00e3o ao [&#8230;]\n","protected":false},"featured_media":4589,"comment_status":"open","ping_status":"closed","template":"","meta":{"om_disable_all_campaigns":false,"_monsterinsights_skip_tracking":false,"_monsterinsights_sitenote_active":false,"_monsterinsights_sitenote_note":"","_monsterinsights_sitenote_category":0,"_joinchat":[]},"product_brand":[490],"product_cat":[491,298],"product_tag":[],"class_list":{"0":"post-4588","1":"product","2":"type-product","3":"status-publish","4":"has-post-thumbnail","6":"product_brand-nillkin","7":"product_cat-capas","8":"product_cat-capas-samsung","10":"first","11":"instock","12":"taxable","13":"shipping-taxable","14":"purchasable","15":"product-type-simple"},"aioseo_notices":[],"jetpack_sharing_enabled":true,"_links":{"self":[{"href":"https:\/\/buetech.pt\/index.php?rest_route=\/wp\/v2\/product\/4588","targetHints":{"allow":["GET"]}}],"collection":[{"href":"https:\/\/buetech.pt\/index.php?rest_route=\/wp\/v2\/product"}],"about":[{"href":"https:\/\/buetech.pt\/index.php?rest_route=\/wp\/v2\/types\/product"}],"replies":[{"embeddable":true,"href":"https:\/\/buetech.pt\/index.php?rest_route=%2Fwp%2Fv2%2Fcomments&post=4588"}],"wp:featuredmedia":[{"embeddable":true,"href":"https:\/\/buetech.pt\/index.php?rest_route=\/wp\/v2\/media\/4589"}],"wp:attachment":[{"href":"https:\/\/buetech.pt\/index.php?rest_route=%2Fwp%2Fv2%2Fmedia&parent=4588"}],"wp:term":[{"taxonomy":"product_brand","embeddable":true,"href":"https:\/\/buetech.pt\/index.php?rest_route=%2Fwp%2Fv2%2Fproduct_brand&post=4588"},{"taxonomy":"product_cat","embeddable":true,"href":"https:\/\/buetech.pt\/index.php?rest_route=%2Fwp%2Fv2%2Fproduct_cat&post=4588"},{"taxonomy":"product_tag","embeddable":true,"href":"https:\/\/buetech.pt\/index.php?rest_route=%2Fwp%2Fv2%2Fproduct_tag&post=4588"}],"curies":[{"name":"wp","href":"https:\/\/api.w.org\/{rel}","templated":true}]}}