{"id":4590,"date":"2025-07-08T23:30:44","date_gmt":"2025-07-08T23:30:44","guid":{"rendered":"https:\/\/buetech.pt\/?post_type=product&#038;p=4590"},"modified":"2025-07-08T23:30:44","modified_gmt":"2025-07-08T23:30:44","slug":"capa-nillkin-camshield-para-samsung-galaxy-a25-5g","status":"publish","type":"product","link":"https:\/\/buetech.pt\/?product=capa-nillkin-camshield-para-samsung-galaxy-a25-5g","title":{"rendered":"Capa Nillkin CamShield para Samsung Galaxy A25 5G"},"content":{"rendered":"<p><strong><span>A capa Nillkin CamShield para Samsung Galaxy A25 5G<\/span><\/strong><\/p>\n<p><span>\u00e9 a combina\u00e7\u00e3o perfeita de design cl\u00e1ssico em uma capa de telefone elegante e altamente protetora. Possui uma cobertura deslizante para prote\u00e7\u00e3o da c\u00e2mera, o que tamb\u00e9m ajuda a proteger sua privacidade. A capa \u00e9 feita de pl\u00e1stico PC ecol\u00f3gico, um material resistente e resistente ao desgaste. A Nillkin Camshield foi fabricada com a mais recente tecnologia. A capa se adapta perfeitamente \u00e0 palma da sua m\u00e3o e \u00e9 resistente a \u00f3leo e impress\u00f5es digitais. Ela se encaixa perfeitamente no seu dispositivo com seu design e textura cl\u00e1ssicos.<\/span><\/p>\n<p><strong><span>Capa Deslizante para Prote\u00e7\u00e3o da C\u00e2mera<\/span><\/strong><br \/>\n<span>Proteja a c\u00e2mera do seu telefone com a tampa de moldura elevada de 0,2 mm, que voc\u00ea pode deslizar para tr\u00e1s quando precisar tirar uma foto. A capa deslizante tamb\u00e9m protege sua privacidade.<\/span><\/p>\n<p><strong><span>Tecnologia Avan\u00e7ada<\/span><\/strong><br \/>\n<span>Fabricado com tecnologia avan\u00e7ada, o Nillkin Camshield \u00e9 agrad\u00e1vel ao toque e resistente a impress\u00f5es digitais e manchas de \u00f3leo.<\/span><\/p>\n<p><strong><span>Recortes Precisos:<\/span><\/strong><br \/>\n<span>Todos os recortes se encaixam perfeitamente ao redor das portas e c\u00e2meras para o melhor ajuste e funcionalidade.<\/span><\/p>\n<p><strong><span>Design Antiderrapante:<\/span><\/strong><br \/>\n<span>Ambos os lados da capa possuem barras projetadas para evitar deslizamentos.<\/span><\/p>\n<p><strong><span>Prote\u00e7\u00e3o completa:<\/span><\/strong><br \/>\n<span>O Camshield cobre completamente o seu telefone, proporcionando prote\u00e7\u00e3o total contra arranh\u00f5es.<\/span><\/p>\n<p><strong><span>Materiais de Qualidade:<\/span><\/strong><br \/>\n<span>O Camshield \u00e9 feito de materiais pl\u00e1sticos de PC de alta qualidade.<\/span><\/p>\n<p><center><\/p>\n<div class=\" image-additional img-thumbnail-transparent photobox\"><a href=\"https:\/\/nillkin.org\/image\/data\/lenta\/18092\/1001x1001%20(1).jpg\"><img decoding=\"async\" class=\"loadimg\" src=\"https:\/\/nillkin.org\/image\/data\/lenta\/18092\/1001x1001%20(1).jpg\" alt=\"Capa Nillkin CamShield para Samsung Galaxy A25 5G\" width=\"auto\" height=\"100%\" \/><\/a><\/div>\n<div class=\" image-additional img-thumbnail-transparent photobox\"><a href=\"https:\/\/nillkin.org\/image\/data\/lenta\/18092\/1001x1001%20(2).jpg\"><img decoding=\"async\" class=\"loadimg\" src=\"https:\/\/nillkin.org\/image\/data\/lenta\/18092\/1001x1001%20(2).jpg\" alt=\"Capa Nillkin CamShield para Samsung Galaxy A25 5G\" width=\"auto\" height=\"100%\" \/><\/a><\/div>\n<div class=\" image-additional img-thumbnail-transparent photobox\"><a href=\"https:\/\/nillkin.org\/image\/data\/lenta\/18092\/1001x1001%20(3).jpg\"><img decoding=\"async\" class=\"loadimg\" src=\"https:\/\/nillkin.org\/image\/data\/lenta\/18092\/1001x1001%20(3).jpg\" alt=\"Capa Nillkin CamShield para Samsung Galaxy A25 5G\" width=\"auto\" height=\"100%\" \/><\/a><\/div>\n<div class=\" image-additional img-thumbnail-transparent photobox\"><a href=\"https:\/\/nillkin.org\/image\/data\/lenta\/18092\/1001x1001%20(4).jpg\"><img decoding=\"async\" class=\"loadimg\" src=\"https:\/\/nillkin.org\/image\/data\/lenta\/18092\/1001x1001%20(4).jpg\" alt=\"Capa Nillkin CamShield para Samsung Galaxy A25 5G\" width=\"auto\" height=\"100%\" \/><\/a><\/div>\n<div class=\" image-additional img-thumbnail-transparent photobox\"><a href=\"https:\/\/nillkin.org\/image\/data\/lenta\/18092\/1001x1001%20(5).jpg\"><img decoding=\"async\" class=\"loadimg\" src=\"https:\/\/nillkin.org\/image\/data\/lenta\/18092\/1001x1001%20(5).jpg\" alt=\"Capa Nillkin CamShield para Samsung Galaxy A25 5G\" width=\"auto\" height=\"100%\" \/><\/a><\/div>\n<div class=\" image-additional img-thumbnail-transparent photobox\"><a href=\"https:\/\/nillkin.org\/image\/data\/lenta\/18092\/1001x1001%20(6).jpg\"><img decoding=\"async\" class=\"loadimg\" src=\"https:\/\/nillkin.org\/image\/data\/lenta\/18092\/1001x1001%20(6).jpg\" alt=\"Capa Nillkin CamShield para Samsung Galaxy A25 5G\" width=\"auto\" height=\"100%\" \/><\/a><\/div>\n<div class=\" image-additional img-thumbnail-transparent photobox\"><a href=\"https:\/\/nillkin.org\/image\/data\/lenta\/18092\/1001x1001%20(7).jpg\"><img decoding=\"async\" class=\"loadimg\" src=\"https:\/\/nillkin.org\/image\/data\/lenta\/18092\/1001x1001%20(7).jpg\" alt=\"Capa Nillkin CamShield para Samsung Galaxy A25 5G\" width=\"auto\" height=\"100%\" \/><\/a><\/div>\n<div class=\" image-additional img-thumbnail-transparent photobox\"><a href=\"https:\/\/nillkin.org\/image\/data\/lenta\/18092\/1001x1001%20(8).jpg\"><img decoding=\"async\" class=\"loadimg\" src=\"https:\/\/nillkin.org\/image\/data\/lenta\/18092\/1001x1001%20(8).jpg\" alt=\"Capa Nillkin CamShield para Samsung Galaxy A25 5G\" width=\"auto\" height=\"100%\" \/><\/a><\/div>\n<div class=\" image-additional img-thumbnail-transparent photobox\"><a href=\"https:\/\/nillkin.org\/image\/data\/lenta\/18092\/1001x1001%20(9).jpg\"><img decoding=\"async\" class=\"loadimg\" src=\"https:\/\/nillkin.org\/image\/data\/lenta\/18092\/1001x1001%20(9).jpg\" alt=\"Capa Nillkin CamShield para Samsung Galaxy A25 5G\" width=\"auto\" height=\"100%\" \/><\/a><\/div>\n<div class=\" image-additional img-thumbnail-transparent photobox\"><a href=\"https:\/\/nillkin.org\/image\/data\/lenta\/18092\/1001x1001%20(10).jpg\"><img decoding=\"async\" class=\"loadimg\" src=\"https:\/\/nillkin.org\/image\/data\/lenta\/18092\/1001x1001%20(10).jpg\" alt=\"Capa Nillkin CamShield para Samsung Galaxy A25 5G\" width=\"auto\" height=\"100%\" \/><\/a><\/div>\n<div class=\" image-additional img-thumbnail-transparent photobox\"><a href=\"https:\/\/nillkin.org\/image\/data\/lenta\/18092\/1001x1001%20(11).jpg\"><img decoding=\"async\" class=\"loadimg\" src=\"https:\/\/nillkin.org\/image\/data\/lenta\/18092\/1001x1001%20(11).jpg\" alt=\"Capa Nillkin CamShield para Samsung Galaxy A25 5G\" width=\"auto\" height=\"100%\" \/><\/a><\/div>\n<div class=\" image-additional img-thumbnail-transparent photobox\"><a href=\"https:\/\/nillkin.org\/image\/data\/lenta\/18092\/1001x1001%20(12).jpg\"><img decoding=\"async\" class=\"loadimg\" src=\"https:\/\/nillkin.org\/image\/data\/lenta\/18092\/1001x1001%20(12).jpg\" alt=\"Capa Nillkin CamShield para Samsung Galaxy A25 5G\" width=\"auto\" height=\"100%\" \/><\/a><\/div>\n<div class=\" image-additional img-thumbnail-transparent photobox\"><a href=\"https:\/\/nillkin.org\/image\/data\/lenta\/18092\/1001x1001%20(13).jpg\"><img decoding=\"async\" class=\"loadimg\" src=\"https:\/\/nillkin.org\/image\/data\/lenta\/18092\/1001x1001%20(13).jpg\" alt=\"Capa Nillkin CamShield para Samsung Galaxy A25 5G\" width=\"auto\" height=\"100%\" \/><\/a><\/div>\n<p><\/center><\/p>\n","protected":false},"excerpt":{"rendered":"<p>A capa Nillkin CamShield para Samsung Galaxy A25 5G \u00e9 a combina\u00e7\u00e3o perfeita de design cl\u00e1ssico em uma capa de telefone elegante e altamente protetora. Possui uma cobertura deslizante para prote\u00e7\u00e3o da c\u00e2mera, o que tamb\u00e9m ajuda a proteger sua privacidade. A capa \u00e9 feita de pl\u00e1stico PC ecol\u00f3gico, um material resistente e resistente ao [&#8230;]\n","protected":false},"featured_media":4591,"comment_status":"open","ping_status":"closed","template":"","meta":{"om_disable_all_campaigns":false,"_monsterinsights_skip_tracking":false,"_monsterinsights_sitenote_active":false,"_monsterinsights_sitenote_note":"","_monsterinsights_sitenote_category":0,"_joinchat":[]},"product_brand":[490],"product_cat":[298],"product_tag":[],"class_list":{"0":"post-4590","1":"product","2":"type-product","3":"status-publish","4":"has-post-thumbnail","6":"product_brand-nillkin","7":"product_cat-capas-samsung","9":"first","10":"instock","11":"taxable","12":"shipping-taxable","13":"purchasable","14":"product-type-simple"},"aioseo_notices":[],"jetpack_sharing_enabled":true,"_links":{"self":[{"href":"https:\/\/buetech.pt\/index.php?rest_route=\/wp\/v2\/product\/4590","targetHints":{"allow":["GET"]}}],"collection":[{"href":"https:\/\/buetech.pt\/index.php?rest_route=\/wp\/v2\/product"}],"about":[{"href":"https:\/\/buetech.pt\/index.php?rest_route=\/wp\/v2\/types\/product"}],"replies":[{"embeddable":true,"href":"https:\/\/buetech.pt\/index.php?rest_route=%2Fwp%2Fv2%2Fcomments&post=4590"}],"wp:featuredmedia":[{"embeddable":true,"href":"https:\/\/buetech.pt\/index.php?rest_route=\/wp\/v2\/media\/4591"}],"wp:attachment":[{"href":"https:\/\/buetech.pt\/index.php?rest_route=%2Fwp%2Fv2%2Fmedia&parent=4590"}],"wp:term":[{"taxonomy":"product_brand","embeddable":true,"href":"https:\/\/buetech.pt\/index.php?rest_route=%2Fwp%2Fv2%2Fproduct_brand&post=4590"},{"taxonomy":"product_cat","embeddable":true,"href":"https:\/\/buetech.pt\/index.php?rest_route=%2Fwp%2Fv2%2Fproduct_cat&post=4590"},{"taxonomy":"product_tag","embeddable":true,"href":"https:\/\/buetech.pt\/index.php?rest_route=%2Fwp%2Fv2%2Fproduct_tag&post=4590"}],"curies":[{"name":"wp","href":"https:\/\/api.w.org\/{rel}","templated":true}]}}