{"id":4617,"date":"2025-07-09T00:34:06","date_gmt":"2025-07-09T00:34:06","guid":{"rendered":"https:\/\/buetech.pt\/?post_type=product&#038;p=4617"},"modified":"2025-07-09T00:34:06","modified_gmt":"2025-07-09T00:34:06","slug":"capa-protetora-nillkin-camshield-pro-para-google-pixel-8-pro","status":"publish","type":"product","link":"https:\/\/buetech.pt\/?product=capa-protetora-nillkin-camshield-pro-para-google-pixel-8-pro","title":{"rendered":"Capa protetora Nillkin CamShield Pro para Google Pixel 8 Pro"},"content":{"rendered":"<p><strong><span>A capa Nillkin CamShield Pro para Google Pixel 8 Pro<\/span><\/strong><\/p>\n<p><span>combina elementos cl\u00e1ssicos, modernos e de prote\u00e7\u00e3o. A capa deslizante protege a c\u00e2mera do telefone contra arranh\u00f5es e protege sua privacidade. Feita de PC e TPU ecologicamente corretos, que s\u00e3o resistentes e resistentes ao desgaste. Processada com tecnologia avan\u00e7ada. \u00d3tima sensa\u00e7\u00e3o ao toque. Anti-impress\u00e3o digital e manchas de \u00f3leo. Moldagem em pe\u00e7a \u00fanica, adapta-se perfeitamente ao seu dispositivo. Oferece prote\u00e7\u00e3o confi\u00e1vel. Airbags resistentes a impactos nos quatro cantos. Cobertura completa.<\/span><\/p>\n<p><center><\/p>\n<div class=\" image-additional img-thumbnail-transparent photobox\"><a href=\"https:\/\/nillkin.org\/image\/data\/lenta\/17780\/1001%20(1).jpg\"><img decoding=\"async\" class=\"loadimg\" src=\"https:\/\/nillkin.org\/image\/data\/lenta\/17780\/1001%20(1).jpg\" alt=\"Capa protetora Nillkin CamShield Pro para Google Pixel 8 Pro\" width=\"auto\" height=\"100%\" \/><\/a><\/div>\n<div class=\" image-additional img-thumbnail-transparent photobox\"><a href=\"https:\/\/nillkin.org\/image\/data\/lenta\/17780\/1001%20(2).jpg\"><img decoding=\"async\" class=\"loadimg\" src=\"https:\/\/nillkin.org\/image\/data\/lenta\/17780\/1001%20(2).jpg\" alt=\"Capa protetora Nillkin CamShield Pro para Google Pixel 8 Pro\" width=\"auto\" height=\"100%\" \/><\/a><\/div>\n<div class=\" image-additional img-thumbnail-transparent photobox\"><a href=\"https:\/\/nillkin.org\/image\/data\/lenta\/17780\/1001%20(3).jpg\"><img decoding=\"async\" class=\"loadimg\" src=\"https:\/\/nillkin.org\/image\/data\/lenta\/17780\/1001%20(3).jpg\" alt=\"Capa protetora Nillkin CamShield Pro para Google Pixel 8 Pro\" width=\"auto\" height=\"100%\" \/><\/a><\/div>\n<div class=\" image-additional img-thumbnail-transparent photobox\"><a href=\"https:\/\/nillkin.org\/image\/data\/lenta\/17780\/1001%20(4).jpg\"><img decoding=\"async\" class=\"loadimg\" src=\"https:\/\/nillkin.org\/image\/data\/lenta\/17780\/1001%20(4).jpg\" alt=\"Capa protetora Nillkin CamShield Pro para Google Pixel 8 Pro\" width=\"auto\" height=\"100%\" \/><\/a><\/div>\n<div class=\" image-additional img-thumbnail-transparent photobox\"><a href=\"https:\/\/nillkin.org\/image\/data\/lenta\/17780\/1001%20(5).jpg\"><img decoding=\"async\" class=\"loadimg\" src=\"https:\/\/nillkin.org\/image\/data\/lenta\/17780\/1001%20(5).jpg\" alt=\"Capa protetora Nillkin CamShield Pro para Google Pixel 8 Pro\" width=\"auto\" height=\"100%\" \/><\/a><\/div>\n<div class=\" image-additional img-thumbnail-transparent photobox\"><a href=\"https:\/\/nillkin.org\/image\/data\/lenta\/17780\/1001%20(6).jpg\"><img decoding=\"async\" class=\"loadimg\" src=\"https:\/\/nillkin.org\/image\/data\/lenta\/17780\/1001%20(6).jpg\" alt=\"Capa protetora Nillkin CamShield Pro para Google Pixel 8 Pro\" width=\"auto\" height=\"100%\" \/><\/a><\/div>\n<div class=\" image-additional img-thumbnail-transparent photobox\"><a href=\"https:\/\/nillkin.org\/image\/data\/lenta\/17780\/1001%20(7).jpg\"><img decoding=\"async\" class=\"loadimg\" src=\"https:\/\/nillkin.org\/image\/data\/lenta\/17780\/1001%20(7).jpg\" alt=\"Capa protetora Nillkin CamShield Pro para Google Pixel 8 Pro\" width=\"auto\" height=\"100%\" \/><\/a><\/div>\n<div class=\" image-additional img-thumbnail-transparent photobox\"><a href=\"https:\/\/nillkin.org\/image\/data\/lenta\/17780\/1001%20(8).gif\"><img decoding=\"async\" class=\"loadimg\" src=\"https:\/\/nillkin.org\/image\/data\/lenta\/17780\/1001%20(8).gif\" alt=\"Capa protetora Nillkin CamShield Pro para Google Pixel 8 Pro\" width=\"auto\" height=\"100%\" \/><\/a><\/div>\n<div class=\" image-additional img-thumbnail-transparent photobox\"><a href=\"https:\/\/nillkin.org\/image\/data\/lenta\/17780\/1001%20(9).jpg\"><img decoding=\"async\" class=\"loadimg\" src=\"https:\/\/nillkin.org\/image\/data\/lenta\/17780\/1001%20(9).jpg\" alt=\"Capa protetora Nillkin CamShield Pro para Google Pixel 8 Pro\" width=\"auto\" height=\"100%\" \/><\/a><\/div>\n<div class=\" image-additional img-thumbnail-transparent photobox\"><a href=\"https:\/\/nillkin.org\/image\/data\/lenta\/17780\/1001%20(10).jpg\"><img decoding=\"async\" class=\"loadimg\" src=\"https:\/\/nillkin.org\/image\/data\/lenta\/17780\/1001%20(10).jpg\" alt=\"Capa protetora Nillkin CamShield Pro para Google Pixel 8 Pro\" width=\"auto\" height=\"100%\" \/><\/a><\/div>\n<div class=\" image-additional img-thumbnail-transparent photobox\"><a href=\"https:\/\/nillkin.org\/image\/data\/lenta\/17780\/1001%20(11).jpg\"><img decoding=\"async\" class=\"loadimg\" src=\"https:\/\/nillkin.org\/image\/data\/lenta\/17780\/1001%20(11).jpg\" alt=\"Capa protetora Nillkin CamShield Pro para Google Pixel 8 Pro\" width=\"auto\" height=\"100%\" \/><\/a><\/div>\n<div class=\" image-additional img-thumbnail-transparent photobox\"><a href=\"https:\/\/nillkin.org\/image\/data\/lenta\/17780\/1001%20(12).jpg\"><img decoding=\"async\" class=\"loadimg\" src=\"https:\/\/nillkin.org\/image\/data\/lenta\/17780\/1001%20(12).jpg\" alt=\"Capa protetora Nillkin CamShield Pro para Google Pixel 8 Pro\" width=\"auto\" height=\"100%\" \/><\/a><\/div>\n<div class=\" image-additional img-thumbnail-transparent photobox\"><a href=\"https:\/\/nillkin.org\/image\/data\/lenta\/17780\/1001%20(13).jpg\"><img decoding=\"async\" class=\"loadimg\" src=\"https:\/\/nillkin.org\/image\/data\/lenta\/17780\/1001%20(13).jpg\" alt=\"Capa protetora Nillkin CamShield Pro para Google Pixel 8 Pro\" width=\"auto\" height=\"100%\" \/><\/a><\/div>\n<p><\/center><\/p>\n","protected":false},"excerpt":{"rendered":"<p>A capa Nillkin CamShield Pro para Google Pixel 8 Pro combina elementos cl\u00e1ssicos, modernos e de prote\u00e7\u00e3o. A capa deslizante protege a c\u00e2mera do telefone contra arranh\u00f5es e protege sua privacidade. Feita de PC e TPU ecologicamente corretos, que s\u00e3o resistentes e resistentes ao desgaste. Processada com tecnologia avan\u00e7ada. \u00d3tima sensa\u00e7\u00e3o ao toque. Anti-impress\u00e3o digital [&#8230;]\n","protected":false},"featured_media":4618,"comment_status":"open","ping_status":"closed","template":"","meta":{"om_disable_all_campaigns":false,"_monsterinsights_skip_tracking":false,"_monsterinsights_sitenote_active":false,"_monsterinsights_sitenote_note":"","_monsterinsights_sitenote_category":0,"_joinchat":[]},"product_brand":[490],"product_cat":[468],"product_tag":[],"class_list":{"0":"post-4617","1":"product","2":"type-product","3":"status-publish","4":"has-post-thumbnail","6":"product_brand-nillkin","7":"product_cat-capas-google-pixel","9":"first","10":"instock","11":"taxable","12":"shipping-taxable","13":"purchasable","14":"product-type-simple"},"aioseo_notices":[],"jetpack_sharing_enabled":true,"_links":{"self":[{"href":"https:\/\/buetech.pt\/index.php?rest_route=\/wp\/v2\/product\/4617","targetHints":{"allow":["GET"]}}],"collection":[{"href":"https:\/\/buetech.pt\/index.php?rest_route=\/wp\/v2\/product"}],"about":[{"href":"https:\/\/buetech.pt\/index.php?rest_route=\/wp\/v2\/types\/product"}],"replies":[{"embeddable":true,"href":"https:\/\/buetech.pt\/index.php?rest_route=%2Fwp%2Fv2%2Fcomments&post=4617"}],"wp:featuredmedia":[{"embeddable":true,"href":"https:\/\/buetech.pt\/index.php?rest_route=\/wp\/v2\/media\/4618"}],"wp:attachment":[{"href":"https:\/\/buetech.pt\/index.php?rest_route=%2Fwp%2Fv2%2Fmedia&parent=4617"}],"wp:term":[{"taxonomy":"product_brand","embeddable":true,"href":"https:\/\/buetech.pt\/index.php?rest_route=%2Fwp%2Fv2%2Fproduct_brand&post=4617"},{"taxonomy":"product_cat","embeddable":true,"href":"https:\/\/buetech.pt\/index.php?rest_route=%2Fwp%2Fv2%2Fproduct_cat&post=4617"},{"taxonomy":"product_tag","embeddable":true,"href":"https:\/\/buetech.pt\/index.php?rest_route=%2Fwp%2Fv2%2Fproduct_tag&post=4617"}],"curies":[{"name":"wp","href":"https:\/\/api.w.org\/{rel}","templated":true}]}}