{"id":4624,"date":"2025-07-09T00:39:26","date_gmt":"2025-07-09T00:39:26","guid":{"rendered":"https:\/\/buetech.pt\/?post_type=product&#038;p=4624"},"modified":"2025-07-09T00:39:26","modified_gmt":"2025-07-09T00:39:26","slug":"capa-honor-magic-7-pro-camshield-pro","status":"publish","type":"product","link":"https:\/\/buetech.pt\/?product=capa-honor-magic-7-pro-camshield-pro","title":{"rendered":"Capa Honor Magic 7 Pro CamShield Pro"},"content":{"rendered":"<p><span>A CamShield Pro Case \u00e9 uma atualiza\u00e7\u00e3o inovadora para a s\u00e9rie cl\u00e1ssica e mais vendida. Ela conta com uma fun\u00e7\u00e3o patenteada de deslizamento da lente, proporcionando opera\u00e7\u00e3o suave, resist\u00eancia a arranh\u00f5es e prote\u00e7\u00e3o da privacidade aprimoradas. Feita com uma combina\u00e7\u00e3o de TPU e PC com moldagem integrada, ela oferece prote\u00e7\u00e3o completa de 360\u00b0 para o dispositivo. A superf\u00edcie mant\u00e9m o padr\u00e3o cl\u00e1ssico de listras diagonais para um toque fresco e delicado, resistente a impress\u00f5es digitais.<\/span><\/p>\n<p><img decoding=\"async\" src=\"https:\/\/global.nillkin.com\/upload\/202411\/22\/202411221520505325.jpg\" alt=\"\" \/><img decoding=\"async\" src=\"https:\/\/global.nillkin.com\/upload\/202411\/22\/202411221520506259.jpg\" alt=\"\" \/><img decoding=\"async\" src=\"https:\/\/global.nillkin.com\/upload\/202411\/22\/202411221520507044.jpg\" alt=\"\" \/><img decoding=\"async\" src=\"https:\/\/global.nillkin.com\/upload\/202411\/22\/202411221520514076.jpg\" alt=\"\" \/><img decoding=\"async\" src=\"https:\/\/global.nillkin.com\/upload\/202411\/22\/202411221520518290.jpg\" alt=\"\" \/><img decoding=\"async\" src=\"https:\/\/global.nillkin.com\/upload\/202411\/22\/202411221520528290.jpg\" alt=\"\" \/><img decoding=\"async\" src=\"https:\/\/global.nillkin.com\/upload\/202411\/22\/202411221520531731.jpg\" alt=\"\" \/><img decoding=\"async\" src=\"https:\/\/global.nillkin.com\/upload\/202411\/22\/202411221520541106.jpg\" alt=\"\" \/><img decoding=\"async\" src=\"https:\/\/global.nillkin.com\/upload\/202411\/22\/202411221520557044.jpg\" alt=\"\" \/><img decoding=\"async\" src=\"https:\/\/global.nillkin.com\/upload\/202411\/22\/202411221520572196.jpg\" alt=\"\" \/><\/p>\n","protected":false},"excerpt":{"rendered":"<p>A CamShield Pro Case \u00e9 uma atualiza\u00e7\u00e3o inovadora para a s\u00e9rie cl\u00e1ssica e mais vendida. Ela conta com uma fun\u00e7\u00e3o patenteada de deslizamento da lente, proporcionando opera\u00e7\u00e3o suave, resist\u00eancia a arranh\u00f5es e prote\u00e7\u00e3o da privacidade aprimoradas. Feita com uma combina\u00e7\u00e3o de TPU e PC com moldagem integrada, ela oferece prote\u00e7\u00e3o completa de 360\u00b0 para o [&#8230;]\n","protected":false},"featured_media":4625,"comment_status":"open","ping_status":"closed","template":"","meta":{"om_disable_all_campaigns":false,"_monsterinsights_skip_tracking":false,"_monsterinsights_sitenote_active":false,"_monsterinsights_sitenote_note":"","_monsterinsights_sitenote_category":0,"_joinchat":[]},"product_brand":[490],"product_cat":[491],"product_tag":[],"class_list":{"0":"post-4624","1":"product","2":"type-product","3":"status-publish","4":"has-post-thumbnail","6":"product_brand-nillkin","7":"product_cat-capas","9":"first","10":"instock","11":"taxable","12":"shipping-taxable","13":"purchasable","14":"product-type-simple"},"aioseo_notices":[],"jetpack_sharing_enabled":true,"_links":{"self":[{"href":"https:\/\/buetech.pt\/index.php?rest_route=\/wp\/v2\/product\/4624","targetHints":{"allow":["GET"]}}],"collection":[{"href":"https:\/\/buetech.pt\/index.php?rest_route=\/wp\/v2\/product"}],"about":[{"href":"https:\/\/buetech.pt\/index.php?rest_route=\/wp\/v2\/types\/product"}],"replies":[{"embeddable":true,"href":"https:\/\/buetech.pt\/index.php?rest_route=%2Fwp%2Fv2%2Fcomments&post=4624"}],"wp:featuredmedia":[{"embeddable":true,"href":"https:\/\/buetech.pt\/index.php?rest_route=\/wp\/v2\/media\/4625"}],"wp:attachment":[{"href":"https:\/\/buetech.pt\/index.php?rest_route=%2Fwp%2Fv2%2Fmedia&parent=4624"}],"wp:term":[{"taxonomy":"product_brand","embeddable":true,"href":"https:\/\/buetech.pt\/index.php?rest_route=%2Fwp%2Fv2%2Fproduct_brand&post=4624"},{"taxonomy":"product_cat","embeddable":true,"href":"https:\/\/buetech.pt\/index.php?rest_route=%2Fwp%2Fv2%2Fproduct_cat&post=4624"},{"taxonomy":"product_tag","embeddable":true,"href":"https:\/\/buetech.pt\/index.php?rest_route=%2Fwp%2Fv2%2Fproduct_tag&post=4624"}],"curies":[{"name":"wp","href":"https:\/\/api.w.org\/{rel}","templated":true}]}}