{"id":4628,"date":"2025-07-09T00:51:18","date_gmt":"2025-07-09T00:51:18","guid":{"rendered":"https:\/\/buetech.pt\/?post_type=product&#038;p=4628"},"modified":"2025-07-09T00:51:18","modified_gmt":"2025-07-09T00:51:18","slug":"capa-magnetica-nillkin-nature-tpu-pro-para-apple-iphone-16","status":"publish","type":"product","link":"https:\/\/buetech.pt\/?product=capa-magnetica-nillkin-nature-tpu-pro-para-apple-iphone-16","title":{"rendered":"Capa magn\u00e9tica Nillkin Nature TPU Pro para Apple iPhone 16"},"content":{"rendered":"<p><strong><span>Capa\u00a0<\/span><\/strong><span><strong>magn\u00e9tica Nillkin Nature TPU Pro para Apple iPhone 16 (2024).<\/strong><\/span><\/p>\n<p><span>Adicione fun\u00e7\u00e3o magn\u00e9tica para carregamento r\u00e1pido. Adote TPU e PC ecol\u00f3gicos, uma combina\u00e7\u00e3o de material macio e r\u00edgido para proporcionar melhor prote\u00e7\u00e3o. Airbags resistentes a impactos nos quatro cantos e barras antiderrapantes em dois lados. Adapte-se perfeitamente ao seu celular, moldando-o como o original.<\/span><\/p>\n<p><center><\/p>\n<div class=\" image-additional img-thumbnail-transparent photobox\"><a href=\"https:\/\/nillkin.org\/image\/data\/lenta\/18229\/1001x1001%20(1).jpg\"><img decoding=\"async\" class=\"loadimg\" src=\"https:\/\/nillkin.org\/image\/data\/lenta\/18229\/1001x1001%20(1).jpg\" alt=\"Capa magn\u00e9tica Nillkin Nature TPU Pro para Apple iPhone 16 (2024)\" width=\"auto\" height=\"100%\" \/><\/a><\/div>\n<div class=\" image-additional img-thumbnail-transparent photobox\"><a href=\"https:\/\/nillkin.org\/image\/data\/lenta\/18229\/1001x1001%20(2).jpg\"><img decoding=\"async\" class=\"loadimg\" src=\"https:\/\/nillkin.org\/image\/data\/lenta\/18229\/1001x1001%20(2).jpg\" alt=\"Capa magn\u00e9tica Nillkin Nature TPU Pro para Apple iPhone 16 (2024)\" width=\"auto\" height=\"100%\" \/><\/a><\/div>\n<div class=\" image-additional img-thumbnail-transparent photobox\"><a href=\"https:\/\/nillkin.org\/image\/data\/lenta\/18229\/1001x1001%20(3).jpg\"><img decoding=\"async\" class=\"loadimg\" src=\"https:\/\/nillkin.org\/image\/data\/lenta\/18229\/1001x1001%20(3).jpg\" alt=\"Capa magn\u00e9tica Nillkin Nature TPU Pro para Apple iPhone 16 (2024)\" width=\"auto\" height=\"100%\" \/><\/a><\/div>\n<div class=\" image-additional img-thumbnail-transparent photobox\"><a href=\"https:\/\/nillkin.org\/image\/data\/lenta\/18229\/1001x1001%20(4).jpg\"><img decoding=\"async\" class=\"loadimg\" src=\"https:\/\/nillkin.org\/image\/data\/lenta\/18229\/1001x1001%20(4).jpg\" alt=\"Capa magn\u00e9tica Nillkin Nature TPU Pro para Apple iPhone 16 (2024)\" width=\"auto\" height=\"100%\" \/><\/a><\/div>\n<div class=\" image-additional img-thumbnail-transparent photobox\"><a href=\"https:\/\/nillkin.org\/image\/data\/lenta\/18229\/1001x1001%20(5).jpg\"><img decoding=\"async\" class=\"loadimg\" src=\"https:\/\/nillkin.org\/image\/data\/lenta\/18229\/1001x1001%20(5).jpg\" alt=\"Capa magn\u00e9tica Nillkin Nature TPU Pro para Apple iPhone 16 (2024)\" width=\"auto\" height=\"100%\" \/><\/a><\/div>\n<div class=\" image-additional img-thumbnail-transparent photobox\"><a href=\"https:\/\/nillkin.org\/image\/data\/lenta\/18229\/1001x1001%20(6).jpg\"><img decoding=\"async\" class=\"loadimg\" src=\"https:\/\/nillkin.org\/image\/data\/lenta\/18229\/1001x1001%20(6).jpg\" alt=\"Capa magn\u00e9tica Nillkin Nature TPU Pro para Apple iPhone 16 (2024)\" width=\"auto\" height=\"100%\" \/><\/a><\/div>\n<div class=\" image-additional img-thumbnail-transparent photobox\"><a href=\"https:\/\/nillkin.org\/image\/data\/lenta\/18229\/1001x1001%20(7).jpg\"><img decoding=\"async\" class=\"loadimg\" src=\"https:\/\/nillkin.org\/image\/data\/lenta\/18229\/1001x1001%20(7).jpg\" alt=\"Capa magn\u00e9tica Nillkin Nature TPU Pro para Apple iPhone 16 (2024)\" width=\"auto\" height=\"100%\" \/><\/a><\/div>\n<div class=\" image-additional img-thumbnail-transparent photobox\"><a href=\"https:\/\/nillkin.org\/image\/data\/lenta\/18229\/1001x1001%20(8).jpg\"><img decoding=\"async\" class=\"loadimg\" src=\"https:\/\/nillkin.org\/image\/data\/lenta\/18229\/1001x1001%20(8).jpg\" alt=\"Capa magn\u00e9tica Nillkin Nature TPU Pro para Apple iPhone 16 (2024)\" width=\"auto\" height=\"100%\" \/><\/a><\/div>\n<div class=\" image-additional img-thumbnail-transparent photobox\"><a href=\"https:\/\/nillkin.org\/image\/data\/lenta\/18229\/1001x1001%20(9).jpg\"><img decoding=\"async\" class=\"loadimg\" src=\"https:\/\/nillkin.org\/image\/data\/lenta\/18229\/1001x1001%20(9).jpg\" alt=\"Capa magn\u00e9tica Nillkin Nature TPU Pro para Apple iPhone 16 (2024)\" width=\"auto\" height=\"100%\" \/><\/a><\/div>\n<div class=\" image-additional img-thumbnail-transparent photobox\"><a href=\"https:\/\/nillkin.org\/image\/data\/lenta\/18229\/1001x1001%20(10).jpg\"><img decoding=\"async\" class=\"loadimg\" src=\"https:\/\/nillkin.org\/image\/data\/lenta\/18229\/1001x1001%20(10).jpg\" alt=\"Capa magn\u00e9tica Nillkin Nature TPU Pro para Apple iPhone 16 (2024)\" width=\"auto\" height=\"100%\" \/><\/a><\/div>\n<div class=\" image-additional img-thumbnail-transparent photobox\"><a href=\"https:\/\/nillkin.org\/image\/data\/lenta\/18229\/1001x1001%20(11).jpg\"><img decoding=\"async\" class=\"loadimg\" src=\"https:\/\/nillkin.org\/image\/data\/lenta\/18229\/1001x1001%20(11).jpg\" alt=\"Capa magn\u00e9tica Nillkin Nature TPU Pro para Apple iPhone 16 (2024)\" width=\"auto\" height=\"100%\" \/><\/a><\/div>\n<div class=\" image-additional img-thumbnail-transparent photobox\"><a href=\"https:\/\/nillkin.org\/image\/data\/lenta\/18229\/1001x1001%20(12).jpg\"><img decoding=\"async\" class=\"loadimg\" src=\"https:\/\/nillkin.org\/image\/data\/lenta\/18229\/1001x1001%20(12).jpg\" alt=\"Capa magn\u00e9tica Nillkin Nature TPU Pro para Apple iPhone 16 (2024)\" width=\"auto\" height=\"100%\" \/><\/a><\/div>\n<p><\/center><\/p>\n","protected":false},"excerpt":{"rendered":"<p>Capa\u00a0magn\u00e9tica Nillkin Nature TPU Pro para Apple iPhone 16 (2024). Adicione fun\u00e7\u00e3o magn\u00e9tica para carregamento r\u00e1pido. Adote TPU e PC ecol\u00f3gicos, uma combina\u00e7\u00e3o de material macio e r\u00edgido para proporcionar melhor prote\u00e7\u00e3o. Airbags resistentes a impactos nos quatro cantos e barras antiderrapantes em dois lados. Adapte-se perfeitamente ao seu celular, moldando-o como o original.<\/p>\n","protected":false},"featured_media":4629,"comment_status":"open","ping_status":"closed","template":"","meta":{"om_disable_all_campaigns":false,"_monsterinsights_skip_tracking":false,"_monsterinsights_sitenote_active":false,"_monsterinsights_sitenote_note":"","_monsterinsights_sitenote_category":0,"_joinchat":[]},"product_brand":[490],"product_cat":[372],"product_tag":[],"class_list":{"0":"post-4628","1":"product","2":"type-product","3":"status-publish","4":"has-post-thumbnail","6":"product_brand-nillkin","7":"product_cat-capas-apple-iphone","9":"first","10":"instock","11":"taxable","12":"shipping-taxable","13":"purchasable","14":"product-type-simple"},"aioseo_notices":[],"jetpack_sharing_enabled":true,"_links":{"self":[{"href":"https:\/\/buetech.pt\/index.php?rest_route=\/wp\/v2\/product\/4628","targetHints":{"allow":["GET"]}}],"collection":[{"href":"https:\/\/buetech.pt\/index.php?rest_route=\/wp\/v2\/product"}],"about":[{"href":"https:\/\/buetech.pt\/index.php?rest_route=\/wp\/v2\/types\/product"}],"replies":[{"embeddable":true,"href":"https:\/\/buetech.pt\/index.php?rest_route=%2Fwp%2Fv2%2Fcomments&post=4628"}],"wp:featuredmedia":[{"embeddable":true,"href":"https:\/\/buetech.pt\/index.php?rest_route=\/wp\/v2\/media\/4629"}],"wp:attachment":[{"href":"https:\/\/buetech.pt\/index.php?rest_route=%2Fwp%2Fv2%2Fmedia&parent=4628"}],"wp:term":[{"taxonomy":"product_brand","embeddable":true,"href":"https:\/\/buetech.pt\/index.php?rest_route=%2Fwp%2Fv2%2Fproduct_brand&post=4628"},{"taxonomy":"product_cat","embeddable":true,"href":"https:\/\/buetech.pt\/index.php?rest_route=%2Fwp%2Fv2%2Fproduct_cat&post=4628"},{"taxonomy":"product_tag","embeddable":true,"href":"https:\/\/buetech.pt\/index.php?rest_route=%2Fwp%2Fv2%2Fproduct_tag&post=4628"}],"curies":[{"name":"wp","href":"https:\/\/api.w.org\/{rel}","templated":true}]}}