{"id":4633,"date":"2025-07-09T01:00:18","date_gmt":"2025-07-09T01:00:18","guid":{"rendered":"https:\/\/buetech.pt\/?post_type=product&#038;p=4633"},"modified":"2025-07-09T01:00:19","modified_gmt":"2025-07-09T01:00:19","slug":"capa-nillkin-camshield-pro-para-samsung-galaxy-s25","status":"publish","type":"product","link":"https:\/\/buetech.pt\/?product=capa-nillkin-camshield-pro-para-samsung-galaxy-s25","title":{"rendered":"Capa Nillkin CamShield Pro para Samsung Galaxy S25"},"content":{"rendered":"<p><strong><span>A capa Nillkin CamShield Pro para Samsung Galaxy S25<\/span><\/strong><\/p>\n<p><span>combina elementos cl\u00e1ssicos, modernos e protetores. A capa deslizante protege a c\u00e2mera do telefone contra arranh\u00f5es e protege sua privacidade. Feita de PC e TPU ecologicamente corretos, que s\u00e3o resistentes e resistentes ao desgaste. Processada com tecnologia avan\u00e7ada. \u00d3tima sensa\u00e7\u00e3o ao toque. Anti-impress\u00e3o digital e manchas de \u00f3leo. Moldagem em pe\u00e7a \u00fanica, adapta-se perfeitamente ao seu dispositivo. Oferece prote\u00e7\u00e3o confi\u00e1vel. Airbags resistentes a impactos nos quatro cantos. Cobertura completa.<\/span><\/p>\n<p><center><\/p>\n<div class=\" image-additional img-thumbnail-transparent photobox\"><a href=\"https:\/\/nillkin.org\/image\/data\/lenta\/18385\/1001_01.jpg\"><img decoding=\"async\" class=\"loadimg\" src=\"https:\/\/nillkin.org\/image\/data\/lenta\/18385\/1001_01.jpg\" alt=\"Capa Nillkin CamShield Pro para Samsung Galaxy S25\" width=\"auto\" height=\"100%\" \/><\/a><\/div>\n<div class=\" image-additional img-thumbnail-transparent photobox\"><a href=\"https:\/\/nillkin.org\/image\/data\/lenta\/18385\/1001_02.jpg\"><img decoding=\"async\" class=\"loadimg\" src=\"https:\/\/nillkin.org\/image\/data\/lenta\/18385\/1001_02.jpg\" alt=\"Capa Nillkin CamShield Pro para Samsung Galaxy S25\" width=\"auto\" height=\"100%\" \/><\/a><\/div>\n<div class=\" image-additional img-thumbnail-transparent photobox\"><a href=\"https:\/\/nillkin.org\/image\/data\/lenta\/18385\/1001_03.jpg\"><img decoding=\"async\" class=\"loadimg\" src=\"https:\/\/nillkin.org\/image\/data\/lenta\/18385\/1001_03.jpg\" alt=\"Capa Nillkin CamShield Pro para Samsung Galaxy S25\" width=\"auto\" height=\"100%\" \/><\/a><\/div>\n<div class=\" image-additional img-thumbnail-transparent photobox\"><a href=\"https:\/\/nillkin.org\/image\/data\/lenta\/18385\/1001_04.jpg\"><img decoding=\"async\" class=\"loadimg\" src=\"https:\/\/nillkin.org\/image\/data\/lenta\/18385\/1001_04.jpg\" alt=\"Capa Nillkin CamShield Pro para Samsung Galaxy S25\" width=\"auto\" height=\"100%\" \/><\/a><\/div>\n<div class=\" image-additional img-thumbnail-transparent photobox\"><a href=\"https:\/\/nillkin.org\/image\/data\/lenta\/18385\/1001_05.jpg\"><img decoding=\"async\" class=\"loadimg\" src=\"https:\/\/nillkin.org\/image\/data\/lenta\/18385\/1001_05.jpg\" alt=\"Capa Nillkin CamShield Pro para Samsung Galaxy S25\" width=\"auto\" height=\"100%\" \/><\/a><\/div>\n<div class=\" image-additional img-thumbnail-transparent photobox\"><a href=\"https:\/\/nillkin.org\/image\/data\/lenta\/18385\/1001_06.jpg\"><img decoding=\"async\" class=\"loadimg\" src=\"https:\/\/nillkin.org\/image\/data\/lenta\/18385\/1001_06.jpg\" alt=\"Capa Nillkin CamShield Pro para Samsung Galaxy S25\" width=\"auto\" height=\"100%\" \/><\/a><\/div>\n<div class=\" image-additional img-thumbnail-transparent photobox\"><a href=\"https:\/\/nillkin.org\/image\/data\/lenta\/18385\/1001_07.jpg\"><img decoding=\"async\" class=\"loadimg\" src=\"https:\/\/nillkin.org\/image\/data\/lenta\/18385\/1001_07.jpg\" alt=\"Capa Nillkin CamShield Pro para Samsung Galaxy S25\" width=\"auto\" height=\"100%\" \/><\/a><\/div>\n<div class=\" image-additional img-thumbnail-transparent photobox\"><a href=\"https:\/\/nillkin.org\/image\/data\/lenta\/18385\/1001_10.jpg\"><img decoding=\"async\" class=\"loadimg\" src=\"https:\/\/nillkin.org\/image\/data\/lenta\/18385\/1001_10.jpg\" alt=\"Capa Nillkin CamShield Pro para Samsung Galaxy S25\" width=\"auto\" height=\"100%\" \/><\/a><\/div>\n<div class=\" image-additional img-thumbnail-transparent photobox\"><a href=\"https:\/\/nillkin.org\/image\/data\/lenta\/18385\/1001_11.jpg\"><img decoding=\"async\" class=\"loadimg\" src=\"https:\/\/nillkin.org\/image\/data\/lenta\/18385\/1001_11.jpg\" alt=\"Capa Nillkin CamShield Pro para Samsung Galaxy S25\" width=\"auto\" height=\"100%\" \/><\/a><\/div>\n<div class=\" image-additional img-thumbnail-transparent photobox\"><a href=\"https:\/\/nillkin.org\/image\/data\/lenta\/18385\/1001_12.jpg\"><img decoding=\"async\" class=\"loadimg\" src=\"https:\/\/nillkin.org\/image\/data\/lenta\/18385\/1001_12.jpg\" alt=\"Capa Nillkin CamShield Pro para Samsung Galaxy S25\" width=\"auto\" height=\"100%\" \/><\/a><\/div>\n<div class=\" image-additional img-thumbnail-transparent photobox\"><a href=\"https:\/\/nillkin.org\/image\/data\/lenta\/18385\/1001_13.jpg\"><img decoding=\"async\" class=\"loadimg\" src=\"https:\/\/nillkin.org\/image\/data\/lenta\/18385\/1001_13.jpg\" alt=\"Capa Nillkin CamShield Pro para Samsung Galaxy S25\" width=\"auto\" height=\"100%\" \/><\/a><\/div>\n<div class=\" image-additional img-thumbnail-transparent photobox\"><a href=\"https:\/\/nillkin.org\/image\/data\/lenta\/18385\/1001_14.jpg\"><img decoding=\"async\" class=\"loadimg\" src=\"https:\/\/nillkin.org\/image\/data\/lenta\/18385\/1001_14.jpg\" alt=\"Capa Nillkin CamShield Pro para Samsung Galaxy S25\" width=\"auto\" height=\"100%\" \/><\/a><\/div>\n<div class=\" image-additional img-thumbnail-transparent photobox\"><a href=\"https:\/\/nillkin.org\/image\/data\/lenta\/18385\/1001_17.jpg\"><img decoding=\"async\" class=\"loadimg\" src=\"https:\/\/nillkin.org\/image\/data\/lenta\/18385\/1001_17.jpg\" alt=\"Capa Nillkin CamShield Pro para Samsung Galaxy S25\" width=\"auto\" height=\"100%\" \/><\/a><\/div>\n<p><\/center><\/p>\n","protected":false},"excerpt":{"rendered":"<p>A capa Nillkin CamShield Pro para Samsung Galaxy S25 combina elementos cl\u00e1ssicos, modernos e protetores. A capa deslizante protege a c\u00e2mera do telefone contra arranh\u00f5es e protege sua privacidade. Feita de PC e TPU ecologicamente corretos, que s\u00e3o resistentes e resistentes ao desgaste. Processada com tecnologia avan\u00e7ada. \u00d3tima sensa\u00e7\u00e3o ao toque. Anti-impress\u00e3o digital e manchas [&#8230;]\n","protected":false},"featured_media":4634,"comment_status":"open","ping_status":"closed","template":"","meta":{"om_disable_all_campaigns":false,"_monsterinsights_skip_tracking":false,"_monsterinsights_sitenote_active":false,"_monsterinsights_sitenote_note":"","_monsterinsights_sitenote_category":0,"_joinchat":[]},"product_brand":[490],"product_cat":[298],"product_tag":[],"class_list":{"0":"post-4633","1":"product","2":"type-product","3":"status-publish","4":"has-post-thumbnail","6":"product_brand-nillkin","7":"product_cat-capas-samsung","9":"first","10":"instock","11":"taxable","12":"shipping-taxable","13":"purchasable","14":"product-type-simple"},"aioseo_notices":[],"jetpack_sharing_enabled":true,"_links":{"self":[{"href":"https:\/\/buetech.pt\/index.php?rest_route=\/wp\/v2\/product\/4633","targetHints":{"allow":["GET"]}}],"collection":[{"href":"https:\/\/buetech.pt\/index.php?rest_route=\/wp\/v2\/product"}],"about":[{"href":"https:\/\/buetech.pt\/index.php?rest_route=\/wp\/v2\/types\/product"}],"replies":[{"embeddable":true,"href":"https:\/\/buetech.pt\/index.php?rest_route=%2Fwp%2Fv2%2Fcomments&post=4633"}],"wp:featuredmedia":[{"embeddable":true,"href":"https:\/\/buetech.pt\/index.php?rest_route=\/wp\/v2\/media\/4634"}],"wp:attachment":[{"href":"https:\/\/buetech.pt\/index.php?rest_route=%2Fwp%2Fv2%2Fmedia&parent=4633"}],"wp:term":[{"taxonomy":"product_brand","embeddable":true,"href":"https:\/\/buetech.pt\/index.php?rest_route=%2Fwp%2Fv2%2Fproduct_brand&post=4633"},{"taxonomy":"product_cat","embeddable":true,"href":"https:\/\/buetech.pt\/index.php?rest_route=%2Fwp%2Fv2%2Fproduct_cat&post=4633"},{"taxonomy":"product_tag","embeddable":true,"href":"https:\/\/buetech.pt\/index.php?rest_route=%2Fwp%2Fv2%2Fproduct_tag&post=4633"}],"curies":[{"name":"wp","href":"https:\/\/api.w.org\/{rel}","templated":true}]}}