{"id":4641,"date":"2025-07-09T01:11:59","date_gmt":"2025-07-09T01:11:59","guid":{"rendered":"https:\/\/buetech.pt\/?post_type=product&#038;p=4641"},"modified":"2025-07-09T01:11:59","modified_gmt":"2025-07-09T01:11:59","slug":"capa-nillkin-carboprop-magnetic-magsafe-em-fibra-de-aramida-para-samsung-galaxy-s25-ultra","status":"publish","type":"product","link":"https:\/\/buetech.pt\/?product=capa-nillkin-carboprop-magnetic-magsafe-em-fibra-de-aramida-para-samsung-galaxy-s25-ultra","title":{"rendered":"Capa Nillkin CarboProp Magnetic MagSafe em Fibra de aramida para Samsung Galaxy S25 Ultra"},"content":{"rendered":"<p><strong><span>Capa Nillkin CarboProp Magnetic MagSafe com furos finos em fibra de aramida para Samsung Galaxy S25 Ultra.<\/span><\/strong><br \/>\n<span>A capa CarboProp \u00e9 feita de fibra de aramida, comumente conhecida como &#8220;ouro negro&#8221; na ind\u00fastria de materiais. A sobremoldagem por inje\u00e7\u00e3o com fibra de aramida e TPU oferece prote\u00e7\u00e3o completa ao seu telefone. O design criativo da estrutura met\u00e1lica n\u00e3o s\u00f3 protege a c\u00e2mera, como tamb\u00e9m serve como suporte para o telefone. Bot\u00f5es de metal independentes, cortados com precis\u00e3o para um ajuste perfeito. Com um \u00edm\u00e3 forte integrado, voc\u00ea pode aproveitar o MagSafe \u00e0 vontade<\/span><br \/>\n<span>.<\/span><\/p>\n<p><center><\/p>\n<div class=\" image-additional img-thumbnail-transparent photobox\"><a href=\"https:\/\/nillkin.org\/image\/data\/lenta\/18435\/1.jpg\"><img decoding=\"async\" class=\"loadimg\" src=\"https:\/\/nillkin.org\/image\/data\/lenta\/18435\/1.jpg\" alt=\"Capa Nillkin CarboProp Magnetic MagSafe com furo fino, vers\u00e3o com armadura de fibra de aramida para Samsung Galaxy S25 Ultra\" width=\"auto\" height=\"100%\" \/><\/a><\/div>\n<div class=\" image-additional img-thumbnail-transparent photobox\"><a href=\"https:\/\/nillkin.org\/image\/data\/lenta\/18435\/2.jpg\"><img decoding=\"async\" class=\"loadimg\" src=\"https:\/\/nillkin.org\/image\/data\/lenta\/18435\/2.jpg\" alt=\"Capa Nillkin CarboProp Magnetic MagSafe com furo fino, vers\u00e3o com armadura de fibra de aramida para Samsung Galaxy S25 Ultra\" width=\"auto\" height=\"100%\" \/><\/a><\/div>\n<div class=\" image-additional img-thumbnail-transparent photobox\"><a href=\"https:\/\/nillkin.org\/image\/data\/lenta\/18435\/3.jpg\"><img decoding=\"async\" class=\"loadimg\" src=\"https:\/\/nillkin.org\/image\/data\/lenta\/18435\/3.jpg\" alt=\"Capa Nillkin CarboProp Magnetic MagSafe com furo fino, vers\u00e3o com armadura de fibra de aramida para Samsung Galaxy S25 Ultra\" width=\"auto\" height=\"100%\" \/><\/a><\/div>\n<div class=\" image-additional img-thumbnail-transparent photobox\"><a href=\"https:\/\/nillkin.org\/image\/data\/lenta\/18435\/4.jpg\"><img decoding=\"async\" class=\"loadimg\" src=\"https:\/\/nillkin.org\/image\/data\/lenta\/18435\/4.jpg\" alt=\"Capa Nillkin CarboProp Magnetic MagSafe com furo fino, vers\u00e3o com armadura de fibra de aramida para Samsung Galaxy S25 Ultra\" width=\"auto\" height=\"100%\" \/><\/a><\/div>\n<div class=\" image-additional img-thumbnail-transparent photobox\"><a href=\"https:\/\/nillkin.org\/image\/data\/lenta\/18435\/5.jpg\"><img decoding=\"async\" class=\"loadimg\" src=\"https:\/\/nillkin.org\/image\/data\/lenta\/18435\/5.jpg\" alt=\"Capa Nillkin CarboProp Magnetic MagSafe com furo fino, vers\u00e3o com armadura de fibra de aramida para Samsung Galaxy S25 Ultra\" width=\"auto\" height=\"100%\" \/><\/a><\/div>\n<div class=\" image-additional img-thumbnail-transparent photobox\"><a href=\"https:\/\/nillkin.org\/image\/data\/lenta\/18435\/6.jpg\"><img decoding=\"async\" class=\"loadimg\" src=\"https:\/\/nillkin.org\/image\/data\/lenta\/18435\/6.jpg\" alt=\"Capa Nillkin CarboProp Magnetic MagSafe com furo fino, vers\u00e3o com armadura de fibra de aramida para Samsung Galaxy S25 Ultra\" width=\"auto\" height=\"100%\" \/><\/a><\/div>\n<div class=\" image-additional img-thumbnail-transparent photobox\"><a href=\"https:\/\/nillkin.org\/image\/data\/lenta\/18435\/7.jpg\"><img decoding=\"async\" class=\"loadimg\" src=\"https:\/\/nillkin.org\/image\/data\/lenta\/18435\/7.jpg\" alt=\"Capa Nillkin CarboProp Magnetic MagSafe com furo fino, vers\u00e3o com armadura de fibra de aramida para Samsung Galaxy S25 Ultra\" width=\"auto\" height=\"100%\" \/><\/a><\/div>\n<div class=\" image-additional img-thumbnail-transparent photobox\"><a href=\"https:\/\/nillkin.org\/image\/data\/lenta\/18435\/8.jpg\"><img decoding=\"async\" class=\"loadimg\" src=\"https:\/\/nillkin.org\/image\/data\/lenta\/18435\/8.jpg\" alt=\"Capa Nillkin CarboProp Magnetic MagSafe com furo fino, vers\u00e3o com armadura de fibra de aramida para Samsung Galaxy S25 Ultra\" width=\"auto\" height=\"100%\" \/><\/a><\/div>\n<div class=\" image-additional img-thumbnail-transparent photobox\"><a href=\"https:\/\/nillkin.org\/image\/data\/lenta\/18435\/9.jpg\"><img decoding=\"async\" class=\"loadimg\" src=\"https:\/\/nillkin.org\/image\/data\/lenta\/18435\/9.jpg\" alt=\"Capa Nillkin CarboProp Magnetic MagSafe com furo fino, vers\u00e3o com armadura de fibra de aramida para Samsung Galaxy S25 Ultra\" width=\"auto\" height=\"100%\" \/><\/a><\/div>\n<div class=\" image-additional img-thumbnail-transparent photobox\"><a href=\"https:\/\/nillkin.org\/image\/data\/lenta\/18435\/10.jpg\"><img decoding=\"async\" class=\"loadimg\" src=\"https:\/\/nillkin.org\/image\/data\/lenta\/18435\/10.jpg\" alt=\"Capa Nillkin CarboProp Magnetic MagSafe com furo fino, vers\u00e3o com armadura de fibra de aramida para Samsung Galaxy S25 Ultra\" width=\"auto\" height=\"100%\" \/><\/a><\/div>\n<p><\/center><\/p>\n","protected":false},"excerpt":{"rendered":"<p>Capa Nillkin CarboProp Magnetic MagSafe com furos finos em fibra de aramida para Samsung Galaxy S25 Ultra. A capa CarboProp \u00e9 feita de fibra de aramida, comumente conhecida como &#8220;ouro negro&#8221; na ind\u00fastria de materiais. A sobremoldagem por inje\u00e7\u00e3o com fibra de aramida e TPU oferece prote\u00e7\u00e3o completa ao seu telefone. O design criativo da [&#8230;]\n","protected":false},"featured_media":4646,"comment_status":"open","ping_status":"closed","template":"","meta":{"om_disable_all_campaigns":false,"_monsterinsights_skip_tracking":false,"_monsterinsights_sitenote_active":false,"_monsterinsights_sitenote_note":"","_monsterinsights_sitenote_category":0,"_joinchat":[]},"product_brand":[490],"product_cat":[298],"product_tag":[],"class_list":{"0":"post-4641","1":"product","2":"type-product","3":"status-publish","4":"has-post-thumbnail","6":"product_brand-nillkin","7":"product_cat-capas-samsung","9":"first","10":"instock","11":"taxable","12":"shipping-taxable","13":"purchasable","14":"product-type-simple"},"aioseo_notices":[],"jetpack_sharing_enabled":true,"_links":{"self":[{"href":"https:\/\/buetech.pt\/index.php?rest_route=\/wp\/v2\/product\/4641","targetHints":{"allow":["GET"]}}],"collection":[{"href":"https:\/\/buetech.pt\/index.php?rest_route=\/wp\/v2\/product"}],"about":[{"href":"https:\/\/buetech.pt\/index.php?rest_route=\/wp\/v2\/types\/product"}],"replies":[{"embeddable":true,"href":"https:\/\/buetech.pt\/index.php?rest_route=%2Fwp%2Fv2%2Fcomments&post=4641"}],"wp:featuredmedia":[{"embeddable":true,"href":"https:\/\/buetech.pt\/index.php?rest_route=\/wp\/v2\/media\/4646"}],"wp:attachment":[{"href":"https:\/\/buetech.pt\/index.php?rest_route=%2Fwp%2Fv2%2Fmedia&parent=4641"}],"wp:term":[{"taxonomy":"product_brand","embeddable":true,"href":"https:\/\/buetech.pt\/index.php?rest_route=%2Fwp%2Fv2%2Fproduct_brand&post=4641"},{"taxonomy":"product_cat","embeddable":true,"href":"https:\/\/buetech.pt\/index.php?rest_route=%2Fwp%2Fv2%2Fproduct_cat&post=4641"},{"taxonomy":"product_tag","embeddable":true,"href":"https:\/\/buetech.pt\/index.php?rest_route=%2Fwp%2Fv2%2Fproduct_tag&post=4641"}],"curies":[{"name":"wp","href":"https:\/\/api.w.org\/{rel}","templated":true}]}}