{"id":4657,"date":"2025-07-09T01:22:46","date_gmt":"2025-07-09T01:22:46","guid":{"rendered":"https:\/\/buetech.pt\/?post_type=product&#038;p=4657"},"modified":"2025-07-09T01:22:46","modified_gmt":"2025-07-09T01:22:46","slug":"capa-de-couro-nillkin-qin-pro-para-samsung-galaxy-z-fold6-fold-6-5g","status":"publish","type":"product","link":"https:\/\/buetech.pt\/?product=capa-de-couro-nillkin-qin-pro-para-samsung-galaxy-z-fold6-fold-6-5g","title":{"rendered":"Capa de couro Nillkin Qin Pro para Samsung Galaxy Z Fold6 (Fold 6 5G)"},"content":{"rendered":"<h2 data-end=\"225\" data-start=\"161\"><span>\ud83e\uddf5 Capa de couro Nillkin Qin Pro para Samsung Galaxy Z Fold6 (Fold 6 5G)<\/span><\/h2>\n<p data-end=\"313\" data-start=\"226\"><strong data-end=\"313\" data-start=\"226\"><span>Capa Flip Elegante | Couro Premium | Compartimento para Cart\u00e3o | Prote\u00e7\u00e3o Total | Ajuste Ultrafino<\/span><\/strong><\/p>\n<hr data-end=\"318\" data-start=\"315\" \/>\n<h3 data-end=\"356\" data-start=\"320\"><span>\u2728 Seja perfeito, seja extraordin\u00e1rio<\/span><\/h3>\n<p data-end=\"630\" data-start=\"357\"><span>Feita em\u00a0\u00a0<\/span><strong data-end=\"398\" data-start=\"370\"><span>couro texturizado leg\u00edtimo<\/span><\/strong><span>\u00a0, a capa de couro Nillkin Qin Pro combina\u00a0\u00a0<\/span><strong data-end=\"477\" data-start=\"442\"><span>luxo, conforto e prote\u00e7\u00e3o<\/span><\/strong><span>\u00a0\u00a0em um s\u00f3 produto sofisticado. Seu\u00a0\u00a0<\/span><strong data-end=\"541\" data-start=\"512\"><span>design cl\u00e1ssico com flip-cover<\/span><\/strong><span>\u00a0\u00a0oferece\u00a0\u00a0<\/span><strong data-end=\"571\" data-start=\"549\"><span>cobertura total,<\/span><\/strong><span>\u00a0\u00a0adicionando um toque de\u00a0\u00a0<\/span><strong data-end=\"614\" data-start=\"596\"><span>eleg\u00e2ncia nobre<\/span><\/strong><span>\u00a0\u00a0ao seu dispositivo.<\/span><\/p>\n<hr data-end=\"635\" data-start=\"632\" \/>\n<h3 data-end=\"675\" data-start=\"637\"><span>\ud83d\udc02 Artesanato em couro premium<\/span><\/h3>\n<ul data-end=\"834\" data-start=\"676\">\n<li data-end=\"730\" data-start=\"676\">\n<p data-end=\"730\" data-start=\"678\"><span>Feito com\u00a0\u00a0<\/span><strong data-end=\"728\" data-start=\"688\"><span>couro de alta qualidade e resistente \u00e0 sujeira<\/span><\/strong><\/p>\n<\/li>\n<li data-end=\"786\" data-start=\"731\">\n<p data-end=\"786\" data-start=\"733\"><span>Possui um\u00a0\u00a0<\/span><strong data-end=\"769\" data-start=\"744\"><span>forro macio e delicado<\/span><\/strong><span>\u00a0\u00a0para maior cuidado<\/span><\/p>\n<\/li>\n<li data-end=\"834\" data-start=\"787\">\n<p data-end=\"834\" data-start=\"789\"><strong data-end=\"810\" data-start=\"789\"><span>Textura antiderrapante<\/span><\/strong><span>\u00a0\u00a0garante uma pegada segura<\/span><\/p>\n<\/li>\n<\/ul>\n<hr data-end=\"839\" data-start=\"836\" \/>\n<h3 data-end=\"868\" data-start=\"841\"><span>\ud83d\udcb3 Slot para cart\u00e3o integrado<\/span><\/h3>\n<p data-end=\"992\" data-start=\"869\"><span>Vem com um\u00a0\u00a0<\/span><strong data-end=\"914\" data-start=\"882\"><span>compartimento interno fino e discreto<\/span><\/strong><span>\u00a0\u00a0\u2014 perfeito para armazenar um cart\u00e3o de cr\u00e9dito, documento de identidade ou passe de transporte sem adicionar volume.<\/span><\/p>\n<hr data-end=\"997\" data-start=\"994\" \/>\n<h3 data-end=\"1041\" data-start=\"999\"><span>\ud83d\udee1 Parte traseira do disco r\u00edgido do PC para prote\u00e7\u00e3o extra<\/span><\/h3>\n<p data-end=\"1181\" data-start=\"1042\"><span>O\u00a0\u00a0<\/span><strong data-end=\"1077\" data-start=\"1046\"><span>revestimento dur\u00e1vel de policarbonato<\/span><\/strong><span>\u00a0\u00a0refor\u00e7a a capa, proporcionando\u00a0\u00a0<\/span><strong data-end=\"1129\" data-start=\"1109\"><span>resist\u00eancia a choques<\/span><\/strong><span>\u00a0\u00a0e\u00a0\u00a0<\/span><strong data-end=\"1155\" data-start=\"1134\"><span>seguran\u00e7a total<\/span><\/strong><span>\u00a0\u00a0para seu smartphone.<\/span><\/p>\n<hr data-end=\"1186\" data-start=\"1183\" \/>\n<h3 data-end=\"1224\" data-start=\"1188\"><span>\ud83c\udfaf Ajuste de precis\u00e3o e f\u00e1cil acesso<\/span><\/h3>\n<p data-end=\"1367\" data-start=\"1225\"><span>Projetado para um\u00a0\u00a0<\/span><strong data-end=\"1261\" data-start=\"1240\"><span>ajuste perfeito e confort\u00e1vel<\/span><\/strong><span>\u00a0, \u00a0com\u00a0\u00a0<\/span><strong data-end=\"1290\" data-start=\"1267\"><span>portas cortadas com precis\u00e3o<\/span><\/strong><span>\u00a0, para que voc\u00ea possa\u00a0\u00a0<\/span><strong data-end=\"1340\" data-start=\"1303\"><span>carregar, sincronizar e usar todos os bot\u00f5es<\/span><\/strong><span>\u00a0\u00a0sem remover o estojo.<\/span><\/p>\n<hr data-end=\"1372\" data-start=\"1369\" \/>\n<h3 data-end=\"1408\" data-start=\"1374\"><span>\ud83d\udcf1 Ultrafino, Ultraestiloso<\/span><\/h3>\n<p data-end=\"1584\" data-start=\"1409\"><span>Apesar do seu\u00a0\u00a0<\/span><strong data-end=\"1453\" data-start=\"1421\"><span>perfil leve e fino<\/span><\/strong><span>\u00a0, a capa oferece\u00a0\u00a0<\/span><strong data-end=\"1497\" data-start=\"1473\"><span>excelente prote\u00e7\u00e3o<\/span><\/strong><span>\u00a0\u00a0contra impactos e arranh\u00f5es do dia a dia, sem comprometer a apar\u00eancia elegante do seu telefone.<\/span><\/p>\n<hr data-end=\"1589\" data-start=\"1586\" \/>\n<p data-end=\"1778\" data-start=\"1591\"><span>\u2705\u00a0\u00a0<\/span><strong data-end=\"1616\" data-start=\"1593\"><span>Por que escolher a Qin Pro?<\/span><\/strong><br data-end=\"1619\" data-start=\"1616\" \/><span>Porque ela combina\u00a0\u00a0<\/span><strong data-end=\"1695\" data-start=\"1639\"><span>estilo cl\u00e1ssico, recursos inteligentes e materiais dur\u00e1veis<\/span><\/strong><span>\u00a0\u00a0\u200b\u200bem uma capa protetora premium \u2014 perfeita para o trabalho, viagens ou eleg\u00e2ncia do dia a dia.<\/span><\/p>\n<p><center><\/p>\n<div class=\" image-additional img-thumbnail-transparent photobox\"><a href=\"https:\/\/nillkin.org\/image\/data\/lenta\/18204\/1001_01.jpg\"><img decoding=\"async\" class=\"loadimg\" src=\"https:\/\/nillkin.org\/image\/data\/lenta\/18204\/1001_01.jpg\" alt=\"Capa de couro Nillkin Qin Pro para Samsung Galaxy Z Fold6 (Fold 6 5G)\" width=\"auto\" height=\"100%\" \/><\/a><\/div>\n<div class=\" image-additional img-thumbnail-transparent photobox\"><a href=\"https:\/\/nillkin.org\/image\/data\/lenta\/18204\/1001_02.jpg\"><img decoding=\"async\" class=\"loadimg\" src=\"https:\/\/nillkin.org\/image\/data\/lenta\/18204\/1001_02.jpg\" alt=\"Capa de couro Nillkin Qin Pro para Samsung Galaxy Z Fold6 (Fold 6 5G)\" width=\"auto\" height=\"100%\" \/><\/a><\/div>\n<div class=\" image-additional img-thumbnail-transparent photobox\"><a href=\"https:\/\/nillkin.org\/image\/data\/lenta\/18204\/1001_03.jpg\"><img decoding=\"async\" class=\"loadimg\" src=\"https:\/\/nillkin.org\/image\/data\/lenta\/18204\/1001_03.jpg\" alt=\"Capa de couro Nillkin Qin Pro para Samsung Galaxy Z Fold6 (Fold 6 5G)\" width=\"auto\" height=\"100%\" \/><\/a><\/div>\n<div class=\" image-additional img-thumbnail-transparent photobox\"><a href=\"https:\/\/nillkin.org\/image\/data\/lenta\/18204\/1001_04.jpg\"><img decoding=\"async\" class=\"loadimg\" src=\"https:\/\/nillkin.org\/image\/data\/lenta\/18204\/1001_04.jpg\" alt=\"Capa de couro Nillkin Qin Pro para Samsung Galaxy Z Fold6 (Fold 6 5G)\" width=\"auto\" height=\"100%\" \/><\/a><\/div>\n<div class=\" image-additional img-thumbnail-transparent photobox\"><a href=\"https:\/\/nillkin.org\/image\/data\/lenta\/18204\/1001_05.jpg\"><img decoding=\"async\" class=\"loadimg\" src=\"https:\/\/nillkin.org\/image\/data\/lenta\/18204\/1001_05.jpg\" alt=\"Capa de couro Nillkin Qin Pro para Samsung Galaxy Z Fold6 (Fold 6 5G)\" width=\"auto\" height=\"100%\" \/><\/a><\/div>\n<div class=\" image-additional img-thumbnail-transparent photobox\"><a href=\"https:\/\/nillkin.org\/image\/data\/lenta\/18204\/1001_06.jpg\"><img decoding=\"async\" class=\"loadimg\" src=\"https:\/\/nillkin.org\/image\/data\/lenta\/18204\/1001_06.jpg\" alt=\"Capa de couro Nillkin Qin Pro para Samsung Galaxy Z Fold6 (Fold 6 5G)\" width=\"auto\" height=\"100%\" \/><\/a><\/div>\n<div class=\" image-additional img-thumbnail-transparent photobox\"><a href=\"https:\/\/nillkin.org\/image\/data\/lenta\/18204\/1001_07.jpg\"><img decoding=\"async\" class=\"loadimg\" src=\"https:\/\/nillkin.org\/image\/data\/lenta\/18204\/1001_07.jpg\" alt=\"Capa de couro Nillkin Qin Pro para Samsung Galaxy Z Fold6 (Fold 6 5G)\" width=\"auto\" height=\"100%\" \/><\/a><\/div>\n<div class=\" image-additional img-thumbnail-transparent photobox\"><a href=\"https:\/\/nillkin.org\/image\/data\/lenta\/18204\/1001_08.jpg\"><img decoding=\"async\" class=\"loadimg\" src=\"https:\/\/nillkin.org\/image\/data\/lenta\/18204\/1001_08.jpg\" alt=\"Capa de couro Nillkin Qin Pro para Samsung Galaxy Z Fold6 (Fold 6 5G)\" width=\"auto\" height=\"100%\" \/><\/a><\/div>\n<div class=\" image-additional img-thumbnail-transparent photobox\"><a href=\"https:\/\/nillkin.org\/image\/data\/lenta\/18204\/1001_09.jpg\"><img decoding=\"async\" class=\"loadimg\" src=\"https:\/\/nillkin.org\/image\/data\/lenta\/18204\/1001_09.jpg\" alt=\"Capa de couro Nillkin Qin Pro para Samsung Galaxy Z Fold6 (Fold 6 5G)\" width=\"auto\" height=\"100%\" \/><\/a><\/div>\n<div class=\" image-additional img-thumbnail-transparent photobox\"><a href=\"https:\/\/nillkin.org\/image\/data\/lenta\/18204\/1001_10.jpg\"><img decoding=\"async\" class=\"loadimg\" src=\"https:\/\/nillkin.org\/image\/data\/lenta\/18204\/1001_10.jpg\" alt=\"Capa de couro Nillkin Qin Pro para Samsung Galaxy Z Fold6 (Fold 6 5G)\" width=\"auto\" height=\"100%\" \/><\/a><\/div>\n<div class=\" image-additional img-thumbnail-transparent photobox\"><a href=\"https:\/\/nillkin.org\/image\/data\/lenta\/18204\/1001_11.jpg\"><img decoding=\"async\" class=\"loadimg\" src=\"https:\/\/nillkin.org\/image\/data\/lenta\/18204\/1001_11.jpg\" alt=\"Capa de couro Nillkin Qin Pro para Samsung Galaxy Z Fold6 (Fold 6 5G)\" width=\"auto\" height=\"100%\" \/><\/a><\/div>\n<div class=\" image-additional img-thumbnail-transparent photobox\"><a href=\"https:\/\/nillkin.org\/image\/data\/lenta\/18204\/1001_12.jpg\"><img decoding=\"async\" class=\"loadimg\" src=\"https:\/\/nillkin.org\/image\/data\/lenta\/18204\/1001_12.jpg\" alt=\"Capa de couro Nillkin Qin Pro para Samsung Galaxy Z Fold6 (Fold 6 5G)\" width=\"auto\" height=\"100%\" \/><\/a><\/div>\n<div class=\" image-additional img-thumbnail-transparent photobox\"><a href=\"https:\/\/nillkin.org\/image\/data\/lenta\/18204\/1001_13.jpg\"><img decoding=\"async\" class=\"loadimg\" src=\"https:\/\/nillkin.org\/image\/data\/lenta\/18204\/1001_13.jpg\" alt=\"Capa de couro Nillkin Qin Pro para Samsung Galaxy Z Fold6 (Fold 6 5G)\" width=\"auto\" height=\"100%\" \/><\/a><\/div>\n<div class=\" image-additional img-thumbnail-transparent photobox\"><a href=\"https:\/\/nillkin.org\/image\/data\/lenta\/18204\/1001_14.jpg\"><img decoding=\"async\" class=\"loadimg\" src=\"https:\/\/nillkin.org\/image\/data\/lenta\/18204\/1001_14.jpg\" alt=\"Capa de couro Nillkin Qin Pro para Samsung Galaxy Z Fold6 (Fold 6 5G)\" width=\"auto\" height=\"100%\" \/><\/a><\/div>\n<div class=\" image-additional img-thumbnail-transparent photobox\"><a href=\"https:\/\/nillkin.org\/image\/data\/lenta\/18204\/1001_15.jpg\"><img decoding=\"async\" class=\"loadimg\" src=\"https:\/\/nillkin.org\/image\/data\/lenta\/18204\/1001_15.jpg\" alt=\"Capa de couro Nillkin Qin Pro para Samsung Galaxy Z Fold6 (Fold 6 5G)\" width=\"auto\" height=\"100%\" \/><\/a><\/div>\n<div class=\" image-additional img-thumbnail-transparent photobox\"><a href=\"https:\/\/nillkin.org\/image\/data\/lenta\/18204\/1001_16.jpg\"><img decoding=\"async\" class=\"loadimg\" src=\"https:\/\/nillkin.org\/image\/data\/lenta\/18204\/1001_16.jpg\" alt=\"Capa de couro Nillkin Qin Pro para Samsung Galaxy Z Fold6 (Fold 6 5G)\" width=\"auto\" height=\"100%\" \/><\/a><\/div>\n<p><\/center><\/p>\n","protected":false},"excerpt":{"rendered":"<p>\ud83e\uddf5 Capa de couro Nillkin Qin Pro para Samsung Galaxy Z Fold6 (Fold 6 5G) Capa Flip Elegante | Couro Premium | Compartimento para Cart\u00e3o | Prote\u00e7\u00e3o Total | Ajuste Ultrafino \u2728 Seja perfeito, seja extraordin\u00e1rio Feita em\u00a0\u00a0couro texturizado leg\u00edtimo\u00a0, a capa de couro Nillkin Qin Pro combina\u00a0\u00a0luxo, conforto e prote\u00e7\u00e3o\u00a0\u00a0em um s\u00f3 produto sofisticado. [&#8230;]\n","protected":false},"featured_media":4658,"comment_status":"open","ping_status":"closed","template":"","meta":{"om_disable_all_campaigns":false,"_monsterinsights_skip_tracking":false,"_monsterinsights_sitenote_active":false,"_monsterinsights_sitenote_note":"","_monsterinsights_sitenote_category":0,"_joinchat":[]},"product_brand":[490],"product_cat":[298],"product_tag":[],"class_list":{"0":"post-4657","1":"product","2":"type-product","3":"status-publish","4":"has-post-thumbnail","6":"product_brand-nillkin","7":"product_cat-capas-samsung","9":"first","10":"instock","11":"taxable","12":"shipping-taxable","13":"purchasable","14":"product-type-simple"},"aioseo_notices":[],"jetpack_sharing_enabled":true,"_links":{"self":[{"href":"https:\/\/buetech.pt\/index.php?rest_route=\/wp\/v2\/product\/4657","targetHints":{"allow":["GET"]}}],"collection":[{"href":"https:\/\/buetech.pt\/index.php?rest_route=\/wp\/v2\/product"}],"about":[{"href":"https:\/\/buetech.pt\/index.php?rest_route=\/wp\/v2\/types\/product"}],"replies":[{"embeddable":true,"href":"https:\/\/buetech.pt\/index.php?rest_route=%2Fwp%2Fv2%2Fcomments&post=4657"}],"wp:featuredmedia":[{"embeddable":true,"href":"https:\/\/buetech.pt\/index.php?rest_route=\/wp\/v2\/media\/4658"}],"wp:attachment":[{"href":"https:\/\/buetech.pt\/index.php?rest_route=%2Fwp%2Fv2%2Fmedia&parent=4657"}],"wp:term":[{"taxonomy":"product_brand","embeddable":true,"href":"https:\/\/buetech.pt\/index.php?rest_route=%2Fwp%2Fv2%2Fproduct_brand&post=4657"},{"taxonomy":"product_cat","embeddable":true,"href":"https:\/\/buetech.pt\/index.php?rest_route=%2Fwp%2Fv2%2Fproduct_cat&post=4657"},{"taxonomy":"product_tag","embeddable":true,"href":"https:\/\/buetech.pt\/index.php?rest_route=%2Fwp%2Fv2%2Fproduct_tag&post=4657"}],"curies":[{"name":"wp","href":"https:\/\/api.w.org\/{rel}","templated":true}]}}