{"id":4717,"date":"2025-07-09T14:08:38","date_gmt":"2025-07-09T14:08:38","guid":{"rendered":"https:\/\/buetech.pt\/?post_type=product&#038;p=4717"},"modified":"2025-07-09T14:08:38","modified_gmt":"2025-07-09T14:08:38","slug":"carregador-rapido-mcdodo-mini-gan-5-de-67-w","status":"publish","type":"product","link":"https:\/\/buetech.pt\/?product=carregador-rapido-mcdodo-mini-gan-5-de-67-w","title":{"rendered":"Carregador r\u00e1pido Mcdodo Mini GaN 5 de 67 W"},"content":{"rendered":"<p><span>Tecnologia GaN 5.0: O Futuro do Carregamento<\/span><br \/>\n<span>Descubra o incr\u00edvel potencial do GaN 5.0, o material semicondutor de quinta gera\u00e7\u00e3o que conquistou espa\u00e7o na eletr\u00f4nica militar, esta\u00e7\u00f5es base de comunica\u00e7\u00e3o e tecnologia aeroespacial por sua confiabilidade incompar\u00e1vel. Agora, voc\u00ea pode aproveitar essa tecnologia de ponta na palma da sua m\u00e3o.<\/span><\/p>\n<p><span>67W de efici\u00eancia not\u00e1vel<\/span><\/p>\n<p><span>O Mini Carregador Mcdodo GaN 5 re\u00fane impressionantes 67 watts de pura pot\u00eancia em sua estrutura compacta. \u00c9 60% menor que os carregadores convencionais, mas oferece a mesma pot\u00eancia formid\u00e1vel. Experimente maior efici\u00eancia, tudo em um pacote mais compacto e seguro.<\/span><\/p>\n<p><span>Tr\u00eas portas para conveni\u00eancia incompar\u00e1vel<\/span><\/p>\n<p><span>Com tr\u00eas portas, cada uma com capacidade de 67 W, este carregador \u00e9 uma pot\u00eancia vers\u00e1til. Se voc\u00ea precisa carregar rapidamente seu laptop, smartphone, tablet ou outros dispositivos, ele tem tudo o que voc\u00ea precisa. Gra\u00e7as \u00e0 distribui\u00e7\u00e3o inteligente de energia, seus dispositivos recebem exatamente a energia necess\u00e1ria para um carregamento seguro e eficiente.<\/span><\/p>\n<p><span>Compatibilidade Universal<\/span><\/p>\n<p><span>Nosso Mini Carregador GaN 5 suporta os principais protocolos de carregamento r\u00e1pido, incluindo PD3.0, QC4.0+, QC3.0, SCP, FCP, AFC, PE e muito mais. Ele pode carregar seu iPhone 14 em at\u00e9 50% em apenas 30 minutos, seu iPad Pro em apenas 1 hora, seu MacBook Air em 2,5 horas e seu Huawei P40 em apenas 30 minutos!<\/span><\/p>\n","protected":false},"excerpt":{"rendered":"<p>Tecnologia GaN 5.0: O Futuro do Carregamento Descubra o incr\u00edvel potencial do GaN 5.0, o material semicondutor de quinta gera\u00e7\u00e3o que conquistou espa\u00e7o na eletr\u00f4nica militar, esta\u00e7\u00f5es base de comunica\u00e7\u00e3o e tecnologia aeroespacial por sua confiabilidade incompar\u00e1vel. Agora, voc\u00ea pode aproveitar essa tecnologia de ponta na palma da sua m\u00e3o. 67W de efici\u00eancia not\u00e1vel O [&#8230;]\n","protected":false},"featured_media":4718,"comment_status":"open","ping_status":"closed","template":"","meta":{"om_disable_all_campaigns":false,"_monsterinsights_skip_tracking":false,"_monsterinsights_sitenote_active":false,"_monsterinsights_sitenote_note":"","_monsterinsights_sitenote_category":0,"_joinchat":[]},"product_brand":[487],"product_cat":[352],"product_tag":[],"class_list":{"0":"post-4717","1":"product","2":"type-product","3":"status-publish","4":"has-post-thumbnail","6":"product_brand-mcdodo","7":"product_cat-carregadores","9":"first","10":"instock","11":"taxable","12":"shipping-taxable","13":"purchasable","14":"product-type-simple"},"aioseo_notices":[],"jetpack_sharing_enabled":true,"_links":{"self":[{"href":"https:\/\/buetech.pt\/index.php?rest_route=\/wp\/v2\/product\/4717","targetHints":{"allow":["GET"]}}],"collection":[{"href":"https:\/\/buetech.pt\/index.php?rest_route=\/wp\/v2\/product"}],"about":[{"href":"https:\/\/buetech.pt\/index.php?rest_route=\/wp\/v2\/types\/product"}],"replies":[{"embeddable":true,"href":"https:\/\/buetech.pt\/index.php?rest_route=%2Fwp%2Fv2%2Fcomments&post=4717"}],"wp:featuredmedia":[{"embeddable":true,"href":"https:\/\/buetech.pt\/index.php?rest_route=\/wp\/v2\/media\/4718"}],"wp:attachment":[{"href":"https:\/\/buetech.pt\/index.php?rest_route=%2Fwp%2Fv2%2Fmedia&parent=4717"}],"wp:term":[{"taxonomy":"product_brand","embeddable":true,"href":"https:\/\/buetech.pt\/index.php?rest_route=%2Fwp%2Fv2%2Fproduct_brand&post=4717"},{"taxonomy":"product_cat","embeddable":true,"href":"https:\/\/buetech.pt\/index.php?rest_route=%2Fwp%2Fv2%2Fproduct_cat&post=4717"},{"taxonomy":"product_tag","embeddable":true,"href":"https:\/\/buetech.pt\/index.php?rest_route=%2Fwp%2Fv2%2Fproduct_tag&post=4717"}],"curies":[{"name":"wp","href":"https:\/\/api.w.org\/{rel}","templated":true}]}}