{"id":4735,"date":"2025-07-09T14:50:57","date_gmt":"2025-07-09T14:50:57","guid":{"rendered":"https:\/\/buetech.pt\/?post_type=product&#038;p=4735"},"modified":"2025-07-09T14:51:19","modified_gmt":"2025-07-09T14:51:19","slug":"adaptador-de-viagem-mcdodo-g1-20w-pd","status":"publish","type":"product","link":"https:\/\/buetech.pt\/?product=adaptador-de-viagem-mcdodo-g1-20w-pd","title":{"rendered":"Adaptador de viagem Mcdodo G1 20W PD"},"content":{"rendered":"<section id=\"shopify-section-template--18090768728370__main\" class=\"shopify-section section section_single-product section_product section_template__product\">\n<section class=\"section-style-template--18090768728370__main\">\n<div class=\"container\">\n<div class=\"product-scope type_carousel-horizontal use_border_thumbs product-scope--only-def \">\n<div class=\"container product-details-info px-0\">\n<div class=\"product-details-wrapper tab_content_wrapper\">\n<div class=\"tab_content_bg\">\n<div class=\"tab_content\">\n<div class=\"tab_item tab_item_1 active\">\n<div class=\"product_description rte\">\n<div>\n<p>Material: PC \u00e0 prova de fogo<br \/>\nEntrada: 100-240 V ~ 50\/60 Hz 600 mA<br \/>\nSa\u00edda: USB-C: 5 V \u2393 3 A, 9 V \u2393 2,22 A, 12 V \u2393 1,67 A<br \/>\nUSB-A1\/ USB-A2: 5 V \u2393 3 A, 9 V \u2393 2 A, 12 V \u2393 1,5 A<br \/>\nSa\u00edda total: 5 V \u2393 3 A<\/p>\n<p>Caracter\u00edstica do produto:<br \/>\n1. Carregamento r\u00e1pido USB-C PD de 20 W<br \/>\n2. O adaptador de viagem universal \u00e9 compat\u00edvel com tomadas em mais de 200 pa\u00edses e regi\u00f5es<br \/>\n3. Design pequeno e leve<\/p>\n<p><img decoding=\"async\" src=\"https:\/\/cdn.shopify.com\/s\/files\/1\/0668\/4308\/3058\/files\/g1-series-universal-adapter-details-01_jpg_2048x2048.jpg?v=1682412465\" alt=\"\" \/><\/p>\n<p><img decoding=\"async\" src=\"https:\/\/cdn.shopify.com\/s\/files\/1\/0668\/4308\/3058\/files\/g1-series-universal-adapter-details-02_jpg_2048x2048.jpg?v=1682412474\" alt=\"\" \/><\/p>\n<p><img decoding=\"async\" src=\"https:\/\/cdn.shopify.com\/s\/files\/1\/0668\/4308\/3058\/files\/g1-series-universal-adapter-details-03_jpg_2048x2048.jpg?v=1682412483\" alt=\"\" \/><\/p>\n<p><img decoding=\"async\" src=\"https:\/\/cdn.shopify.com\/s\/files\/1\/0668\/4308\/3058\/files\/g1-series-universal-adapter-details-04_jpg_2048x2048.jpg?v=1682412492\" alt=\"\" \/><\/p>\n<p><img decoding=\"async\" src=\"https:\/\/cdn.shopify.com\/s\/files\/1\/0668\/4308\/3058\/files\/g1-series-universal-adapter-details-05_jpg_2048x2048.jpg?v=1682412502\" alt=\"\" \/><\/p>\n<p><img decoding=\"async\" src=\"https:\/\/cdn.shopify.com\/s\/files\/1\/0668\/4308\/3058\/files\/g1-series-universal-adapter-details-06_jpg_2048x2048.jpg?v=1682412511\" alt=\"\" \/><\/p>\n<p><img decoding=\"async\" src=\"https:\/\/cdn.shopify.com\/s\/files\/1\/0668\/4308\/3058\/files\/g1-series-universal-adapter-details-07_jpg_2048x2048.jpg?v=1682412520\" alt=\"\" \/><\/p>\n<\/div>\n<\/div>\n<\/div>\n<\/div>\n<\/div>\n<\/div>\n<\/div>\n<\/div>\n<\/div>\n<\/section>\n<\/section>\n<section id=\"shopify-section-template--18090768728370__loox-product-reviews-app-section\" class=\"shopify-section section\">\n<div class=\"section-style-template--18090768728370__loox-product-reviews-app-section\">\n<div class=\"container\">\n<div id=\"shopify-block-AbjlJamEyVnJDNk82c__loox-product-reviews\" class=\"shopify-block shopify-app-block\"><\/div>\n<\/div>\n<\/div>\n<\/section>\n","protected":false},"excerpt":{"rendered":"<p>Material: PC \u00e0 prova de fogo Entrada: 100-240 V ~ 50\/60 Hz 600 mA Sa\u00edda: USB-C: 5 V \u2393 3 A, 9 V \u2393 2,22 A, 12 V \u2393 1,67 A USB-A1\/ USB-A2: 5 V \u2393 3 A, 9 V \u2393 2 A, 12 V \u2393 1,5 A Sa\u00edda total: 5 V \u2393 3 A [&#8230;]\n","protected":false},"featured_media":4740,"comment_status":"open","ping_status":"closed","template":"","meta":{"om_disable_all_campaigns":false,"_monsterinsights_skip_tracking":false,"_monsterinsights_sitenote_active":false,"_monsterinsights_sitenote_note":"","_monsterinsights_sitenote_category":0,"_joinchat":[]},"product_brand":[],"product_cat":[352],"product_tag":[],"class_list":{"0":"post-4735","1":"product","2":"type-product","3":"status-publish","4":"has-post-thumbnail","6":"product_cat-carregadores","8":"first","9":"instock","10":"taxable","11":"shipping-taxable","12":"purchasable","13":"product-type-simple"},"aioseo_notices":[],"jetpack_sharing_enabled":true,"_links":{"self":[{"href":"https:\/\/buetech.pt\/index.php?rest_route=\/wp\/v2\/product\/4735","targetHints":{"allow":["GET"]}}],"collection":[{"href":"https:\/\/buetech.pt\/index.php?rest_route=\/wp\/v2\/product"}],"about":[{"href":"https:\/\/buetech.pt\/index.php?rest_route=\/wp\/v2\/types\/product"}],"replies":[{"embeddable":true,"href":"https:\/\/buetech.pt\/index.php?rest_route=%2Fwp%2Fv2%2Fcomments&post=4735"}],"wp:featuredmedia":[{"embeddable":true,"href":"https:\/\/buetech.pt\/index.php?rest_route=\/wp\/v2\/media\/4740"}],"wp:attachment":[{"href":"https:\/\/buetech.pt\/index.php?rest_route=%2Fwp%2Fv2%2Fmedia&parent=4735"}],"wp:term":[{"taxonomy":"product_brand","embeddable":true,"href":"https:\/\/buetech.pt\/index.php?rest_route=%2Fwp%2Fv2%2Fproduct_brand&post=4735"},{"taxonomy":"product_cat","embeddable":true,"href":"https:\/\/buetech.pt\/index.php?rest_route=%2Fwp%2Fv2%2Fproduct_cat&post=4735"},{"taxonomy":"product_tag","embeddable":true,"href":"https:\/\/buetech.pt\/index.php?rest_route=%2Fwp%2Fv2%2Fproduct_tag&post=4735"}],"curies":[{"name":"wp","href":"https:\/\/api.w.org\/{rel}","templated":true}]}}