{"id":4787,"date":"2025-07-12T11:57:44","date_gmt":"2025-07-12T11:57:44","guid":{"rendered":"https:\/\/buetech.pt\/?post_type=product&#038;p=4787"},"modified":"2025-07-12T11:57:44","modified_gmt":"2025-07-12T11:57:44","slug":"auriculares-yesido-jb20-bluetooth-5-3-de-alta-qualidade","status":"publish","type":"product","link":"https:\/\/buetech.pt\/?product=auriculares-yesido-jb20-bluetooth-5-3-de-alta-qualidade","title":{"rendered":"Auriculares YESIDO JB20 Bluetooth 5.3 de Alta Qualidade"},"content":{"rendered":"<div id=\"shopify-section-template--18887838466211__main-product\" class=\"shopify-section with-mobile-tab\">\n<article id=\"main-product\" class=\"m6pr m6pr-template--18887838466211__main-product\" data-template=\"template--18887838466211__main-product\" data-form-id=\"main-product-form-8663220945059\" data-product-url=\"\/en\/products\/yesido-jb20-reduced-version-tws-earphone\">\n<div class=\"l4pr-container\">\n<footer class=\"m6tb static desktop-only base-font tabs-initialized\">\n<div>\n<div class=\"has-anchor\" data-index=\"1\">\n<div class=\"tabs-inner\">\n<p><strong><span>Descri\u00e7\u00e3o:<\/span><\/strong><\/p>\n<p><span>O fone de ouvido TWS Yesido JB20 vers\u00e3o reduzida oferece um design elegante e compacto para a conveni\u00eancia de \u00e1udio verdadeiramente sem fio. Projetados para conforto e desempenho, estes fones de ouvido oferecem som cristalino para m\u00fasica e chamadas. O estojo de carregamento incluso garante maior dura\u00e7\u00e3o da bateria, tornando-o ideal para o uso di\u00e1rio.<\/span><\/p>\n<p>&nbsp;<\/p>\n<p><strong><span>Principais caracter\u00edsticas:<\/span><\/strong><\/p>\n<ul>\n<li><strong><span>Design compacto e leve:<\/span><\/strong><span>\u00a0proporciona um ajuste confort\u00e1vel para uso a longo prazo.<\/span><\/li>\n<li><strong><span>True Wireless Stereo (TWS):<\/span><\/strong><span>\u00a0garante som envolvente e de alta qualidade.<\/span><\/li>\n<li><strong><span>Estojo de carregamento inclu\u00eddo:<\/span><\/strong><span>\u00a0aumenta o tempo de reprodu\u00e7\u00e3o e mant\u00e9m os fones de ouvido carregados em qualquer lugar.<\/span><\/li>\n<li><strong><span>Controle por toque:<\/span><\/strong><span>\u00a0permite f\u00e1cil gerenciamento de m\u00fasicas e chamadas.<\/span><\/li>\n<li><strong><span>Compatibilidade universal:<\/span><\/strong><span>\u00a0funciona perfeitamente com dispositivos habilitados para Bluetooth.<\/span><\/li>\n<\/ul>\n<p>&nbsp;<\/p>\n<p><strong><span>Especifica\u00e7\u00f5es:<\/span><\/strong><\/p>\n<ul>\n<li><strong><span>Compatibilidade:<\/span><\/strong><span>\u00a0dispositivos habilitados para Bluetooth, como smartphones e tablets<\/span><\/li>\n<li><strong><span>Material:<\/span><\/strong><span>\u00a0Pl\u00e1stico de alta qualidade com design ergon\u00f4mico<\/span><\/li>\n<li><strong><span>Cor:<\/span><\/strong><span>\u00a0Branco<\/span><\/li>\n<li><strong><span>Dimens\u00f5es:<\/span><\/strong><span>\u00a0Design compacto de fone de ouvido e estojo de carregamento<\/span><\/li>\n<li><strong><span>Dura\u00e7\u00e3o da bateria:<\/span><\/strong><span>\u00a0estendida com o estojo de carregamento inclu\u00eddo<\/span><\/li>\n<li><strong><span>Caracter\u00edsticas especiais:<\/span><\/strong><span>\u00a0tecnologia TWS, controles de toque, design leve<\/span><\/li>\n<\/ul>\n<\/div>\n<\/div>\n<\/div>\n<\/footer>\n<\/div>\n<\/article>\n<\/div>\n","protected":false},"excerpt":{"rendered":"<p>Descri\u00e7\u00e3o: O fone de ouvido TWS Yesido JB20 vers\u00e3o reduzida oferece um design elegante e compacto para a conveni\u00eancia de \u00e1udio verdadeiramente sem fio. Projetados para conforto e desempenho, estes fones de ouvido oferecem som cristalino para m\u00fasica e chamadas. O estojo de carregamento incluso garante maior dura\u00e7\u00e3o da bateria, tornando-o ideal para o uso [&#8230;]\n","protected":false},"featured_media":4792,"comment_status":"open","ping_status":"closed","template":"","meta":{"om_disable_all_campaigns":false,"_monsterinsights_skip_tracking":false,"_monsterinsights_sitenote_active":false,"_monsterinsights_sitenote_note":"","_monsterinsights_sitenote_category":0,"_joinchat":[]},"product_brand":[486],"product_cat":[132],"product_tag":[],"class_list":{"0":"post-4787","1":"product","2":"type-product","3":"status-publish","4":"has-post-thumbnail","6":"product_brand-yesido","7":"product_cat-auriculares-auscultadores","9":"first","10":"instock","11":"taxable","12":"shipping-taxable","13":"purchasable","14":"product-type-simple"},"aioseo_notices":[],"jetpack_sharing_enabled":true,"_links":{"self":[{"href":"https:\/\/buetech.pt\/index.php?rest_route=\/wp\/v2\/product\/4787","targetHints":{"allow":["GET"]}}],"collection":[{"href":"https:\/\/buetech.pt\/index.php?rest_route=\/wp\/v2\/product"}],"about":[{"href":"https:\/\/buetech.pt\/index.php?rest_route=\/wp\/v2\/types\/product"}],"replies":[{"embeddable":true,"href":"https:\/\/buetech.pt\/index.php?rest_route=%2Fwp%2Fv2%2Fcomments&post=4787"}],"wp:featuredmedia":[{"embeddable":true,"href":"https:\/\/buetech.pt\/index.php?rest_route=\/wp\/v2\/media\/4792"}],"wp:attachment":[{"href":"https:\/\/buetech.pt\/index.php?rest_route=%2Fwp%2Fv2%2Fmedia&parent=4787"}],"wp:term":[{"taxonomy":"product_brand","embeddable":true,"href":"https:\/\/buetech.pt\/index.php?rest_route=%2Fwp%2Fv2%2Fproduct_brand&post=4787"},{"taxonomy":"product_cat","embeddable":true,"href":"https:\/\/buetech.pt\/index.php?rest_route=%2Fwp%2Fv2%2Fproduct_cat&post=4787"},{"taxonomy":"product_tag","embeddable":true,"href":"https:\/\/buetech.pt\/index.php?rest_route=%2Fwp%2Fv2%2Fproduct_tag&post=4787"}],"curies":[{"name":"wp","href":"https:\/\/api.w.org\/{rel}","templated":true}]}}