{"id":4793,"date":"2025-07-12T12:00:33","date_gmt":"2025-07-12T12:00:33","guid":{"rendered":"https:\/\/buetech.pt\/?post_type=product&#038;p=4793"},"modified":"2025-07-12T12:00:34","modified_gmt":"2025-07-12T12:00:34","slug":"auriculares-bluetooth-yesido-true-wireless-jb21-branco","status":"publish","type":"product","link":"https:\/\/buetech.pt\/?product=auriculares-bluetooth-yesido-true-wireless-jb21-branco","title":{"rendered":"Auriculares Bluetooth Yesido True Wireless JB21 &#8211; Branco"},"content":{"rendered":"<p><span>Os fones de ouvido sem fio YESIDO &#8211; JB21 foram projetados para elevar sua experi\u00eancia auditiva com conveni\u00eancia, estilo e \u00f3tima qualidade de som.<\/span><\/p>\n<p><strong><span>Principais caracter\u00edsticas:<\/span><\/strong><\/p>\n<p><strong><span>Design verdadeiramente sem fio<\/span><\/strong><span>\u00a0: estes fones de ouvido oferecem uma experi\u00eancia verdadeiramente sem fio, libertando voc\u00ea das amarras dos cabos emaranhados. Desfrute de total liberdade de movimento enquanto ouve suas m\u00fasicas favoritas ou atende chamadas.<\/span><\/p>\n<p><strong><span>Som Imersivo<\/span><\/strong><span>\u00a0: Os fones de ouvido JB21 oferecem \u00e1udio imersivo com agudos n\u00edtidos, m\u00e9dios ricos e graves profundos. Seja para m\u00fasica, podcasts ou chamadas, estes fones de ouvido garantem uma experi\u00eancia sonora premium.<\/span><\/p>\n<p><strong><span>Emparelhamento sem esfor\u00e7o<\/span><\/strong><span>\u00a0: parear seus fones de ouvido com seus dispositivos \u00e9 muito f\u00e1cil gra\u00e7as ao design intuitivo. Desfrute de conex\u00f5es r\u00e1pidas e sem complica\u00e7\u00f5es com seu smartphone, tablet ou laptop.<\/span><\/p>\n<p><strong><span>Bateria de longa dura\u00e7\u00e3o<\/span><\/strong><span>\u00a0: com bateria de longa dura\u00e7\u00e3o, estes fones de ouvido oferecem horas de reprodu\u00e7\u00e3o cont\u00ednua ou conversa\u00e7\u00e3o. Ou\u00e7a m\u00fasica o dia todo sem precisar recarregar com frequ\u00eancia.<\/span><\/p>\n<p><strong><span>Ajuste confort\u00e1vel<\/span><\/strong><span>\u00a0: o design ergon\u00f4mico dos fones de ouvido garante um ajuste confort\u00e1vel e seguro. Seja para exerc\u00edcios, deslocamentos ou simplesmente para relaxar, eles permanecem confortavelmente no lugar.<\/span><\/p>\n<p><strong><span>Controles de toque<\/span><\/strong><span>\u00a0: gerencie suas m\u00fasicas e chamadas com facilidade usando os controles sens\u00edveis ao toque nos fones de ouvido. Ajuste o volume, reproduza\/pause, pule faixas, atenda chamadas e muito mais com gestos simples.<\/span><\/p>\n<p><strong><span>Estojo de carregamento<\/span><\/strong><span>\u00a0: O estojo de carregamento incluso n\u00e3o s\u00f3 mant\u00e9m seus fones de ouvido seguros, como tamb\u00e9m prolonga a vida \u00fatil da bateria. \u00c9 uma solu\u00e7\u00e3o compacta e port\u00e1til para carregamento em qualquer lugar.<\/span><\/p>\n<p><span>Os Fones de Ouvido Sem Fio YESIDO &#8211; JB21 foram projetados para quem busca um desempenho de \u00e1udio sem fio superior sem abrir m\u00e3o do estilo e do conforto. Com design elegante, qualidade de som premium e controles pr\u00e1ticos, estes fones de ouvido s\u00e3o os companheiros perfeitos para suas aventuras di\u00e1rias, treinos e momentos de lazer. Abrace o mundo do \u00e1udio sem fio com os fones de ouvido JB21 e experimente a m\u00fasica como ela deve ser ouvida.<\/span><\/p>\n<p><strong><span>Conte\u00fado da caixa<\/span><br \/>\n<\/strong><br \/>\n<span>1 x Fones de ouvido sem fio YESIDO &#8211; JB21<\/span><\/p>\n<p><span>1 x estojo de carregamento com capa softshell<\/span><\/p>\n","protected":false},"excerpt":{"rendered":"<p>Os fones de ouvido sem fio YESIDO &#8211; JB21 foram projetados para elevar sua experi\u00eancia auditiva com conveni\u00eancia, estilo e \u00f3tima qualidade de som. Principais caracter\u00edsticas: Design verdadeiramente sem fio\u00a0: estes fones de ouvido oferecem uma experi\u00eancia verdadeiramente sem fio, libertando voc\u00ea das amarras dos cabos emaranhados. Desfrute de total liberdade de movimento enquanto ouve [&#8230;]\n","protected":false},"featured_media":4795,"comment_status":"open","ping_status":"closed","template":"","meta":{"om_disable_all_campaigns":false,"_monsterinsights_skip_tracking":false,"_monsterinsights_sitenote_active":false,"_monsterinsights_sitenote_note":"","_monsterinsights_sitenote_category":0,"_joinchat":[]},"product_brand":[486],"product_cat":[132],"product_tag":[],"class_list":{"0":"post-4793","1":"product","2":"type-product","3":"status-publish","4":"has-post-thumbnail","6":"product_brand-yesido","7":"product_cat-auriculares-auscultadores","9":"first","10":"instock","11":"taxable","12":"shipping-taxable","13":"purchasable","14":"product-type-simple"},"aioseo_notices":[],"jetpack_sharing_enabled":true,"_links":{"self":[{"href":"https:\/\/buetech.pt\/index.php?rest_route=\/wp\/v2\/product\/4793","targetHints":{"allow":["GET"]}}],"collection":[{"href":"https:\/\/buetech.pt\/index.php?rest_route=\/wp\/v2\/product"}],"about":[{"href":"https:\/\/buetech.pt\/index.php?rest_route=\/wp\/v2\/types\/product"}],"replies":[{"embeddable":true,"href":"https:\/\/buetech.pt\/index.php?rest_route=%2Fwp%2Fv2%2Fcomments&post=4793"}],"wp:featuredmedia":[{"embeddable":true,"href":"https:\/\/buetech.pt\/index.php?rest_route=\/wp\/v2\/media\/4795"}],"wp:attachment":[{"href":"https:\/\/buetech.pt\/index.php?rest_route=%2Fwp%2Fv2%2Fmedia&parent=4793"}],"wp:term":[{"taxonomy":"product_brand","embeddable":true,"href":"https:\/\/buetech.pt\/index.php?rest_route=%2Fwp%2Fv2%2Fproduct_brand&post=4793"},{"taxonomy":"product_cat","embeddable":true,"href":"https:\/\/buetech.pt\/index.php?rest_route=%2Fwp%2Fv2%2Fproduct_cat&post=4793"},{"taxonomy":"product_tag","embeddable":true,"href":"https:\/\/buetech.pt\/index.php?rest_route=%2Fwp%2Fv2%2Fproduct_tag&post=4793"}],"curies":[{"name":"wp","href":"https:\/\/api.w.org\/{rel}","templated":true}]}}