{"id":4825,"date":"2025-07-12T12:53:57","date_gmt":"2025-07-12T12:53:57","guid":{"rendered":"https:\/\/buetech.pt\/?post_type=product&#038;p=4825"},"modified":"2025-07-12T12:53:57","modified_gmt":"2025-07-12T12:53:57","slug":"microfone-sem-fio-green-lion-3-em-1-preto","status":"publish","type":"product","link":"https:\/\/buetech.pt\/?product=microfone-sem-fio-green-lion-3-em-1-preto","title":{"rendered":"Microfone sem fio Green Lion 3 em 1 &#8211; Preto"},"content":{"rendered":"<div id=\"product_full_description\" class=\"oe_structure oe_empty mt16\">\n<section class=\"s_table_of_content o_cc o_cc1 o_colored_level pb0 pt0\" data-snippet=\"s_table_of_content\" data-name=\"Description 3\">\n<div class=\"container\">\n<div class=\"row s_nb_column_fixed\">\n<div class=\"col-lg-9 s_table_of_content_main oe_structure oe_empty o_colored_level\" data-name=\"Content\" data-editor-message-default=\"true\" data-editor-message=\"DRAG BUILDING BLOCKS HERE\">\n<section class=\"o_colored_level pb0\"><span class=\"text-black\"><span>O Microfone Sem Fio 3 em 1 Green Lion \u00e9 um dispositivo de \u00e1udio inovador, projetado para captura de som superior e versatilidade. Um de seus recursos de destaque s\u00e3o as tr\u00eas portas diferentes \u2013 USB-A, Tipo C e Lightning \u2013 que atendem a diversas necessidades de conectividade. Essas m\u00faltiplas portas oferecem flexibilidade incompar\u00e1vel, tornando-o compat\u00edvel com uma ampla gama de dispositivos, incluindo laptops, smartphones e tablets.<\/span><\/span><br \/>\n<b><\/b><span class=\"text-black\"><span>Impressionantemente, este microfone possui um alcance de 20 metros, tornando-o ideal para eventos, apresenta\u00e7\u00f5es e projetos multim\u00eddia. Sua bateria de 60 mAh garante um desempenho confi\u00e1vel e duradouro, essencial para uso ininterrupto em ocasi\u00f5es importantes.<\/span><\/span><\/p>\n<p>&nbsp;<\/p>\n<\/section>\n<section class=\"o_colored_level pb0\">\n<h2 id=\"table_of_content_heading_1691419851721_3760\" data-anchor=\"true\"><span class=\"text-o-color-1 o_default_snippet_text\"><span>Especifica\u00e7\u00e3o<\/span><\/span><\/h2>\n<ul>\n<li class=\"o_default_snippet_text\"><span class=\"o_default_snippet_text\"><strong><span>Marca<\/span><\/strong><\/span><strong><span>\u00a0: Green Lion<\/span><\/strong><\/li>\n<li><strong><span>Sensibilidade:\u00a0<\/span><\/strong><strong><span>~42dB<\/span><\/strong><strong>\u00a0\u00a0<\/strong><\/li>\n<li><strong><span>Alcance: 20m<\/span><\/strong><\/li>\n<li><strong><span>Capacidade da bateria: 60mAh<\/span><\/strong><\/li>\n<li><strong><span>Portas: USB-A\/Tipo-C\/Lightning<\/span><\/strong><\/li>\n<\/ul>\n<h2 id=\"table_of_content_heading_1691419851722_3761\" data-anchor=\"true\"><span class=\"text-o-color-1 o_default_snippet_text\"><span>Caracter\u00edsticas<\/span><\/span><\/h2>\n<ul>\n<li><strong><span>Altamente Sens\u00edvel\u00a0<\/span><\/strong><\/li>\n<li><strong><span>Timbre claro\u00a0<\/span><\/strong><\/li>\n<li><strong><span>Plug &amp; Play<\/span><\/strong><\/li>\n<li><strong><span>Bateria de longa dura\u00e7\u00e3o<\/span><\/strong><\/li>\n<\/ul>\n<\/section>\n<\/div>\n<\/div>\n<\/div>\n<\/section>\n<\/div>\n<div id=\"oe_structure_website_sale_recommended_products\" class=\"oe_structure oe_structure_solo oe_unremovable oe_unmovable\"><\/div>\n<div id=\"oe_structure_website_sale_product_2\" class=\"oe_structure oe_empty oe_structure_not_nearest mt16\" data-editor-message=\"DROP BUILDING BLOCKS HERE TO MAKE THEM AVAILABLE ACROSS ALL PRODUCTS\">\n<section class=\"s_text_block o_colored_level d-none o_snippet_mobile_invisible pt0 d-lg-block pb0\" data-snippet=\"s_text_block\" data-name=\"Text\" data-invisible=\"1\">\n<div class=\"s_allow_columns container\">\n<div class=\"row o_grid_mode\" data-row-count=\"7\">\n<div class=\"o_grid_item o_colored_level rounded g-height-7 g-col-lg-10 o_cc o_cc5 border col-lg-10\"><\/div>\n<div class=\"o_grid_item o_colored_level g-height-3 g-col-lg-5 col-lg-5\"><\/div>\n<\/div>\n<\/div>\n<\/section>\n<\/div>\n","protected":false},"excerpt":{"rendered":"<p>O Microfone Sem Fio 3 em 1 Green Lion \u00e9 um dispositivo de \u00e1udio inovador, projetado para captura de som superior e versatilidade. Um de seus recursos de destaque s\u00e3o as tr\u00eas portas diferentes \u2013 USB-A, Tipo C e Lightning \u2013 que atendem a diversas necessidades de conectividade. Essas m\u00faltiplas portas oferecem flexibilidade incompar\u00e1vel, tornando-o [&#8230;]\n","protected":false},"featured_media":4830,"comment_status":"open","ping_status":"closed","template":"","meta":{"om_disable_all_campaigns":false,"_monsterinsights_skip_tracking":false,"_monsterinsights_sitenote_active":false,"_monsterinsights_sitenote_note":"","_monsterinsights_sitenote_category":0,"_joinchat":[]},"product_brand":[481],"product_cat":[473],"product_tag":[],"class_list":{"0":"post-4825","1":"product","2":"type-product","3":"status-publish","4":"has-post-thumbnail","6":"product_brand-green-lion","7":"product_cat-microfones-acessorios-smartphones","9":"first","10":"instock","11":"taxable","12":"shipping-taxable","13":"purchasable","14":"product-type-simple"},"aioseo_notices":[],"jetpack_sharing_enabled":true,"_links":{"self":[{"href":"https:\/\/buetech.pt\/index.php?rest_route=\/wp\/v2\/product\/4825","targetHints":{"allow":["GET"]}}],"collection":[{"href":"https:\/\/buetech.pt\/index.php?rest_route=\/wp\/v2\/product"}],"about":[{"href":"https:\/\/buetech.pt\/index.php?rest_route=\/wp\/v2\/types\/product"}],"replies":[{"embeddable":true,"href":"https:\/\/buetech.pt\/index.php?rest_route=%2Fwp%2Fv2%2Fcomments&post=4825"}],"wp:featuredmedia":[{"embeddable":true,"href":"https:\/\/buetech.pt\/index.php?rest_route=\/wp\/v2\/media\/4830"}],"wp:attachment":[{"href":"https:\/\/buetech.pt\/index.php?rest_route=%2Fwp%2Fv2%2Fmedia&parent=4825"}],"wp:term":[{"taxonomy":"product_brand","embeddable":true,"href":"https:\/\/buetech.pt\/index.php?rest_route=%2Fwp%2Fv2%2Fproduct_brand&post=4825"},{"taxonomy":"product_cat","embeddable":true,"href":"https:\/\/buetech.pt\/index.php?rest_route=%2Fwp%2Fv2%2Fproduct_cat&post=4825"},{"taxonomy":"product_tag","embeddable":true,"href":"https:\/\/buetech.pt\/index.php?rest_route=%2Fwp%2Fv2%2Fproduct_tag&post=4825"}],"curies":[{"name":"wp","href":"https:\/\/api.w.org\/{rel}","templated":true}]}}