{"id":4831,"date":"2025-07-12T12:57:01","date_gmt":"2025-07-12T12:57:01","guid":{"rendered":"https:\/\/buetech.pt\/?post_type=product&#038;p=4831"},"modified":"2025-07-12T12:57:02","modified_gmt":"2025-07-12T12:57:02","slug":"balanca-de-cozinha-digital-green-lion-prata","status":"publish","type":"product","link":"https:\/\/buetech.pt\/?product=balanca-de-cozinha-digital-green-lion-prata","title":{"rendered":"Balan\u00e7a de cozinha digital Green Lion &#8211; Prata"},"content":{"rendered":"<div id=\"product_full_description\" class=\"oe_structure oe_empty mt16\">\n<section class=\"s_table_of_content o_cc o_cc1 o_colored_level pb0 pt0\" data-snippet=\"s_table_of_content\" data-name=\"Description 3\">\n<div class=\"container\">\n<div class=\"row s_nb_column_fixed\">\n<div class=\"col-lg-9 s_table_of_content_main oe_structure oe_empty o_colored_level\" data-name=\"Content\" data-editor-message-default=\"true\" data-editor-message=\"DRAG BUILDING BLOCKS HERE\">\n<section class=\"pb16 o_colored_level\">\n<p class=\"o_default_snippet_text\"><span class=\"text-black\"><span class=\"o_default_snippet_text\"><span>Aprimore seus preparos culin\u00e1rios e assados com a Balan\u00e7a de Cozinha Digital Green Lion, constru\u00edda com materiais resistentes e que combina ABS e a\u00e7o inoxid\u00e1vel profissionalmente. Com revestimento prateado uniforme, esta balan\u00e7a com design atraente suporta at\u00e9 5 kg de peso, o que \u00e9 conveniente para misturar alimentos grandes como massa ou pegar um punhado de nozes. Esta balan\u00e7a de cozinha, que funciona com 2 pilhas AAA, \u00e9 configurada para consist\u00eancia, oferecendo um recurso autom\u00e1tico de economia de energia que desliga quando voc\u00ea n\u00e3o a est\u00e1 usando. Al\u00e9m disso, o LCD facilita ainda mais a an\u00e1lise correta das medidas de cozimento em todas as ocasi\u00f5es. Seja um chef gourmet ou um cozinheiro comum, a Balan\u00e7a de Cozinha Digital Green Lion possui excelente funcionalidade e oferece uma est\u00e9tica elegante que certamente tornar\u00e1 o ato de cozinhar mais prazeroso.<\/span><\/span><\/span><\/p>\n<\/section>\n<section class=\"o_colored_level pb0\">\n<h2 id=\"table_of_content_heading_1681747728173_271\" data-anchor=\"true\"><span class=\"text-o-color-1 o_default_snippet_text\"><span>Especifica\u00e7\u00e3o<\/span><\/span><\/h2>\n<ul>\n<li><span class=\"base-fs\"><strong><span>Material: ABS+SS\u00a0<\/span><\/strong><\/span><\/li>\n<li><span class=\"base-fs\"><strong><span>Alimenta\u00e7\u00e3o: 2 pilhas AAA\u00a0<\/span><\/strong><\/span><\/li>\n<li><span class=\"base-fs\"><strong><span>Gradua\u00e7\u00e3o: 1g<\/span><\/strong><\/span><\/li>\n<li><span class=\"base-fs\"><strong><span>Capacidade: 5 kg\/11 lbs<\/span><\/strong><\/span><\/li>\n<\/ul>\n<h2 id=\"table_of_content_heading_1681747728173_272\" data-anchor=\"true\"><span class=\"text-o-color-1 o_default_snippet_text\"><span>Caracter\u00edsticas<\/span><\/span><\/h2>\n<ul>\n<li><strong><span class=\"base-fs\"><span>Fun\u00e7\u00e3o Tara<\/span><\/span><\/strong><\/li>\n<li><strong><span class=\"base-fs\"><span>Modo de desligamento autom\u00e1tico<\/span><\/span><\/strong><\/li>\n<li><strong><span class=\"base-fs\"><span>Indicador de bateria fraca<\/span><\/span><\/strong><\/li>\n<li><strong><span class=\"base-fs\"><span>Visor digital de f\u00e1cil leitura<\/span><\/span><\/strong><\/li>\n<\/ul>\n<p><img decoding=\"async\" class=\"img img-fluid o_we_custom_image\" title=\"Balan\u00e7a de cozinha digital Green Lion\" src=\"https:\/\/www.greenlion.net\/web\/image\/280921-aa55db43\/Green%20Lion%20Digital%20Kitchen%20Scale%20-%20Silver%20%283%29.jpg?access_token=9225edb2-56fb-4bc7-9c0f-290dfb841bc7\" alt=\"Balan\u00e7a de cozinha digital\" data-mimetype=\"image\/jpeg\" data-original-id=\"280921\" data-original-src=\"\/web\/image\/280921-aa55db43\/Green%20Lion%20Digital%20Kitchen%20Scale%20-%20Silver%20%283%29.jpg\" data-mimetype-before-conversion=\"image\/jpeg\" \/><\/p>\n<\/section>\n<\/div>\n<\/div>\n<\/div>\n<\/section>\n<\/div>\n<div id=\"oe_structure_website_sale_recommended_products\" class=\"oe_structure oe_structure_solo oe_unremovable oe_unmovable\"><\/div>\n<div id=\"oe_structure_website_sale_product_2\" class=\"oe_structure oe_empty oe_structure_not_nearest mt16\" data-editor-message=\"DROP BUILDING BLOCKS HERE TO MAKE THEM AVAILABLE ACROSS ALL PRODUCTS\">\n<section class=\"s_text_block o_colored_level d-none o_snippet_mobile_invisible pt0 d-lg-block pb0\" data-snippet=\"s_text_block\" data-name=\"Text\" data-invisible=\"1\">\n<div class=\"s_allow_columns container\">\n<div class=\"row o_grid_mode\" data-row-count=\"7\">\n<div class=\"o_grid_item o_colored_level rounded g-height-7 g-col-lg-10 o_cc o_cc5 border col-lg-10\"><\/div>\n<\/div>\n<\/div>\n<\/section>\n<\/div>\n","protected":false},"excerpt":{"rendered":"<p>Aprimore seus preparos culin\u00e1rios e assados com a Balan\u00e7a de Cozinha Digital Green Lion, constru\u00edda com materiais resistentes e que combina ABS e a\u00e7o inoxid\u00e1vel profissionalmente. Com revestimento prateado uniforme, esta balan\u00e7a com design atraente suporta at\u00e9 5 kg de peso, o que \u00e9 conveniente para misturar alimentos grandes como massa ou pegar um punhado [&#8230;]\n","protected":false},"featured_media":4833,"comment_status":"open","ping_status":"closed","template":"","meta":{"om_disable_all_campaigns":false,"_monsterinsights_skip_tracking":false,"_monsterinsights_sitenote_active":false,"_monsterinsights_sitenote_note":"","_monsterinsights_sitenote_category":0,"_joinchat":[]},"product_brand":[481],"product_cat":[225],"product_tag":[],"class_list":{"0":"post-4831","1":"product","2":"type-product","3":"status-publish","4":"has-post-thumbnail","6":"product_brand-green-lion","7":"product_cat-aparelhos","9":"first","10":"instock","11":"taxable","12":"shipping-taxable","13":"purchasable","14":"product-type-simple"},"aioseo_notices":[],"jetpack_sharing_enabled":true,"_links":{"self":[{"href":"https:\/\/buetech.pt\/index.php?rest_route=\/wp\/v2\/product\/4831","targetHints":{"allow":["GET"]}}],"collection":[{"href":"https:\/\/buetech.pt\/index.php?rest_route=\/wp\/v2\/product"}],"about":[{"href":"https:\/\/buetech.pt\/index.php?rest_route=\/wp\/v2\/types\/product"}],"replies":[{"embeddable":true,"href":"https:\/\/buetech.pt\/index.php?rest_route=%2Fwp%2Fv2%2Fcomments&post=4831"}],"wp:featuredmedia":[{"embeddable":true,"href":"https:\/\/buetech.pt\/index.php?rest_route=\/wp\/v2\/media\/4833"}],"wp:attachment":[{"href":"https:\/\/buetech.pt\/index.php?rest_route=%2Fwp%2Fv2%2Fmedia&parent=4831"}],"wp:term":[{"taxonomy":"product_brand","embeddable":true,"href":"https:\/\/buetech.pt\/index.php?rest_route=%2Fwp%2Fv2%2Fproduct_brand&post=4831"},{"taxonomy":"product_cat","embeddable":true,"href":"https:\/\/buetech.pt\/index.php?rest_route=%2Fwp%2Fv2%2Fproduct_cat&post=4831"},{"taxonomy":"product_tag","embeddable":true,"href":"https:\/\/buetech.pt\/index.php?rest_route=%2Fwp%2Fv2%2Fproduct_tag&post=4831"}],"curies":[{"name":"wp","href":"https:\/\/api.w.org\/{rel}","templated":true}]}}