{"id":4909,"date":"2025-07-12T15:04:39","date_gmt":"2025-07-12T15:04:39","guid":{"rendered":"https:\/\/buetech.pt\/?post_type=product&#038;p=4909"},"modified":"2025-07-12T15:04:39","modified_gmt":"2025-07-12T15:04:39","slug":"inversor-multifuncional-para-carro-yesido-vc07-200w-ac220v","status":"publish","type":"product","link":"https:\/\/buetech.pt\/?product=inversor-multifuncional-para-carro-yesido-vc07-200w-ac220v","title":{"rendered":"Inversor multifuncional para carro Yesido VC07 200W AC220V"},"content":{"rendered":"<div class=\"product-descriptions flex flex-col gap-y-16px pt-24px tabContent\">\n<div class=\"description\">\n<h5 class=\"system-title\">YESIDO VC07 Inversor de Carro de Alta Pot\u00eancia de 200W com Carregador R\u00e1pido, 2 Portas AC, 2 Portas USB e 2 Portas Type-C<\/h5>\n<div class=\"system-intro\"><\/div>\n<div class=\"system-description\">\n<ul>\n<li>\u3010Inversor de Carro Poderoso de 200W\u3011Projetado para alimentar v\u00e1rios dispositivos durante a viagem, este inversor de carro de 200W possui duas sa\u00eddas CA e duas portas USB-A e duas USB-C compat\u00edveis com carregamento r\u00e1pido QC3.0 e PD. Ideal para carregamento m\u00f3vel e alimenta\u00e7\u00e3o de pequenos eletr\u00f4nicos<\/li>\n<li>\u3010Chip Inteligente para Carregamento Seguro e Eficiente\u3011Integrado com um chip inteligente, este inversor garante uma sa\u00edda de energia est\u00e1vel com seguran\u00e7a aprimorada. O chip ajusta a tens\u00e3o e evita superaquecimento, sobretens\u00e3o e curto-circuito, fornecendo uma fonte de alimenta\u00e7\u00e3o segura e confi\u00e1vel para eletr\u00f4nicos e dispositivos alimentados por USB, garantindo uma opera\u00e7\u00e3o sem preocupa\u00e7\u00f5es<\/li>\n<li>\u3010Interruptor de Energia CA Independente\u3011A sa\u00edda CA possui um interruptor dedicado, permitindo que voc\u00ea a controle sem afetar as portas de carregamento USB. Esse design suporta uso simult\u00e2neo de CA e USB, para que voc\u00ea possa carregar seu telefone ou tablet enquanto opera outros dispositivos sem problemas<\/li>\n<li>\u3010Prote\u00e7\u00e3o Multicamadas para Uso Confi\u00e1vel de Energia\u3011Equipado com prote\u00e7\u00e3o contra sobrecorrente, sobretemperatura, sobretens\u00e3o, sobrecarga e curto-circuito, este inversor mant\u00e9m a estabilidade em uma ampla faixa de condi\u00e7\u00f5es. Ele apresenta prote\u00e7\u00e3o de autorrepara\u00e7\u00e3o, redefinindo automaticamente ap\u00f3s uma sobrecarga, garantindo que seus dispositivos permane\u00e7am protegidos em v\u00e1rios ambientes<\/li>\n<li>\u3010Tamanho Compacto com Longo Alcance do Cabo\u3011Constru\u00eddo com materiais dur\u00e1veis de ABS e PC, este inversor de carro \u00e9 leve e resistente, perfeito para uso durante a viagem. O cabo de 50 cm se estende facilmente do soquete do carro, proporcionando op\u00e7\u00f5es de posicionamento flex\u00edveis para uso conveniente<\/li>\n<\/ul>\n<p><strong>Especifica\u00e7\u00f5es:<\/strong><\/p>\n<ul>\n<li>Material: ABS+PC<\/li>\n<li>Entrada: DC11.5V-15.5V<\/li>\n<li>Sa\u00edda 1: AC 220V 50Hz<\/li>\n<li>Sa\u00edda 2: AC 200W (MAX)<\/li>\n<li>Sa\u00edda 3: 5V\/3A, 9V\/2.67A, 12V\/2A (USB-A*2)<\/li>\n<li>Sa\u00edda 4: 5V\/3A, 9V\/2.67A, 12V\/2A (USB-C*2)<\/li>\n<li>Comprimento do cabo: 50cm<\/li>\n<\/ul>\n<\/div>\n<\/div>\n<\/div>\n<div class=\"specifications flex flex-col gap-y-16px pt-24px tabContent\">\n<h2 class=\"font-bold text-[18px]\">Especifica\u00e7\u00f5es<\/h2>\n<div class=\"specifications flex flex-col gap-y-16px\" data-v-df2c28db=\"\">\n<h2 class=\"font-bold text-[14px]\" data-v-df2c28db=\"\">Geral<\/h2>\n<table class=\"border-[#D9DDE2]]\" data-v-df2c28db=\"\">\n<tbody>\n<tr data-v-df2c28db=\"\">\n<td data-v-df2c28db=\"\">Marca<\/td>\n<td data-v-df2c28db=\"\">YESIDO<\/td>\n<\/tr>\n<tr data-v-df2c28db=\"\">\n<td data-v-df2c28db=\"\">Cor<\/td>\n<td data-v-df2c28db=\"\">Preto<\/td>\n<\/tr>\n<tr data-v-df2c28db=\"\">\n<td data-v-df2c28db=\"\">Carga r\u00e1pida<\/td>\n<td data-v-df2c28db=\"\">Carga R\u00e1pida De PD<\/td>\n<\/tr>\n<tr data-v-df2c28db=\"\">\n<td data-v-df2c28db=\"\">Manual do Usu\u00e1rio (idioma)<\/td>\n<td data-v-df2c28db=\"\">Ingl\u00eas<\/td>\n<\/tr>\n<tr data-v-df2c28db=\"\">\n<td data-v-df2c28db=\"\">EAN<\/td>\n<td data-v-df2c28db=\"\">6942314407622<\/td>\n<\/tr>\n<\/tbody>\n<\/table>\n<\/div>\n<div class=\"specifications flex flex-col gap-y-16px\">\n<h2 class=\"font-bold text-[14px]\">Peso do pacote<\/h2>\n<table class=\"border-[#D9DDE2]]\">\n<tbody>\n<tr>\n<td>Peso Bruto<\/td>\n<td>\n<div class=\"leading-18px\">0.381kg<\/div>\n<\/td>\n<\/tr>\n<tr>\n<td>Um Tamanho de Embalagem<\/td>\n<td>\n<div class=\"leading-18px\">19.00cm * 8.00cm * 6.30cm \/ 7.48inch * 3.15inch * 2.48inch<\/div>\n<\/td>\n<\/tr>\n<tr>\n<td>Quantidade por Caixa<\/td>\n<td>\n<div class=\"leading-18px\">64<\/div>\n<\/td>\n<\/tr>\n<tr>\n<td>Tamanho da Caixa<\/td>\n<td>\n<div class=\"leading-18px\">59.00cm * 40.00cm * 34.00cm \/ 23.23inch * 15.75inch * 13.39inch<\/div>\n<\/td>\n<\/tr>\n<tr>\n<td>Tipo de Embalagem<\/td>\n<td>\n<div class=\"leading-18px\">Colored Box<\/div>\n<\/td>\n<\/tr>\n<tr>\n<td>Pacote inclu\u00eddo<\/td>\n<td>\n<div>\n<div class=\"leading-18px\">1 x Inversor de carro<\/div>\n<div class=\"leading-18px\">1 x Manual do usu\u00e1rio em ingl\u00eas<\/div>\n<div class=\"leading-18px\">Outros itens n\u00e3o inclu\u00eddos<\/div>\n<\/div>\n<\/td>\n<\/tr>\n<\/tbody>\n<\/table>\n<\/div>\n<\/div>\n","protected":false},"excerpt":{"rendered":"<p>YESIDO VC07 Inversor de Carro de Alta Pot\u00eancia de 200W com Carregador R\u00e1pido, 2 Portas AC, 2 Portas USB e 2 Portas Type-C \u3010Inversor de Carro Poderoso de 200W\u3011Projetado para alimentar v\u00e1rios dispositivos durante a viagem, este inversor de carro de 200W possui duas sa\u00eddas CA e duas portas USB-A e duas USB-C compat\u00edveis com [&#8230;]\n","protected":false},"featured_media":4931,"comment_status":"open","ping_status":"closed","template":"","meta":{"om_disable_all_campaigns":false,"_monsterinsights_skip_tracking":false,"_monsterinsights_sitenote_active":false,"_monsterinsights_sitenote_note":"","_monsterinsights_sitenote_category":0,"_joinchat":[]},"product_brand":[486],"product_cat":[425],"product_tag":[],"class_list":{"0":"post-4909","1":"product","2":"type-product","3":"status-publish","4":"has-post-thumbnail","6":"product_brand-yesido","7":"product_cat-inversores","9":"first","10":"instock","11":"taxable","12":"shipping-taxable","13":"purchasable","14":"product-type-simple"},"aioseo_notices":[],"jetpack_sharing_enabled":true,"_links":{"self":[{"href":"https:\/\/buetech.pt\/index.php?rest_route=\/wp\/v2\/product\/4909","targetHints":{"allow":["GET"]}}],"collection":[{"href":"https:\/\/buetech.pt\/index.php?rest_route=\/wp\/v2\/product"}],"about":[{"href":"https:\/\/buetech.pt\/index.php?rest_route=\/wp\/v2\/types\/product"}],"replies":[{"embeddable":true,"href":"https:\/\/buetech.pt\/index.php?rest_route=%2Fwp%2Fv2%2Fcomments&post=4909"}],"wp:featuredmedia":[{"embeddable":true,"href":"https:\/\/buetech.pt\/index.php?rest_route=\/wp\/v2\/media\/4931"}],"wp:attachment":[{"href":"https:\/\/buetech.pt\/index.php?rest_route=%2Fwp%2Fv2%2Fmedia&parent=4909"}],"wp:term":[{"taxonomy":"product_brand","embeddable":true,"href":"https:\/\/buetech.pt\/index.php?rest_route=%2Fwp%2Fv2%2Fproduct_brand&post=4909"},{"taxonomy":"product_cat","embeddable":true,"href":"https:\/\/buetech.pt\/index.php?rest_route=%2Fwp%2Fv2%2Fproduct_cat&post=4909"},{"taxonomy":"product_tag","embeddable":true,"href":"https:\/\/buetech.pt\/index.php?rest_route=%2Fwp%2Fv2%2Fproduct_tag&post=4909"}],"curies":[{"name":"wp","href":"https:\/\/api.w.org\/{rel}","templated":true}]}}