{"id":4916,"date":"2025-07-12T14:56:46","date_gmt":"2025-07-12T14:56:46","guid":{"rendered":"https:\/\/buetech.pt\/?post_type=product&#038;p=4916"},"modified":"2025-07-12T14:56:46","modified_gmt":"2025-07-12T14:56:46","slug":"relogio-e-carregador-sem-fio-yesido-ds23-3-em-1-com-carregador-para-smartwatch-samsung","status":"publish","type":"product","link":"https:\/\/buetech.pt\/?product=relogio-e-carregador-sem-fio-yesido-ds23-3-em-1-com-carregador-para-smartwatch-samsung","title":{"rendered":"Rel\u00f3gio e Carregador sem fio YESIDO DS23 3 em 1 com carregador para Smartwatch Samsung"},"content":{"rendered":"<div class=\"OverviewTab_overviewDescriptionCtr__d5ELj\">\n<div class=\"OverviewDescription_overviewDescriptionWrapper__q3hFo\">\n<h3 class=\"OverviewDescription_overviewDesc__S6sdv\"><span>DS23 5 em 1, carregamento r\u00e1pido de 20 W, ajuste de \u00e2ngulo duplo, design com resfriamento triplo, carregador sem fio tipo rel\u00f3gio, liga de alum\u00ednio. Para celular, rel\u00f3gio (Sam), carregamento TWS. Com rel\u00f3gio e luz LED. Pot\u00eancia m\u00e1xima total de 20 W. Celular: m\u00e1x. 15 W. Rel\u00f3gio: m\u00e1x. 2,5 W. TWS: m\u00e1x. 3 W.<\/span><\/h3>\n<\/div>\n<\/div>\n<div class=\"OverviewTab_highlightsCtr__ELeP2\">\n<h3 class=\"OverviewTab_columnTitle__oz0uc\"><span>Destaques<\/span><\/h3>\n<ul>\n<li><span>DS23 5 em 1 20 W Carregamento r\u00e1pido Ajuste de \u00e2ngulo duplo Design de resfriamento triplo Rel\u00f3gio Carregador sem fio<\/span><\/li>\n<li><span>Liga de alum\u00ednio.<\/span><\/li>\n<li><span>Para celular, rel\u00f3gio (Sam), carregamento TWS.<\/span><\/li>\n<li><span>Com rel\u00f3gio de ponto e luz LED.<\/span><\/li>\n<li><span>Total M\u00e1x. 20W.<\/span><\/li>\n<li><span>M\u00f3vel: m\u00e1x. 15 W.<\/span><\/li>\n<li><span>Rel\u00f3gio: m\u00e1x. 2,5 W.<\/span><\/li>\n<li><span>TWS: M\u00e1x. 3W.<\/span><\/li>\n<\/ul>\n<\/div>\n","protected":false},"excerpt":{"rendered":"<p>DS23 5 em 1, carregamento r\u00e1pido de 20 W, ajuste de \u00e2ngulo duplo, design com resfriamento triplo, carregador sem fio tipo rel\u00f3gio, liga de alum\u00ednio. Para celular, rel\u00f3gio (Sam), carregamento TWS. Com rel\u00f3gio e luz LED. Pot\u00eancia m\u00e1xima total de 20 W. Celular: m\u00e1x. 15 W. Rel\u00f3gio: m\u00e1x. 2,5 W. TWS: m\u00e1x. 3 W. Destaques [&#8230;]\n","protected":false},"featured_media":4928,"comment_status":"open","ping_status":"closed","template":"","meta":{"om_disable_all_campaigns":false,"_monsterinsights_skip_tracking":false,"_monsterinsights_sitenote_active":false,"_monsterinsights_sitenote_note":"","_monsterinsights_sitenote_category":0,"_joinchat":[]},"product_brand":[486],"product_cat":[352],"product_tag":[],"class_list":{"0":"post-4916","1":"product","2":"type-product","3":"status-publish","4":"has-post-thumbnail","6":"product_brand-yesido","7":"product_cat-carregadores","9":"first","10":"instock","11":"taxable","12":"shipping-taxable","13":"purchasable","14":"product-type-simple"},"aioseo_notices":[],"jetpack_sharing_enabled":true,"_links":{"self":[{"href":"https:\/\/buetech.pt\/index.php?rest_route=\/wp\/v2\/product\/4916","targetHints":{"allow":["GET"]}}],"collection":[{"href":"https:\/\/buetech.pt\/index.php?rest_route=\/wp\/v2\/product"}],"about":[{"href":"https:\/\/buetech.pt\/index.php?rest_route=\/wp\/v2\/types\/product"}],"replies":[{"embeddable":true,"href":"https:\/\/buetech.pt\/index.php?rest_route=%2Fwp%2Fv2%2Fcomments&post=4916"}],"wp:featuredmedia":[{"embeddable":true,"href":"https:\/\/buetech.pt\/index.php?rest_route=\/wp\/v2\/media\/4928"}],"wp:attachment":[{"href":"https:\/\/buetech.pt\/index.php?rest_route=%2Fwp%2Fv2%2Fmedia&parent=4916"}],"wp:term":[{"taxonomy":"product_brand","embeddable":true,"href":"https:\/\/buetech.pt\/index.php?rest_route=%2Fwp%2Fv2%2Fproduct_brand&post=4916"},{"taxonomy":"product_cat","embeddable":true,"href":"https:\/\/buetech.pt\/index.php?rest_route=%2Fwp%2Fv2%2Fproduct_cat&post=4916"},{"taxonomy":"product_tag","embeddable":true,"href":"https:\/\/buetech.pt\/index.php?rest_route=%2Fwp%2Fv2%2Fproduct_tag&post=4916"}],"curies":[{"name":"wp","href":"https:\/\/api.w.org\/{rel}","templated":true}]}}