{"id":4929,"date":"2025-07-12T15:11:16","date_gmt":"2025-07-12T15:11:16","guid":{"rendered":"https:\/\/buetech.pt\/?post_type=product&#038;p=4929"},"modified":"2025-07-12T15:11:17","modified_gmt":"2025-07-12T15:11:17","slug":"cabo-usb-a-para-micro-tough-green-lion-1m-preto","status":"publish","type":"product","link":"https:\/\/buetech.pt\/?product=cabo-usb-a-para-micro-tough-green-lion-1m-preto","title":{"rendered":"Cabo USB-A para Micro Tough Green Lion 1m &#8211; Preto"},"content":{"rendered":"<section class=\"o_colored_level pb0\"><span class=\"text-black\"><span>O Cabo USB-A para Micro USB-A da Green Lion (1 m) \u00e9 extremamente resistente, com capacidade de carregamento r\u00e1pido e ideal para sua durabilidade. Este cabo possui um conector USB-A para Micro USB e oferece uma corrente de carregamento de at\u00e9 3 A. A liga de pl\u00e1stico transparente e alum\u00ednio, com 48 fios tran\u00e7ados, garante resist\u00eancia e flexibilidade. A transfer\u00eancia m\u00e1xima de dados do cabo \u00e9 de 480 Mbps, facilitando a sincroniza\u00e7\u00e3o em alta velocidade entre dispositivos ou a transfer\u00eancia r\u00e1pida de arquivos, al\u00e9m de garantir seguran\u00e7a durante todo o uso.<\/span><\/span><\/p>\n<\/section>\n<section class=\"o_colored_level pb0\">\n<h2 id=\"table_of_content_heading_1681747728173_271\" data-anchor=\"true\"><span class=\"text-o-color-1\"><span>Especifica\u00e7\u00e3o<\/span><\/span><\/h2>\n<ul>\n<li><strong><span>Tipo: USB-A para Micro<\/span><\/strong><\/li>\n<li><strong><span>Comprimento: 1M<\/span><\/strong><\/li>\n<li><strong><span>Corrente: 3A<\/span><\/strong><\/li>\n<li><strong><span>Material: Transparente + Liga de Alum\u00ednio + 48 Tran\u00e7ado<\/span><\/strong><\/li>\n<\/ul>\n<h2 id=\"table_of_content_heading_1681747728173_272\" data-anchor=\"true\"><span class=\"text-o-color-1\"><span>Caracter\u00edsticas<\/span><\/span><\/h2>\n<ul>\n<li><strong><span>Seguro e protegido<\/span><\/strong><\/li>\n<li><strong><span>Carregar e sincronizar<\/span><\/strong><\/li>\n<li><strong><span>Velocidade de transfer\u00eancia de 480 Mbps<\/span><\/strong><\/li>\n<\/ul>\n<\/section>\n","protected":false},"excerpt":{"rendered":"<p>O Cabo USB-A para Micro USB-A da Green Lion (1 m) \u00e9 extremamente resistente, com capacidade de carregamento r\u00e1pido e ideal para sua durabilidade. Este cabo possui um conector USB-A para Micro USB e oferece uma corrente de carregamento de at\u00e9 3 A. A liga de pl\u00e1stico transparente e alum\u00ednio, com 48 fios tran\u00e7ados, garante [&#8230;]\n","protected":false},"featured_media":4944,"comment_status":"open","ping_status":"closed","template":"","meta":{"om_disable_all_campaigns":false,"_monsterinsights_skip_tracking":false,"_monsterinsights_sitenote_active":false,"_monsterinsights_sitenote_note":"","_monsterinsights_sitenote_category":0,"_joinchat":[]},"product_brand":[481],"product_cat":[392],"product_tag":[],"class_list":{"0":"post-4929","1":"product","2":"type-product","3":"status-publish","4":"has-post-thumbnail","6":"product_brand-green-lion","7":"product_cat-cabos-micro-usb","9":"first","10":"instock","11":"taxable","12":"shipping-taxable","13":"purchasable","14":"product-type-simple"},"aioseo_notices":[],"jetpack_sharing_enabled":true,"_links":{"self":[{"href":"https:\/\/buetech.pt\/index.php?rest_route=\/wp\/v2\/product\/4929","targetHints":{"allow":["GET"]}}],"collection":[{"href":"https:\/\/buetech.pt\/index.php?rest_route=\/wp\/v2\/product"}],"about":[{"href":"https:\/\/buetech.pt\/index.php?rest_route=\/wp\/v2\/types\/product"}],"replies":[{"embeddable":true,"href":"https:\/\/buetech.pt\/index.php?rest_route=%2Fwp%2Fv2%2Fcomments&post=4929"}],"wp:featuredmedia":[{"embeddable":true,"href":"https:\/\/buetech.pt\/index.php?rest_route=\/wp\/v2\/media\/4944"}],"wp:attachment":[{"href":"https:\/\/buetech.pt\/index.php?rest_route=%2Fwp%2Fv2%2Fmedia&parent=4929"}],"wp:term":[{"taxonomy":"product_brand","embeddable":true,"href":"https:\/\/buetech.pt\/index.php?rest_route=%2Fwp%2Fv2%2Fproduct_brand&post=4929"},{"taxonomy":"product_cat","embeddable":true,"href":"https:\/\/buetech.pt\/index.php?rest_route=%2Fwp%2Fv2%2Fproduct_cat&post=4929"},{"taxonomy":"product_tag","embeddable":true,"href":"https:\/\/buetech.pt\/index.php?rest_route=%2Fwp%2Fv2%2Fproduct_tag&post=4929"}],"curies":[{"name":"wp","href":"https:\/\/api.w.org\/{rel}","templated":true}]}}