{"id":4943,"date":"2025-07-12T15:15:15","date_gmt":"2025-07-12T15:15:15","guid":{"rendered":"https:\/\/buetech.pt\/?post_type=product&#038;p=4943"},"modified":"2025-07-12T15:15:15","modified_gmt":"2025-07-12T15:15:15","slug":"cabo-de-carregamento-usb-c-para-apple-watch-iwatch-branco","status":"publish","type":"product","link":"https:\/\/buetech.pt\/?product=cabo-de-carregamento-usb-c-para-apple-watch-iwatch-branco","title":{"rendered":"Cabo de carregamento USB-C para Apple Watch (iWatch) Branco"},"content":{"rendered":"<div class=\"OverviewTab_container__2ewCs\">\n<div class=\"OverviewTab_row__8vjA3\">\n<div class=\"OverviewTab_overviewDescriptionCtr__d5ELj\">\n<div class=\"OverviewDescription_overviewDescriptionWrapper__q3hFo\">\n<h4 class=\"OverviewDescription_overviewDesc__S6sdv\"><span>Carregue seu iWatch com facilidade usando o carregador USB-C para iWatch da Green Lion. Este elegante carregador branco possui um cabo tran\u00e7ado de 1 metro com di\u00e2metro externo de 3,0 mil\u00edmetros, garantindo durabilidade e flexibilidade para mais de 10.000 dobras. Com uma pot\u00eancia m\u00e1xima de 5 W, este carregador sem fio carrega seu iWatch com efici\u00eancia. Seu design compacto e funcionalidade sem fio o tornam uma solu\u00e7\u00e3o de carregamento conveniente para seu smartwatch.<\/span><\/h4>\n<\/div>\n<\/div>\n<div class=\"OverviewTab_highlightsCtr__ELeP2\">\n<h3 class=\"OverviewTab_columnTitle__oz0uc\"><span>Destaques<\/span><\/h3>\n<ul>\n<li><span>Capacidade de carregamento sem fio: este carregador USB C para sem fio permite que voc\u00ea carregue seus dispositivos compat\u00edveis sem fio com uma pot\u00eancia m\u00e1xima de sa\u00edda de 5 W.<\/span><\/li>\n<li><span>Cabo tran\u00e7ado dur\u00e1vel: o cabo de 1 metro de comprimento apresenta um design tran\u00e7ado com um di\u00e2metro externo de 3,0 mm, garantindo durabilidade e flexibilidade duradouras com mais de 10.000 dobras.<\/span><\/li>\n<li><span>Compatibilidade: adequado para carregar dispositivos Apple Watch compat\u00edveis com tecnologia de carregamento sem fio.<\/span><\/li>\n<li><span>Compacto e port\u00e1til: o tamanho compacto do carregador facilita o transporte e o uso em viagens ou em qualquer lugar.<\/span><\/li>\n<\/ul>\n<\/div>\n<\/div>\n<\/div>\n<div class=\"SpecificationsTab_container__uBaMs\">\n<h3 class=\"SpecificationsTab_label__L1sWZ\"><span>Especifica\u00e7\u00f5es<\/span><\/h3>\n<div class=\"SpecificationsTab_tableCtr__L9BeQ\">\n<div class=\"SpecificationsTab_column__k2ADo\">\n<table>\n<tbody>\n<tr>\n<td class=\"SpecificationsTab_specName__AHFgu\"><span>O que est\u00e1 na caixa<\/span><\/td>\n<td class=\"SpecificationsTab_specValue__IMRv5\"><span>Cabo de carregamento para iWatch x 1<\/span><\/td>\n<\/tr>\n<\/tbody>\n<\/table>\n<\/div>\n<\/div>\n<\/div>\n","protected":false},"excerpt":{"rendered":"<p>Carregue seu iWatch com facilidade usando o carregador USB-C para iWatch da Green Lion. Este elegante carregador branco possui um cabo tran\u00e7ado de 1 metro com di\u00e2metro externo de 3,0 mil\u00edmetros, garantindo durabilidade e flexibilidade para mais de 10.000 dobras. Com uma pot\u00eancia m\u00e1xima de 5 W, este carregador sem fio carrega seu iWatch com [&#8230;]\n","protected":false},"featured_media":4946,"comment_status":"open","ping_status":"closed","template":"","meta":{"om_disable_all_campaigns":false,"_monsterinsights_skip_tracking":false,"_monsterinsights_sitenote_active":false,"_monsterinsights_sitenote_note":"","_monsterinsights_sitenote_category":0,"_joinchat":[]},"product_brand":[481],"product_cat":[352],"product_tag":[],"class_list":{"0":"post-4943","1":"product","2":"type-product","3":"status-publish","4":"has-post-thumbnail","6":"product_brand-green-lion","7":"product_cat-carregadores","9":"first","10":"instock","11":"taxable","12":"shipping-taxable","13":"purchasable","14":"product-type-simple"},"aioseo_notices":[],"jetpack_sharing_enabled":true,"_links":{"self":[{"href":"https:\/\/buetech.pt\/index.php?rest_route=\/wp\/v2\/product\/4943","targetHints":{"allow":["GET"]}}],"collection":[{"href":"https:\/\/buetech.pt\/index.php?rest_route=\/wp\/v2\/product"}],"about":[{"href":"https:\/\/buetech.pt\/index.php?rest_route=\/wp\/v2\/types\/product"}],"replies":[{"embeddable":true,"href":"https:\/\/buetech.pt\/index.php?rest_route=%2Fwp%2Fv2%2Fcomments&post=4943"}],"wp:featuredmedia":[{"embeddable":true,"href":"https:\/\/buetech.pt\/index.php?rest_route=\/wp\/v2\/media\/4946"}],"wp:attachment":[{"href":"https:\/\/buetech.pt\/index.php?rest_route=%2Fwp%2Fv2%2Fmedia&parent=4943"}],"wp:term":[{"taxonomy":"product_brand","embeddable":true,"href":"https:\/\/buetech.pt\/index.php?rest_route=%2Fwp%2Fv2%2Fproduct_brand&post=4943"},{"taxonomy":"product_cat","embeddable":true,"href":"https:\/\/buetech.pt\/index.php?rest_route=%2Fwp%2Fv2%2Fproduct_cat&post=4943"},{"taxonomy":"product_tag","embeddable":true,"href":"https:\/\/buetech.pt\/index.php?rest_route=%2Fwp%2Fv2%2Fproduct_tag&post=4943"}],"curies":[{"name":"wp","href":"https:\/\/api.w.org\/{rel}","templated":true}]}}