{"id":4948,"date":"2025-07-12T15:19:08","date_gmt":"2025-07-12T15:19:08","guid":{"rendered":"https:\/\/buetech.pt\/?post_type=product&#038;p=4948"},"modified":"2025-07-12T15:19:08","modified_gmt":"2025-07-12T15:19:08","slug":"auriculares-green-lion-active-duo-pro2-smartwatch-ultra-active","status":"publish","type":"product","link":"https:\/\/buetech.pt\/?product=auriculares-green-lion-active-duo-pro2-smartwatch-ultra-active","title":{"rendered":"Auriculares Green Lion Active Duo Pro2+ Smartwatch Ultra Active"},"content":{"rendered":"<section class=\"pb16 o_colored_level\">\n<p class=\"o_default_snippet_text\"><span class=\"text-black\"><span class=\"o_default_snippet_text\"><span>O Ultra Active Smart Watch, com tela IPS de 2,01&#8243; de alta resolu\u00e7\u00e3o, mem\u00f3ria flash de 64 MB e bateria de pol\u00edmero de \u00edons de l\u00edtio de 350 mAh, oferece funcionalidades de ponta, incluindo Bluetooth 5.0, monitoramento de frequ\u00eancia card\u00edaca e sono, monitoramento da temperatura corporal, recursos NFC e tela sempre ativa. Ele tamb\u00e9m conta com classifica\u00e7\u00e3o IP67, carregamento sem fio e fun\u00e7\u00e3o ChatGPT para assist\u00eancia inteligente. Complementando isso, os Earbuds Pro 2 de 2\u00aa gera\u00e7\u00e3o oferecem at\u00e9 5 horas de reprodu\u00e7\u00e3o por carga, com um estojo de carregamento que estende esse tempo para 20 horas. Equipados com Bluetooth 5.3 para um alcance estendido de 25 metros, esses fones de ouvido v\u00eam com um cabo de carregamento Tipo C e quatro tamanhos de pontas auriculares de silicone, garantindo qualidade de \u00e1udio e conforto excepcionais.<\/span><\/span><\/span><\/p>\n<\/section>\n<section class=\"o_colored_level pb0\">\n<h2 data-start=\"61\" data-end=\"81\"><span>Especifica\u00e7\u00e3o\u00a0<\/span><\/h2>\n<p data-start=\"83\" data-end=\"325\"><span>Rel\u00f3gio Inteligente Ultra Ativo:<\/span><br data-start=\"112\" data-end=\"115\" \/><span>\ud83d\udcbe Mem\u00f3ria Flash: 64 MB<\/span><br data-start=\"136\" data-end=\"139\" \/><span>\ud83d\udcf1 Tamanho da Tela: 2,01\u2033<\/span><br data-start=\"160\" data-end=\"163\" \/><span>\ud83d\udda5\ufe0f Resolu\u00e7\u00e3o: IPS 240 \u00d7 296<\/span><br data-start=\"192\" data-end=\"195\" \/><span>\ud83d\udd35 Bluetooth: BT 5.0<\/span><br data-start=\"215\" data-end=\"218\" \/><span>\ud83d\udd0b Tipo de Bateria: Bateria de Pol\u00edmero de \u00cdons de L\u00edtio<\/span><br data-start=\"262\" data-end=\"265\" \/><span>\u26a1 Capacidade: 350 mAh<\/span><br data-start=\"283\" data-end=\"286\" \/><span>\ud83d\udd0c M\u00e9todo de Carregamento: Carregamento Sem Fio<\/span><\/p>\n<p data-start=\"327\" data-end=\"594\"><span>Fones de ouvido Pro 2 de 2\u00aa gera\u00e7\u00e3o:<\/span><br data-start=\"353\" data-end=\"356\" \/><span>\ud83c\udfa7 Bateria do fone de ouvido: at\u00e9 5 horas<\/span><br data-start=\"388\" data-end=\"391\" \/><span>\ud83d\udd0b Bateria do estojo de carregamento: at\u00e9 20 horas<\/span><br data-start=\"431\" data-end=\"434\" \/><span>\ud83c\udf81 Acess\u00f3rios inclu\u00eddos: al\u00e7a de cord\u00e3o, pontas auriculares de silicone (XS, P, M, G)<\/span><br data-start=\"504\" data-end=\"507\" \/><span>\ud83d\udd35 Vers\u00e3o do Bluetooth: 5.3<\/span><br data-start=\"532\" data-end=\"535\" \/><span>\ud83d\udcf6 Alcance do Bluetooth: at\u00e9 25 m<\/span><br data-start=\"564\" data-end=\"567\" \/><span>\ud83d\udd0c Carregamento: cabo tipo C<\/span><\/p>\n<p data-start=\"596\" data-end=\"623\"><span>\ud83d\udce6 EAN: 6935100188591<\/span><\/p>\n<hr data-start=\"625\" data-end=\"628\" \/>\n<h2 data-start=\"630\" data-end=\"644\"><span>Caracter\u00edsticas\u00a0<\/span><\/h2>\n<p data-start=\"646\" data-end=\"910\"><span>Recursos do rel\u00f3gio inteligente ultra ativo:<\/span><br data-start=\"684\" data-end=\"687\" \/><span>\ud83d\udd35 Bluetooth V5.0<\/span><br data-start=\"704\" data-end=\"707\" \/><span>\ud83d\udc41\ufe0f Always On Display<\/span><br data-start=\"728\" data-end=\"731\" \/><span>\ud83d\udcf8 C\u00e2mera Bluetooth<\/span><br data-start=\"750\" data-end=\"753\" \/><span>\u2764\ufe0f Monitor de frequ\u00eancia card\u00edaca<\/span><br data-start=\"774\" data-end=\"777\" \/><span>\ud83d\ude34 Monitor de sono<\/span><br data-start=\"793\" data-end=\"796\" \/><span>\ud83d\udcf3 NFC m\u00faltiplo<\/span><br data-start=\"811\" data-end=\"814\" \/><span>\ud83c\udf21\ufe0f Sensor de temperatura corporal<\/span><br data-start=\"841\" data-end=\"844\" \/><span>\ud83d\udecf\ufe0f Modo de l\u00e2mpada de cabeceira<\/span><br data-start=\"865\" data-end=\"868\" \/><span>\ud83d\udca7 \u00c0 prova d&#8217;\u00e1gua IP67<\/span><br data-start=\"886\" data-end=\"889\" \/>\n<\/p>\n<\/section>\n","protected":false},"excerpt":{"rendered":"<p>O Ultra Active Smart Watch, com tela IPS de 2,01&#8243; de alta resolu\u00e7\u00e3o, mem\u00f3ria flash de 64 MB e bateria de pol\u00edmero de \u00edons de l\u00edtio de 350 mAh, oferece funcionalidades de ponta, incluindo Bluetooth 5.0, monitoramento de frequ\u00eancia card\u00edaca e sono, monitoramento da temperatura corporal, recursos NFC e tela sempre ativa. Ele tamb\u00e9m conta [&#8230;]\n","protected":false},"featured_media":4950,"comment_status":"open","ping_status":"closed","template":"","meta":{"om_disable_all_campaigns":false,"_monsterinsights_skip_tracking":false,"_monsterinsights_sitenote_active":false,"_monsterinsights_sitenote_note":"","_monsterinsights_sitenote_category":0,"_joinchat":[]},"product_brand":[481],"product_cat":[132,109],"product_tag":[],"class_list":{"0":"post-4948","1":"product","2":"type-product","3":"status-publish","4":"has-post-thumbnail","6":"product_brand-green-lion","7":"product_cat-auriculares-auscultadores","8":"product_cat-smartwatches-smartwatches-smartbands","10":"first","11":"instock","12":"taxable","13":"shipping-taxable","14":"purchasable","15":"product-type-simple"},"aioseo_notices":[],"jetpack_sharing_enabled":true,"_links":{"self":[{"href":"https:\/\/buetech.pt\/index.php?rest_route=\/wp\/v2\/product\/4948","targetHints":{"allow":["GET"]}}],"collection":[{"href":"https:\/\/buetech.pt\/index.php?rest_route=\/wp\/v2\/product"}],"about":[{"href":"https:\/\/buetech.pt\/index.php?rest_route=\/wp\/v2\/types\/product"}],"replies":[{"embeddable":true,"href":"https:\/\/buetech.pt\/index.php?rest_route=%2Fwp%2Fv2%2Fcomments&post=4948"}],"wp:featuredmedia":[{"embeddable":true,"href":"https:\/\/buetech.pt\/index.php?rest_route=\/wp\/v2\/media\/4950"}],"wp:attachment":[{"href":"https:\/\/buetech.pt\/index.php?rest_route=%2Fwp%2Fv2%2Fmedia&parent=4948"}],"wp:term":[{"taxonomy":"product_brand","embeddable":true,"href":"https:\/\/buetech.pt\/index.php?rest_route=%2Fwp%2Fv2%2Fproduct_brand&post=4948"},{"taxonomy":"product_cat","embeddable":true,"href":"https:\/\/buetech.pt\/index.php?rest_route=%2Fwp%2Fv2%2Fproduct_cat&post=4948"},{"taxonomy":"product_tag","embeddable":true,"href":"https:\/\/buetech.pt\/index.php?rest_route=%2Fwp%2Fv2%2Fproduct_tag&post=4948"}],"curies":[{"name":"wp","href":"https:\/\/api.w.org\/{rel}","templated":true}]}}